{"id":8566,"date":"2013-05-31T11:57:37","date_gmt":"2013-05-31T11:57:37","guid":{"rendered":"http:\/\/impreza.us-themes.net\/pages\/about\/"},"modified":"2026-05-04T15:30:05","modified_gmt":"2026-05-04T18:30:05","slug":"nosotros","status":"publish","type":"page","link":"https:\/\/www.todovalvulas.com.ar\/site\/nosotros\/","title":{"rendered":"Nosotros"},"content":{"rendered":"<section class=\"l-section wpb_row height_custom width_custom color_alternate with_img\" style=\"--site-content-width:1200px;\"><div class=\"l-section-img\" role=\"img\" aria-label=\"Imagen\" data-img-width=\"1903\" data-img-height=\"480\" style=\"background-image: url(https:\/\/www.todovalvulas.com.ar\/site\/wp-content\/uploads\/2025\/01\/encabezado_muestras.webp);\"><\/div><div class=\"l-section-h i-cf\"><div class=\"g-cols vc_row via_grid cols_1 laptops-cols_inherit tablets-cols_inherit mobiles-cols_1 valign_top type_default stacking_default\"><div class=\"wpb_column vc_column_container\"><div class=\"vc_column-inner\"><h1 class=\"w-post-elm post_title us_custom_6df4bc3a has_text_color align_center entry-title color_link_inherit\">Nosotros<\/h1><\/div><\/div><\/div><\/div><\/section><section class=\"l-section wpb_row height_small width_custom\" style=\"--site-content-width:1200px;\" id=\"first\"><div class=\"l-section-h i-cf\"><div class=\"g-cols vc_row via_grid cols_2 laptops-cols_inherit tablets-cols_inherit mobiles-cols_1 valign_top type_default stacking_default\"><div class=\"wpb_column vc_column_container\"><div class=\"vc_column-inner\"><div class=\"wpb_text_column us_custom_8b3d6790 has_text_color\"><div class=\"wpb_wrapper\"><h4 style=\"text-align: left;\">\u00bfQui\u00e9nes Somos?<\/h4>\n<\/div><\/div><div class=\"w-separator size_small\"><\/div><div class=\"wpb_text_column\"><div class=\"wpb_wrapper\"><h5>En <strong>Todov\u00e1lvulas<\/strong>, somos la divisi\u00f3n industrial de <strong>Todoriego<\/strong>, especializada en la distribuci\u00f3n de productos para el control y conducci\u00f3n de fluidos con principal foco en el manejo de agua potable y servida.<\/h5>\n<\/div><\/div><div class=\"w-separator size_small with_line width_50 thick_1 style_solid color_border align_left\"><div class=\"w-separator-h\"><\/div><\/div><div class=\"wpb_text_column\"><div class=\"wpb_wrapper\"><p>Con casi <strong>10 a\u00f1os de experiencia en el rubro<\/strong>, nuestro objetivo es brindar soluciones efectivas para cada desaf\u00edo vinculado a la impulsi\u00f3n, conducci\u00f3n y control de l\u00edquidos. Para lograrlo, trabajamos con marcas reconocidas internacionalmente, lo que nos permite garantizar calidad, confiabilidad y eficiencia en cada soluci\u00f3n que ofrecemos.<\/p>\n<p>Nuestra variada gama de productos incluye: v\u00e1lvulas de control, v\u00e1lvulas de aire, v\u00e1lvulas esclusas, v\u00e1lvulas mariposa, caudal\u00edmetros, man\u00f3metros y una completa l\u00ednea de accesorios en Lat\u00f3n, PVC y PEAD, entre otros componentes.<\/p>\n<p>Adem\u00e1s del suministro de equipos, contamos con un equipo t\u00e9cnico y comercial altamente especializado, capaz de brindar un asesoramiento integral. Acompa\u00f1amos a nuestros clientes en el dise\u00f1o, dimensionamiento, instalaci\u00f3n, mantenimiento y puesta en marcha de sus sistemas.<\/p>\n<\/div><\/div><\/div><\/div><div class=\"wpb_column vc_column_container\"><div class=\"vc_column-inner\"><div class=\"w-image us_custom_e2218c82 align_none\"><div class=\"w-image-h\"><img decoding=\"async\" width=\"600\" height=\"600\" src=\"https:\/\/www.todovalvulas.com.ar\/site\/wp-content\/uploads\/2025\/07\/equipo_DeTrabajo-2.webp\" class=\"attachment-woocommerce_single size-woocommerce_single\" alt=\"\" loading=\"lazy\" srcset=\"https:\/\/www.todovalvulas.com.ar\/site\/wp-content\/uploads\/2025\/07\/equipo_DeTrabajo-2.webp 600w, https:\/\/www.todovalvulas.com.ar\/site\/wp-content\/uploads\/2025\/07\/equipo_DeTrabajo-2-300x300.webp 300w, https:\/\/www.todovalvulas.com.ar\/site\/wp-content\/uploads\/2025\/07\/equipo_DeTrabajo-2-150x150.webp 150w, https:\/\/www.todovalvulas.com.ar\/site\/wp-content\/uploads\/2025\/07\/equipo_DeTrabajo-2-200x200.webp 200w, https:\/\/www.todovalvulas.com.ar\/site\/wp-content\/uploads\/2025\/07\/equipo_DeTrabajo-2-120x120.webp 120w\" sizes=\"auto, (max-width: 600px) 100vw, 600px\" \/><\/div><\/div><\/div><\/div><\/div><\/div><\/section><section class=\"l-section wpb_row height_small width_custom\" style=\"--site-content-width:1200px;\" id=\"first\"><div class=\"l-section-h i-cf\"><div class=\"g-cols vc_row via_grid cols_2 laptops-cols_inherit tablets-cols_inherit mobiles-cols_1 valign_top type_default stacking_default\"><div class=\"wpb_column vc_column_container\"><div class=\"vc_column-inner\"><div class=\"w-image us_custom_e2218c82 align_none\"><div class=\"w-image-h\"><img decoding=\"async\" width=\"600\" height=\"600\" src=\"https:\/\/www.todovalvulas.com.ar\/site\/wp-content\/uploads\/2025\/07\/equipo_DeTrabajo-3.webp\" class=\"attachment-woocommerce_single size-woocommerce_single\" alt=\"\" loading=\"lazy\" srcset=\"https:\/\/www.todovalvulas.com.ar\/site\/wp-content\/uploads\/2025\/07\/equipo_DeTrabajo-3.webp 600w, https:\/\/www.todovalvulas.com.ar\/site\/wp-content\/uploads\/2025\/07\/equipo_DeTrabajo-3-300x300.webp 300w, https:\/\/www.todovalvulas.com.ar\/site\/wp-content\/uploads\/2025\/07\/equipo_DeTrabajo-3-150x150.webp 150w, https:\/\/www.todovalvulas.com.ar\/site\/wp-content\/uploads\/2025\/07\/equipo_DeTrabajo-3-200x200.webp 200w, https:\/\/www.todovalvulas.com.ar\/site\/wp-content\/uploads\/2025\/07\/equipo_DeTrabajo-3-120x120.webp 120w\" sizes=\"auto, (max-width: 600px) 100vw, 600px\" \/><\/div><\/div><\/div><\/div><div class=\"wpb_column vc_column_container\"><div class=\"vc_column-inner\"><div class=\"wpb_text_column\"><div class=\"wpb_wrapper\"><p>Nuestra experiencia se extiende a diversos sectores industriales, tales como:<\/p>\n<ul>\n<li>Agua y saneamiento<\/li>\n<li>Miner\u00eda de litio y metal\u00edfera<\/li>\n<li>Instalaciones edilicias<\/li>\n<li>Procesos industriales en general<\/li>\n<\/ul>\n<p>Comprendiendo las particularidades de cada industria, adaptamos nuestras propuestas para maximizar la vida \u00fatil de los sistemas y la eficiencia operativa de cada proyecto.<br \/>\nAportamos experiencia y tecnolog\u00eda para que cada obra optimice su desempe\u00f1o a lo largo del tiempo, asegurando seguridad operativa y promoviendo un desarrollo sustentable y sostenible, con especial \u00e9nfasis en la conservaci\u00f3n del recurso h\u00eddrico.<\/p>\n<\/div><\/div><\/div><\/div><\/div><\/div><\/section><section class=\"l-section wpb_row height_auto\"><div class=\"l-section-h i-cf\"><div class=\"g-cols vc_row via_grid cols_1 laptops-cols_inherit tablets-cols_inherit mobiles-cols_1 valign_top type_default stacking_default\"><div class=\"wpb_column vc_column_container\"><div class=\"vc_column-inner\"><div class=\"wpb_text_column us_custom_cfada43f has_text_color\"><div class=\"wpb_wrapper\"><h3 style=\"text-align: center;\">Con un firme compromiso con la innovaci\u00f3n, la sustentabilidad y el servicio personalizado, en Todov\u00e1lvulas trabajamos para ser el socio estrat\u00e9gico de nuestros clientes en cada etapa de sus desarrollos hidr\u00e1ulicos.<\/h3>\n<\/div><\/div><div class=\"w-separator size_small\"><\/div><\/div><\/div><\/div><\/div><\/section><section class=\"l-section wpb_row height_small color_alternate\"><div class=\"l-section-h i-cf\"><div class=\"g-cols vc_row via_grid cols_3 laptops-cols_inherit tablets-cols_inherit mobiles-cols_1 valign_top type_default stacking_default\"><div class=\"wpb_column vc_column_container\"><div class=\"vc_column-inner\"><div class=\"w-iconbox iconpos_top style_default color_primary align_center\"><div class=\"w-iconbox-icon\" style=\"font-size:2rem;\"><i class=\"fad fa-pencil-ruler\"><\/i><\/div><div class=\"w-iconbox-meta\"><h3 class=\"w-iconbox-title\">Asesoramiento T\u00e9cnico<\/h3><div class=\"w-iconbox-text\"><p>Nuestro equipo de expertos est\u00e1 listo para brindarte asesoramiento t\u00e9cnico personalizado. Ya sea que necesites ayuda para seleccionar el equipo adecuado o desees optimizar tu sistema de riego actual, estamos aqu\u00ed para ayudarte.<\/p>\n<\/div><\/div><\/div><\/div><\/div><div class=\"wpb_column vc_column_container\"><div class=\"vc_column-inner\"><div class=\"w-iconbox iconpos_top style_default color_primary align_center\"><div class=\"w-iconbox-icon\" style=\"font-size:2rem;\"><i class=\"fad fa-handshake\"><\/i><\/div><div class=\"w-iconbox-meta\"><h3 class=\"w-iconbox-title\">Servicio Post-Venta<\/h3><div class=\"w-iconbox-text\"><p>Nuestro compromiso con la satisfacci\u00f3n del cliente no termina con la compra. Ofrecemos un servicio de postventa excepcional para garantizar que tus equipos funcionen de manera \u00f3ptima y est\u00e9s siempre respaldado.<\/p>\n<\/div><\/div><\/div><\/div><\/div><div class=\"wpb_column vc_column_container\"><div class=\"vc_column-inner\"><div class=\"w-iconbox iconpos_top style_default color_primary align_center\"><div class=\"w-iconbox-icon\" style=\"font-size:2rem;\"><i class=\"fad fa-users-cog\"><\/i><\/div><div class=\"w-iconbox-meta\"><h3 class=\"w-iconbox-title\">Desarrollo Personalizado<\/h3><div class=\"w-iconbox-text\"><p>Sabemos que cada cliente tiene necesidades \u00fanicas. <span>\u00a0Nuestra equipo abarca el c\u00e1lculo y dimensionamiento de dispositivos, las recomendaciones de instalaci\u00f3n y el start up para cubrir sus necesidades.<\/span><\/p>\n<\/div><\/div><\/div><\/div><\/div><\/div><\/div><\/section><section class=\"l-section wpb_row height_small\" id=\"team\"><div class=\"l-section-h i-cf\"><div class=\"g-cols vc_row via_grid cols_1 laptops-cols_inherit tablets-cols_inherit mobiles-cols_1 valign_top type_default stacking_default\"><div class=\"wpb_column vc_column_container\"><div class=\"vc_column-inner\"><div class=\"wpb_text_column\"><div class=\"wpb_wrapper\"><h2 style=\"text-align: center;\">Nuestro Equipo<\/h2>\n<\/div><\/div><div class=\"w-separator size_medium\"><\/div><div class=\"g-cols wpb_row via_grid cols_4 laptops-cols_inherit tablets-cols_inherit mobiles-cols_1 valign_top type_default stacking_default\" style=\"--columns-gap:3rem;\"><div class=\"wpb_column vc_column_container\"><div class=\"vc_column-inner\"><div class=\"w-person us_custom_08ae8efe layout_circle effect_bw with_socials\" itemscope itemtype=\"https:\/\/schema.org\/Person\"><div class=\"w-person-image\"><img loading=\"lazy\" decoding=\"async\" width=\"300\" height=\"300\" src=\"https:\/\/www.todovalvulas.com.ar\/site\/wp-content\/uploads\/2025\/06\/tv_hvidal-300x300.webp\" class=\"attachment-medium size-medium\" alt=\"\" itemprop=\"image\" srcset=\"https:\/\/www.todovalvulas.com.ar\/site\/wp-content\/uploads\/2025\/06\/tv_hvidal-300x300.webp 300w, https:\/\/www.todovalvulas.com.ar\/site\/wp-content\/uploads\/2025\/06\/tv_hvidal-150x150.webp 150w, https:\/\/www.todovalvulas.com.ar\/site\/wp-content\/uploads\/2025\/06\/tv_hvidal-200x200.webp 200w, https:\/\/www.todovalvulas.com.ar\/site\/wp-content\/uploads\/2025\/06\/tv_hvidal-120x120.webp 120w, https:\/\/www.todovalvulas.com.ar\/site\/wp-content\/uploads\/2025\/06\/tv_hvidal.webp 400w\" sizes=\"auto, (max-width: 300px) 100vw, 300px\" \/><div class=\"w-person-links\"><div class=\"w-person-links-list\"><a href=\"mailto:hvidal@todovalvulas.com.ar\" class=\"w-person-links-item type_email\" title=\"Correo electr\u00f3nico\"><i class=\"fas fa-envelope\"><\/i><\/a><a href=\"https:\/\/www.linkedin.com\/in\/horacio-vidal-83997828\/\" class=\"w-person-links-item type_linkedin\" title=\"LinkedIn\" target=\"_blank\" rel=\"nofollow\"><i class=\"fab fa-linkedin\"><\/i><\/a><a target=\"_blank\" rel=\"nofollow\" href=\"https:\/\/www.instagram.com\/todovalvulasargentina\" class=\"w-person-links-item type_custom_link\"><i class=\"fab fa-instagram\"><\/i><\/a><\/div><\/div><\/div><div class=\"w-person-content\"><h4 itemprop=\"name\" class=\"w-person-name\"><span>Horacio Vidal<\/span><\/h4><div class=\"w-person-role\" itemprop=\"jobTitle\">Gerente General<\/div><\/div><\/div><\/div><\/div><div class=\"wpb_column vc_column_container\"><div class=\"vc_column-inner\"><div class=\"w-person us_custom_08ae8efe layout_circle effect_bw with_socials\" itemscope itemtype=\"https:\/\/schema.org\/Person\"><div class=\"w-person-image\"><img loading=\"lazy\" decoding=\"async\" width=\"504\" height=\"498\" src=\"https:\/\/www.todovalvulas.com.ar\/site\/wp-content\/uploads\/2025\/06\/MatiasPerez.jpg\" class=\"attachment-full size-full\" alt=\"\" itemprop=\"image\" srcset=\"https:\/\/www.todovalvulas.com.ar\/site\/wp-content\/uploads\/2025\/06\/MatiasPerez.jpg 504w, https:\/\/www.todovalvulas.com.ar\/site\/wp-content\/uploads\/2025\/06\/MatiasPerez-300x296.jpg 300w, https:\/\/www.todovalvulas.com.ar\/site\/wp-content\/uploads\/2025\/06\/MatiasPerez-200x198.jpg 200w, https:\/\/www.todovalvulas.com.ar\/site\/wp-content\/uploads\/2025\/06\/MatiasPerez-150x148.jpg 150w, https:\/\/www.todovalvulas.com.ar\/site\/wp-content\/uploads\/2025\/06\/MatiasPerez-120x120.jpg 120w\" sizes=\"auto, (max-width: 504px) 100vw, 504px\" \/><div class=\"w-person-links\"><div class=\"w-person-links-list\"><a href=\"mailto:mperez@todovalvulas.com.ar\" class=\"w-person-links-item type_email\" title=\"Correo electr\u00f3nico\"><i class=\"fas fa-envelope\"><\/i><\/a><a href=\"https:\/\/www.linkedin.com\/in\/matiasdanielperez\/\" class=\"w-person-links-item type_linkedin\" title=\"LinkedIn\" target=\"_blank\" rel=\"nofollow\"><i class=\"fab fa-linkedin\"><\/i><\/a><a target=\"_blank\" rel=\"nofollow\" href=\"https:\/\/www.instagram.com\/todovalvulasargentina\" class=\"w-person-links-item type_custom_link\"><i class=\"fab fa-instagram\"><\/i><\/a><\/div><\/div><\/div><div class=\"w-person-content\"><h4 itemprop=\"name\" class=\"w-person-name\"><span>Matias Perez<\/span><\/h4><div class=\"w-person-role\" itemprop=\"jobTitle\">Gerente de Ventas<\/div><\/div><\/div><\/div><\/div><div class=\"wpb_column vc_column_container\"><div class=\"vc_column-inner\"><div class=\"w-person us_custom_08ae8efe layout_circle effect_bw with_socials\" itemscope itemtype=\"https:\/\/schema.org\/Person\"><div class=\"w-person-image\"><img loading=\"lazy\" decoding=\"async\" width=\"504\" height=\"498\" src=\"https:\/\/www.todovalvulas.com.ar\/site\/wp-content\/uploads\/2026\/02\/tv_aNicolini.webp\" class=\"attachment-full size-full\" alt=\"\" itemprop=\"image\" srcset=\"https:\/\/www.todovalvulas.com.ar\/site\/wp-content\/uploads\/2026\/02\/tv_aNicolini.webp 504w, https:\/\/www.todovalvulas.com.ar\/site\/wp-content\/uploads\/2026\/02\/tv_aNicolini-300x296.webp 300w, https:\/\/www.todovalvulas.com.ar\/site\/wp-content\/uploads\/2026\/02\/tv_aNicolini-200x198.webp 200w, https:\/\/www.todovalvulas.com.ar\/site\/wp-content\/uploads\/2026\/02\/tv_aNicolini-150x148.webp 150w, https:\/\/www.todovalvulas.com.ar\/site\/wp-content\/uploads\/2026\/02\/tv_aNicolini-120x120.webp 120w\" sizes=\"auto, (max-width: 504px) 100vw, 504px\" \/><div class=\"w-person-links\"><div class=\"w-person-links-list\"><a href=\"mailto:anicolini@todovalvulas.com.ar\" class=\"w-person-links-item type_email\" title=\"Correo electr\u00f3nico\"><i class=\"fas fa-envelope\"><\/i><\/a><a href=\"https:\/\/ar.linkedin.com\/in\/nicolini-alejandro\" class=\"w-person-links-item type_linkedin\" title=\"LinkedIn\" target=\"_blank\" rel=\"nofollow\"><i class=\"fab fa-linkedin\"><\/i><\/a><a href=\"https:\/\/www.instagram.com\/todovalvulasargentina\" class=\"w-person-links-item type_custom_link\"><i class=\"fab fa-instagram\"><\/i><\/a><\/div><\/div><\/div><div class=\"w-person-content\"><h4 itemprop=\"name\" class=\"w-person-name\"><span>Alejandro Nicolini<\/span><\/h4><div class=\"w-person-role\" itemprop=\"jobTitle\">Departamento T\u00e9cnico Comercial<\/div><\/div><\/div><\/div><\/div><div class=\"wpb_column vc_column_container\"><div class=\"vc_column-inner\"><div class=\"w-person us_custom_08ae8efe layout_circle effect_bw with_socials\" itemscope itemtype=\"https:\/\/schema.org\/Person\"><div class=\"w-person-image\"><img loading=\"lazy\" decoding=\"async\" width=\"400\" height=\"400\" src=\"https:\/\/www.todovalvulas.com.ar\/site\/wp-content\/uploads\/2025\/06\/tr_SandraDeSouza.jpg\" class=\"attachment-full size-full\" alt=\"\" itemprop=\"image\" srcset=\"https:\/\/www.todovalvulas.com.ar\/site\/wp-content\/uploads\/2025\/06\/tr_SandraDeSouza.jpg 400w, https:\/\/www.todovalvulas.com.ar\/site\/wp-content\/uploads\/2025\/06\/tr_SandraDeSouza-300x300.jpg 300w, https:\/\/www.todovalvulas.com.ar\/site\/wp-content\/uploads\/2025\/06\/tr_SandraDeSouza-150x150.jpg 150w, https:\/\/www.todovalvulas.com.ar\/site\/wp-content\/uploads\/2025\/06\/tr_SandraDeSouza-200x200.jpg 200w, https:\/\/www.todovalvulas.com.ar\/site\/wp-content\/uploads\/2025\/06\/tr_SandraDeSouza-120x120.jpg 120w\" sizes=\"auto, (max-width: 400px) 100vw, 400px\" \/><div class=\"w-person-links\"><div class=\"w-person-links-list\"><a href=\"mailto:administracion@todovalvulas.com.ar\" class=\"w-person-links-item type_email\" title=\"Correo electr\u00f3nico\"><i class=\"fas fa-envelope\"><\/i><\/a><a href=\"https:\/\/www.linkedin.com\/in\/sandra-de-souza-4787a0156\/\" class=\"w-person-links-item type_linkedin\" title=\"LinkedIn\" target=\"_blank\" rel=\"nofollow\"><i class=\"fab fa-linkedin\"><\/i><\/a><a href=\"https:\/\/www.instagram.com\/todovalvulasargentina\" class=\"w-person-links-item type_custom_link\"><i class=\"fab fa-instagram\"><\/i><\/a><\/div><\/div><\/div><div class=\"w-person-content\"><h4 itemprop=\"name\" class=\"w-person-name\"><span>Sandra de Souza<\/span><\/h4><div class=\"w-person-role\" itemprop=\"jobTitle\">Administraci\u00f3n Comercial<\/div><\/div><\/div><\/div><\/div><\/div><\/div><\/div><\/div><\/div><\/section>\n","protected":false},"excerpt":{"rendered":"Nosotros\u00bfQui\u00e9nes Somos? En Todov\u00e1lvulas, somos la divisi\u00f3n industrial de Todoriego, especializada en la distribuci\u00f3n de productos para el control y conducci\u00f3n de fluidos con principal foco en el manejo de agua potable y servida. Con casi 10 a\u00f1os de experiencia en el rubro, nuestro objetivo es brindar soluciones efectivas para cada desaf\u00edo vinculado a la...","protected":false},"author":1,"featured_media":0,"parent":0,"menu_order":0,"comment_status":"closed","ping_status":"closed","template":"","meta":{"_acf_changed":false,"_joinchat":[],"footnotes":""},"class_list":["post-8566","page","type-page","status-publish","hentry"],"acf":[],"yoast_head":"<!-- This site is optimized with the Yoast SEO plugin v27.5 - https:\/\/yoast.com\/product\/yoast-seo-wordpress\/ -->\n<title>Nosotros - Todovalvulas<\/title>\n<meta name=\"robots\" content=\"index, follow, max-snippet:-1, max-image-preview:large, max-video-preview:-1\" \/>\n<link rel=\"canonical\" href=\"https:\/\/www.todovalvulas.com.ar\/site\/nosotros\/\" \/>\n<meta property=\"og:locale\" content=\"es_ES\" \/>\n<meta property=\"og:type\" content=\"article\" \/>\n<meta property=\"og:title\" content=\"Nosotros - Todovalvulas\" \/>\n<meta property=\"og:url\" content=\"https:\/\/www.todovalvulas.com.ar\/site\/nosotros\/\" \/>\n<meta property=\"og:site_name\" content=\"Todovalvulas\" \/>\n<meta property=\"article:modified_time\" content=\"2026-05-04T18:30:05+00:00\" \/>\n<meta name=\"twitter:card\" content=\"summary_large_image\" \/>\n<meta name=\"twitter:label1\" content=\"Tiempo de lectura\" \/>\n\t<meta name=\"twitter:data1\" content=\"5 minutos\" \/>\n<script type=\"application\/ld+json\" class=\"yoast-schema-graph\">{\"@context\":\"https:\\\/\\\/schema.org\",\"@graph\":[{\"@type\":\"WebPage\",\"@id\":\"https:\\\/\\\/www.todovalvulas.com.ar\\\/site\\\/nosotros\\\/\",\"url\":\"https:\\\/\\\/www.todovalvulas.com.ar\\\/site\\\/nosotros\\\/\",\"name\":\"Nosotros - Todovalvulas\",\"isPartOf\":{\"@id\":\"https:\\\/\\\/www.todovalvulas.com.ar\\\/site\\\/#website\"},\"datePublished\":\"2013-05-31T11:57:37+00:00\",\"dateModified\":\"2026-05-04T18:30:05+00:00\",\"breadcrumb\":{\"@id\":\"https:\\\/\\\/www.todovalvulas.com.ar\\\/site\\\/nosotros\\\/#breadcrumb\"},\"inLanguage\":\"es-AR\",\"potentialAction\":[{\"@type\":\"ReadAction\",\"target\":[\"https:\\\/\\\/www.todovalvulas.com.ar\\\/site\\\/nosotros\\\/\"]}]},{\"@type\":\"BreadcrumbList\",\"@id\":\"https:\\\/\\\/www.todovalvulas.com.ar\\\/site\\\/nosotros\\\/#breadcrumb\",\"itemListElement\":[{\"@type\":\"ListItem\",\"position\":1,\"name\":\"Inicio\",\"item\":\"https:\\\/\\\/www.todovalvulas.com.ar\\\/site\\\/\"},{\"@type\":\"ListItem\",\"position\":2,\"name\":\"Nosotros\"}]},{\"@type\":\"WebSite\",\"@id\":\"https:\\\/\\\/www.todovalvulas.com.ar\\\/site\\\/#website\",\"url\":\"https:\\\/\\\/www.todovalvulas.com.ar\\\/site\\\/\",\"name\":\"Todovalvulas\",\"description\":\"\",\"publisher\":{\"@id\":\"https:\\\/\\\/www.todovalvulas.com.ar\\\/site\\\/#organization\"},\"potentialAction\":[{\"@type\":\"SearchAction\",\"target\":{\"@type\":\"EntryPoint\",\"urlTemplate\":\"https:\\\/\\\/www.todovalvulas.com.ar\\\/site\\\/?s={search_term_string}\"},\"query-input\":{\"@type\":\"PropertyValueSpecification\",\"valueRequired\":true,\"valueName\":\"search_term_string\"}}],\"inLanguage\":\"es-AR\"},{\"@type\":\"Organization\",\"@id\":\"https:\\\/\\\/www.todovalvulas.com.ar\\\/site\\\/#organization\",\"name\":\"Todovalvulas\",\"url\":\"https:\\\/\\\/www.todovalvulas.com.ar\\\/site\\\/\",\"logo\":{\"@type\":\"ImageObject\",\"inLanguage\":\"es-AR\",\"@id\":\"https:\\\/\\\/www.todovalvulas.com.ar\\\/site\\\/#\\\/schema\\\/logo\\\/image\\\/\",\"url\":\"https:\\\/\\\/www.todovalvulas.com.ar\\\/site\\\/wp-content\\\/uploads\\\/2024\\\/08\\\/todovalvulas_iconoWeb.png\",\"contentUrl\":\"https:\\\/\\\/www.todovalvulas.com.ar\\\/site\\\/wp-content\\\/uploads\\\/2024\\\/08\\\/todovalvulas_iconoWeb.png\",\"width\":512,\"height\":512,\"caption\":\"Todovalvulas\"},\"image\":{\"@id\":\"https:\\\/\\\/www.todovalvulas.com.ar\\\/site\\\/#\\\/schema\\\/logo\\\/image\\\/\"},\"sameAs\":[\"https:\\\/\\\/www.instagram.com\\\/todovalvulasargentina\\\/\"]}]}<\/script>\n<!-- \/ Yoast SEO plugin. -->","yoast_head_json":{"title":"Nosotros - Todovalvulas","robots":{"index":"index","follow":"follow","max-snippet":"max-snippet:-1","max-image-preview":"max-image-preview:large","max-video-preview":"max-video-preview:-1"},"canonical":"https:\/\/www.todovalvulas.com.ar\/site\/nosotros\/","og_locale":"es_ES","og_type":"article","og_title":"Nosotros - Todovalvulas","og_url":"https:\/\/www.todovalvulas.com.ar\/site\/nosotros\/","og_site_name":"Todovalvulas","article_modified_time":"2026-05-04T18:30:05+00:00","twitter_card":"summary_large_image","twitter_misc":{"Tiempo de lectura":"5 minutos"},"schema":{"@context":"https:\/\/schema.org","@graph":[{"@type":"WebPage","@id":"https:\/\/www.todovalvulas.com.ar\/site\/nosotros\/","url":"https:\/\/www.todovalvulas.com.ar\/site\/nosotros\/","name":"Nosotros - Todovalvulas","isPartOf":{"@id":"https:\/\/www.todovalvulas.com.ar\/site\/#website"},"datePublished":"2013-05-31T11:57:37+00:00","dateModified":"2026-05-04T18:30:05+00:00","breadcrumb":{"@id":"https:\/\/www.todovalvulas.com.ar\/site\/nosotros\/#breadcrumb"},"inLanguage":"es-AR","potentialAction":[{"@type":"ReadAction","target":["https:\/\/www.todovalvulas.com.ar\/site\/nosotros\/"]}]},{"@type":"BreadcrumbList","@id":"https:\/\/www.todovalvulas.com.ar\/site\/nosotros\/#breadcrumb","itemListElement":[{"@type":"ListItem","position":1,"name":"Inicio","item":"https:\/\/www.todovalvulas.com.ar\/site\/"},{"@type":"ListItem","position":2,"name":"Nosotros"}]},{"@type":"WebSite","@id":"https:\/\/www.todovalvulas.com.ar\/site\/#website","url":"https:\/\/www.todovalvulas.com.ar\/site\/","name":"Todovalvulas","description":"","publisher":{"@id":"https:\/\/www.todovalvulas.com.ar\/site\/#organization"},"potentialAction":[{"@type":"SearchAction","target":{"@type":"EntryPoint","urlTemplate":"https:\/\/www.todovalvulas.com.ar\/site\/?s={search_term_string}"},"query-input":{"@type":"PropertyValueSpecification","valueRequired":true,"valueName":"search_term_string"}}],"inLanguage":"es-AR"},{"@type":"Organization","@id":"https:\/\/www.todovalvulas.com.ar\/site\/#organization","name":"Todovalvulas","url":"https:\/\/www.todovalvulas.com.ar\/site\/","logo":{"@type":"ImageObject","inLanguage":"es-AR","@id":"https:\/\/www.todovalvulas.com.ar\/site\/#\/schema\/logo\/image\/","url":"https:\/\/www.todovalvulas.com.ar\/site\/wp-content\/uploads\/2024\/08\/todovalvulas_iconoWeb.png","contentUrl":"https:\/\/www.todovalvulas.com.ar\/site\/wp-content\/uploads\/2024\/08\/todovalvulas_iconoWeb.png","width":512,"height":512,"caption":"Todovalvulas"},"image":{"@id":"https:\/\/www.todovalvulas.com.ar\/site\/#\/schema\/logo\/image\/"},"sameAs":["https:\/\/www.instagram.com\/todovalvulasargentina\/"]}]}},"_links":{"self":[{"href":"https:\/\/www.todovalvulas.com.ar\/site\/wp-json\/wp\/v2\/pages\/8566","targetHints":{"allow":["GET"]}}],"collection":[{"href":"https:\/\/www.todovalvulas.com.ar\/site\/wp-json\/wp\/v2\/pages"}],"about":[{"href":"https:\/\/www.todovalvulas.com.ar\/site\/wp-json\/wp\/v2\/types\/page"}],"author":[{"embeddable":true,"href":"https:\/\/www.todovalvulas.com.ar\/site\/wp-json\/wp\/v2\/users\/1"}],"replies":[{"embeddable":true,"href":"https:\/\/www.todovalvulas.com.ar\/site\/wp-json\/wp\/v2\/comments?post=8566"}],"version-history":[{"count":41,"href":"https:\/\/www.todovalvulas.com.ar\/site\/wp-json\/wp\/v2\/pages\/8566\/revisions"}],"predecessor-version":[{"id":10363,"href":"https:\/\/www.todovalvulas.com.ar\/site\/wp-json\/wp\/v2\/pages\/8566\/revisions\/10363"}],"wp:attachment":[{"href":"https:\/\/www.todovalvulas.com.ar\/site\/wp-json\/wp\/v2\/media?parent=8566"}],"curies":[{"name":"wp","href":"https:\/\/api.w.org\/{rel}","templated":true}]}}