{"id":9029,"date":"2025-01-07T10:42:58","date_gmt":"2025-01-07T13:42:58","guid":{"rendered":"http:\/\/www.todovalvulas.com.ar\/site\/?page_id=9029"},"modified":"2026-05-04T14:40:37","modified_gmt":"2026-05-04T17:40:37","slug":"herramientas","status":"publish","type":"page","link":"https:\/\/www.todovalvulas.com.ar\/site\/herramientas\/","title":{"rendered":"Herramientas"},"content":{"rendered":"<section class=\"l-section wpb_row height_custom color_alternate with_img\"><div class=\"l-section-img\" role=\"img\" aria-label=\"Imagen\" data-img-width=\"1903\" data-img-height=\"480\" style=\"background-image: url(https:\/\/www.todovalvulas.com.ar\/site\/wp-content\/uploads\/2025\/01\/encabezado_servicios.webp);\"><\/div><div class=\"l-section-h i-cf\"><div class=\"g-cols vc_row via_grid cols_1 laptops-cols_inherit tablets-cols_inherit mobiles-cols_1 valign_top type_default stacking_default\"><div class=\"wpb_column vc_column_container\"><div class=\"vc_column-inner\"><h1 class=\"w-post-elm post_title us_custom_6df4bc3a has_text_color align_center entry-title color_link_inherit\">Herramientas<\/h1><\/div><\/div><\/div><\/div><\/section><section class=\"l-section wpb_row height_small width_custom\" style=\"--site-content-width:1400px;\" id=\"first\"><div class=\"l-section-h i-cf\"><div class=\"g-cols vc_row via_grid cols_1 laptops-cols_inherit tablets-cols_inherit mobiles-cols_1 valign_top type_default stacking_default\"><div class=\"wpb_column vc_column_container\"><div class=\"vc_column-inner\"><div class=\"wpb_text_column us_custom_8b3d6790 has_text_color\"><div class=\"wpb_wrapper\"><h4 style=\"text-align: left;\">1. Herramientas<\/h4>\n<\/div><\/div><div class=\"wpb_text_column\"><div class=\"wpb_wrapper\"><h5 style=\"text-align: left;\">Te ofrecemos diferentes herramientas Bermad para profesionales.<\/h5>\n<\/div><\/div><\/div><\/div><\/div><\/div><\/section><section class=\"l-section wpb_row height_small width_custom\" style=\"--site-content-width:1400px;\"><div class=\"l-section-h i-cf\"><div class=\"g-cols vc_row via_grid cols_1 laptops-cols_inherit tablets-cols_inherit mobiles-cols_1 valign_top type_default stacking_default\"><div class=\"wpb_column vc_column_container\"><div class=\"vc_column-inner\"><div class=\"w-tabs layout_hor style_default switch_click has_scrolling\" style=\"--sections-title-size:1.2rem\"><div class=\"w-tabs-list items_4 align_justify\" style=\"font-family:var(--h1-font-family);font-weight:600;text-transform:uppercase;\"><div class=\"w-tabs-list-h\"><button class=\"w-tabs-item active\" aria-controls=\"content-xa90\" aria-expanded=\"false\"><span class=\"w-tabs-item-title\">BERMAD CENTER<\/span><\/button><button class=\"w-tabs-item\" aria-controls=\"content-city\" aria-expanded=\"false\"><span class=\"w-tabs-item-title\">BERMAD CITY<\/span><\/button><button class=\"w-tabs-item\" aria-controls=\"content-air\" aria-expanded=\"false\"><span class=\"w-tabs-item-title\">BERMAD AIR<\/span><\/button><button class=\"w-tabs-item\" aria-controls=\"content-sizing\" aria-expanded=\"false\"><span class=\"w-tabs-item-title\">BERMAD SIZING<\/span><\/button><\/div><\/div><div class=\"w-tabs-sections titles-align_none icon_chevron cpos_right\"><div class=\"w-tabs-section active\" id=\"xa90\"><button class=\"w-tabs-section-header active\" aria-controls=\"content-xa90\" aria-expanded=\"true\"><div class=\"w-tabs-section-title\">BERMAD CENTER<\/div><div class=\"w-tabs-section-control\"><\/div><\/button><div  class=\"w-tabs-section-content\" id=\"content-xa90\"><div class=\"w-tabs-section-content-h i-cf\"><div class=\"g-cols wpb_row via_grid cols_2 laptops-cols_inherit tablets-cols_inherit mobiles-cols_1 valign_top type_default stacking_default\" style=\"--columns-gap:3rem;\"><div class=\"wpb_column vc_column_container\"><div class=\"vc_column-inner\"><div class=\"w-image align_none\"><div class=\"w-image-h\"><img decoding=\"async\" width=\"600\" height=\"450\" src=\"https:\/\/www.todovalvulas.com.ar\/site\/wp-content\/uploads\/2025\/01\/servicios_bermad_center.webp\" class=\"attachment-large size-large\" alt=\"\" loading=\"lazy\" srcset=\"https:\/\/www.todovalvulas.com.ar\/site\/wp-content\/uploads\/2025\/01\/servicios_bermad_center.webp 600w, https:\/\/www.todovalvulas.com.ar\/site\/wp-content\/uploads\/2025\/01\/servicios_bermad_center-300x225.webp 300w, https:\/\/www.todovalvulas.com.ar\/site\/wp-content\/uploads\/2025\/01\/servicios_bermad_center-200x150.webp 200w, https:\/\/www.todovalvulas.com.ar\/site\/wp-content\/uploads\/2025\/01\/servicios_bermad_center-150x113.webp 150w, https:\/\/www.todovalvulas.com.ar\/site\/wp-content\/uploads\/2025\/01\/servicios_bermad_center-120x90.webp 120w\" sizes=\"auto, (max-width: 600px) 100vw, 600px\" \/><\/div><\/div><\/div><\/div><div class=\"wpb_column vc_column_container\"><div class=\"vc_column-inner\"><div class=\"wpb_text_column\"><div class=\"wpb_wrapper\"><p>Ahora viaje al <strong>Centro de la Ciudad Virtual<\/strong> para vivir una experiencia interactiva y conocer m\u00e1s sobre las soluciones de control que puede utilizar en sus construcciones para instalaciones de Agua, Desag\u00fce y HVAC.<br \/>\nAnimaciones e Informaci\u00f3n T\u00e9cnica en General.<\/p>\n<\/div><\/div><div class=\"w-separator size_medium\"><\/div><div class=\"w-btn-wrapper align_left\"><a class=\"w-btn us-btn-style_1 icon_atleft\" target=\"_blank\" href=\"https:\/\/go.bermad.com\/citycenter\"><i class=\"fad fa-link\"><\/i><span class=\"w-btn-label\">Ingrese Aqu\u00ed<\/span><\/a><\/div><\/div><\/div><\/div><\/div><\/div><\/div><div class=\"w-tabs-section\" id=\"city\"><button class=\"w-tabs-section-header\" aria-controls=\"content-city\" aria-expanded=\"false\"><div class=\"w-tabs-section-title\">BERMAD CITY<\/div><div class=\"w-tabs-section-control\"><\/div><\/button><div  class=\"w-tabs-section-content\" id=\"content-city\"><div class=\"w-tabs-section-content-h i-cf\"><div class=\"g-cols wpb_row via_grid cols_2 laptops-cols_inherit tablets-cols_inherit mobiles-cols_1 valign_top type_default stacking_default\" style=\"--columns-gap:3rem;\"><div class=\"wpb_column vc_column_container\"><div class=\"vc_column-inner\"><div class=\"w-image align_none\"><div class=\"w-image-h\"><img decoding=\"async\" width=\"600\" height=\"450\" src=\"https:\/\/www.todovalvulas.com.ar\/site\/wp-content\/uploads\/2025\/01\/servicios_bermad_city.webp\" class=\"attachment-large size-large\" alt=\"Servicios Bermad - City\" loading=\"lazy\" srcset=\"https:\/\/www.todovalvulas.com.ar\/site\/wp-content\/uploads\/2025\/01\/servicios_bermad_city.webp 600w, https:\/\/www.todovalvulas.com.ar\/site\/wp-content\/uploads\/2025\/01\/servicios_bermad_city-300x225.webp 300w, https:\/\/www.todovalvulas.com.ar\/site\/wp-content\/uploads\/2025\/01\/servicios_bermad_city-200x150.webp 200w, https:\/\/www.todovalvulas.com.ar\/site\/wp-content\/uploads\/2025\/01\/servicios_bermad_city-150x113.webp 150w, https:\/\/www.todovalvulas.com.ar\/site\/wp-content\/uploads\/2025\/01\/servicios_bermad_city-120x90.webp 120w\" sizes=\"auto, (max-width: 600px) 100vw, 600px\" \/><\/div><\/div><\/div><\/div><div class=\"wpb_column vc_column_container\"><div class=\"vc_column-inner\"><div class=\"wpb_text_column\"><div class=\"wpb_wrapper\"><p><strong>Visite en l\u00ednea una Ciudad Virtual<\/strong> que le permitir\u00e1 tener una experiencia interactiva y aprender sobre las herramientas de control necesarias en cada tipo de aplicaci\u00f3n. Animaciones e Informaci\u00f3n T\u00e9cnica en General.<\/p>\n<\/div><\/div><div class=\"w-separator size_medium\"><\/div><div class=\"w-btn-wrapper align_left\"><a class=\"w-btn us-btn-style_1 icon_atleft\" target=\"_blank\" href=\"https:\/\/go.bermad.com\/city-ww\"><i class=\"fad fa-link\"><\/i><span class=\"w-btn-label\">Ingrese Aqu\u00ed<\/span><\/a><\/div><\/div><\/div><\/div><\/div><\/div><\/div><div class=\"w-tabs-section\" id=\"air\"><button class=\"w-tabs-section-header\" aria-controls=\"content-air\" aria-expanded=\"false\"><div class=\"w-tabs-section-title\">BERMAD AIR<\/div><div class=\"w-tabs-section-control\"><\/div><\/button><div  class=\"w-tabs-section-content\" id=\"content-air\"><div class=\"w-tabs-section-content-h i-cf\"><div class=\"g-cols wpb_row via_grid cols_2 laptops-cols_inherit tablets-cols_inherit mobiles-cols_1 valign_top type_default stacking_default\" style=\"--columns-gap:3rem;\"><div class=\"wpb_column vc_column_container\"><div class=\"vc_column-inner\"><div class=\"w-image align_none\"><div class=\"w-image-h\"><img decoding=\"async\" width=\"600\" height=\"450\" src=\"https:\/\/www.todovalvulas.com.ar\/site\/wp-content\/uploads\/2025\/01\/servicios_bermad_air.webp\" class=\"attachment-large size-large\" alt=\"\" loading=\"lazy\" srcset=\"https:\/\/www.todovalvulas.com.ar\/site\/wp-content\/uploads\/2025\/01\/servicios_bermad_air.webp 600w, https:\/\/www.todovalvulas.com.ar\/site\/wp-content\/uploads\/2025\/01\/servicios_bermad_air-300x225.webp 300w, https:\/\/www.todovalvulas.com.ar\/site\/wp-content\/uploads\/2025\/01\/servicios_bermad_air-200x150.webp 200w, https:\/\/www.todovalvulas.com.ar\/site\/wp-content\/uploads\/2025\/01\/servicios_bermad_air-150x113.webp 150w, https:\/\/www.todovalvulas.com.ar\/site\/wp-content\/uploads\/2025\/01\/servicios_bermad_air-120x90.webp 120w\" sizes=\"auto, (max-width: 600px) 100vw, 600px\" \/><\/div><\/div><\/div><\/div><div class=\"wpb_column vc_column_container\"><div class=\"vc_column-inner\"><div class=\"wpb_text_column\"><div class=\"wpb_wrapper\"><p>Dimensione y localice sus v\u00e1lvulas de aire en r\u00e9gimen permanente. Esta herramienta le permitir\u00e1, cargando f\u00e1cilmente el perfil desde una planilla de c\u00e1lculo, verificar las v\u00e1lvula de aire para analizar su proyecto en la etapa previa al impermanente. Complete el formulario y comience a utilizarlo una vez que reciba la autorizaci\u00f3n de notificaci\u00f3n.<br \/>\nIdeal para Ingenieros de Aplicaci\u00f3n.<\/p>\n<\/div><\/div><div class=\"w-separator size_medium\"><\/div><div class=\"w-btn-wrapper align_left\"><a class=\"w-btn us-btn-style_1 icon_atleft\" target=\"_blank\" href=\"https:\/\/bermad-air.com\/signup.aspx\"><i class=\"fad fa-link\"><\/i><span class=\"w-btn-label\">Ingrese Aqu\u00ed<\/span><\/a><\/div><div class=\"w-separator size_medium\"><\/div><div class=\"w-btn-wrapper align_left\"><a class=\"w-btn us-btn-style_1 icon_atleft\" target=\"_blank\" href=\"http:\/\/www.todovalvulas.com.ar\/site\/wp-content\/uploads\/2025\/04\/Bermad-Air-.pdf\"><i class=\"fad fa-link\"><\/i><span class=\"w-btn-label\">Funcionamiento de la plataforma<\/span><\/a><\/div><\/div><\/div><\/div><\/div><\/div><\/div><div class=\"w-tabs-section\" id=\"sizing\"><button class=\"w-tabs-section-header\" aria-controls=\"content-sizing\" aria-expanded=\"false\"><div class=\"w-tabs-section-title\">BERMAD SIZING<\/div><div class=\"w-tabs-section-control\"><\/div><\/button><div  class=\"w-tabs-section-content\" id=\"content-sizing\"><div class=\"w-tabs-section-content-h i-cf\"><div class=\"g-cols wpb_row via_grid cols_2 laptops-cols_inherit tablets-cols_inherit mobiles-cols_1 valign_top type_default stacking_default\" style=\"--columns-gap:3rem;\"><div class=\"wpb_column vc_column_container\"><div class=\"vc_column-inner\"><div class=\"w-image align_none\"><div class=\"w-image-h\"><img decoding=\"async\" width=\"600\" height=\"450\" src=\"https:\/\/www.todovalvulas.com.ar\/site\/wp-content\/uploads\/2025\/01\/servicios_bermad_sizing.webp\" class=\"attachment-large size-large\" alt=\"Servicios Bermad - Sizing\" loading=\"lazy\" srcset=\"https:\/\/www.todovalvulas.com.ar\/site\/wp-content\/uploads\/2025\/01\/servicios_bermad_sizing.webp 600w, https:\/\/www.todovalvulas.com.ar\/site\/wp-content\/uploads\/2025\/01\/servicios_bermad_sizing-300x225.webp 300w, https:\/\/www.todovalvulas.com.ar\/site\/wp-content\/uploads\/2025\/01\/servicios_bermad_sizing-200x150.webp 200w, https:\/\/www.todovalvulas.com.ar\/site\/wp-content\/uploads\/2025\/01\/servicios_bermad_sizing-150x113.webp 150w, https:\/\/www.todovalvulas.com.ar\/site\/wp-content\/uploads\/2025\/01\/servicios_bermad_sizing-120x90.webp 120w\" sizes=\"auto, (max-width: 600px) 100vw, 600px\" \/><\/div><\/div><\/div><\/div><div class=\"wpb_column vc_column_container\"><div class=\"vc_column-inner\"><div class=\"wpb_text_column\"><div class=\"wpb_wrapper\"><p>Dimensione su v\u00e1lvula de control de manera sencilla y personalizando su proyecto de aplicaci\u00f3n. Esta herramienta le permitir\u00e1 seleccionar modelo, di\u00e1metro y elementos adicionales de la aplicaci\u00f3n para conocer de antemano las condiciones en las que trabajar\u00e1 su v\u00e1lvula de control. Complete el formulario y comience a utilizarlo una vez que reciba la autorizaci\u00f3n de notificaci\u00f3n.<br \/>\nIdeal para Ingenieros de Aplicaci\u00f3n.<\/p>\n<\/div><\/div><div class=\"w-separator size_medium\"><\/div><div class=\"w-btn-wrapper align_left\"><a class=\"w-btn us-btn-style_1 icon_atleft\" target=\"_blank\" href=\"https:\/\/bermad-sizing.com\/\/\"><i class=\"fad fa-link\"><\/i><span class=\"w-btn-label\">Ingrese Aqu\u00ed<\/span><\/a><\/div><div class=\"w-separator size_small\"><\/div><div class=\"w-btn-wrapper align_left\"><a class=\"w-btn us-btn-style_1 icon_atleft\" target=\"_blank\" href=\"http:\/\/www.todovalvulas.com.ar\/site\/wp-content\/uploads\/2025\/04\/Bermad-Sizing-.pdf\"><i class=\"fad fa-link\"><\/i><span class=\"w-btn-label\">Funcionamiento de la plataforma<\/span><\/a><\/div><\/div><\/div><\/div><\/div><\/div><\/div><\/div><\/div><\/div><\/div><\/div><\/div><\/section><section class=\"l-section wpb_row height_small width_custom\" style=\"--site-content-width:1400px;\" id=\"first\"><div class=\"l-section-h i-cf\"><div class=\"g-cols vc_row via_grid cols_2 laptops-cols_inherit tablets-cols_inherit mobiles-cols_1 valign_top type_default stacking_default\"><div class=\"wpb_column vc_column_container\"><div class=\"vc_column-inner\"><div class=\"wpb_text_column us_custom_8b3d6790 has_text_color\"><div class=\"wpb_wrapper\"><h4 style=\"text-align: left;\">2. Instalaci\u00f3n y Montaje<\/h4>\n<\/div><\/div><div class=\"wpb_text_column\"><div class=\"wpb_wrapper\"><h5 style=\"text-align: left;\">Instalaci\u00f3n y Montaje de C\u00e1maras de Control y Aire.<\/h5>\n<\/div><\/div><\/div><\/div><div class=\"wpb_column vc_column_container\"><div class=\"vc_column-inner\"><div class=\"wpb_text_column us_custom_8b3d6790 has_text_color\"><div class=\"wpb_wrapper\"><h4 style=\"text-align: left;\">3. Regulaci\u00f3n<\/h4>\n<\/div><\/div><div class=\"wpb_text_column\"><div class=\"wpb_wrapper\"><h5 style=\"text-align: left;\">Regulaci\u00f3n de V\u00e1lvulas en Obra.<\/h5>\n<\/div><\/div><\/div><\/div><\/div><\/div><\/section><section class=\"l-section wpb_row height_small width_custom\" style=\"--site-content-width:1400px;\" id=\"first\"><div class=\"l-section-h i-cf\"><div class=\"g-cols vc_row via_grid cols_2 laptops-cols_inherit tablets-cols_inherit mobiles-cols_1 valign_top type_default stacking_default\"><div class=\"wpb_column vc_column_container\"><div class=\"vc_column-inner\"><div class=\"wpb_text_column us_custom_8b3d6790 has_text_color\"><div class=\"wpb_wrapper\"><h4 style=\"text-align: left;\">4. Puesta en marcha<\/h4>\n<\/div><\/div><div class=\"wpb_text_column\"><div class=\"wpb_wrapper\"><h5 style=\"text-align: left;\">Puestas en Marcha de V\u00e1lvulas.<\/h5>\n<\/div><\/div><\/div><\/div><div class=\"wpb_column vc_column_container\"><div class=\"vc_column-inner\"><div class=\"wpb_text_column us_custom_8b3d6790 has_text_color\"><div class=\"wpb_wrapper\"><h4 style=\"text-align: left;\">5. Cambios y Regulaciones<\/h4>\n<\/div><\/div><div class=\"wpb_text_column\"><div class=\"wpb_wrapper\"><h5 style=\"text-align: left;\">Cambios de Circuitos y Funciones de V\u00e1lvulas en Campo. Automatizaciones de Sistemas de Control.<\/h5>\n<\/div><\/div><\/div><\/div><\/div><\/div><\/section><section class=\"l-section wpb_row height_small width_custom\" style=\"--site-content-width:1400px;\" id=\"first\"><div class=\"l-section-h i-cf\"><div class=\"g-cols vc_row via_grid cols_2 laptops-cols_inherit tablets-cols_inherit mobiles-cols_1 valign_top type_default stacking_default\"><div class=\"wpb_column vc_column_container\"><div class=\"vc_column-inner\"><div class=\"wpb_text_column us_custom_8b3d6790 has_text_color\"><div class=\"wpb_wrapper\"><h4 style=\"text-align: left;\">6. Auditor\u00edas de estado<\/h4>\n<\/div><\/div><div class=\"wpb_text_column\"><div class=\"wpb_wrapper\"><h5 style=\"text-align: left;\">Auditor\u00edas de Estado de V\u00e1lvulas y Optimizaci\u00f3n de Parque de V\u00e1lvulas.<\/h5>\n<\/div><\/div><\/div><\/div><div class=\"wpb_column vc_column_container\"><div class=\"vc_column-inner\"><div class=\"wpb_text_column us_custom_8b3d6790 has_text_color\"><div class=\"wpb_wrapper\"><h4 style=\"text-align: left;\">7. C\u00e1lculo<\/h4>\n<\/div><\/div><div class=\"wpb_text_column\"><div class=\"wpb_wrapper\"><h5 style=\"text-align: left;\">C\u00e1lculo de V\u00e1lvulas en R\u00e9gimen Permanente e Impermanente.<\/h5>\n<\/div><\/div><\/div><\/div><\/div><\/div><\/section>\n","protected":false},"excerpt":{"rendered":"Herramientas1. Herramientas Te ofrecemos diferentes herramientas Bermad para profesionales. BERMAD CENTERBERMAD CITYBERMAD AIRBERMAD SIZINGBERMAD CENTERAhora viaje al Centro de la Ciudad Virtual para vivir una experiencia interactiva y conocer m\u00e1s sobre las soluciones de control que puede utilizar en sus construcciones para instalaciones de Agua, Desag\u00fce y HVAC. Animaciones e Informaci\u00f3n T\u00e9cnica en General. Ingrese...","protected":false},"author":1,"featured_media":0,"parent":0,"menu_order":0,"comment_status":"closed","ping_status":"closed","template":"","meta":{"_acf_changed":false,"_joinchat":[],"footnotes":""},"class_list":["post-9029","page","type-page","status-publish","hentry"],"acf":[],"yoast_head":"<!-- This site is optimized with the Yoast SEO plugin v27.5 - https:\/\/yoast.com\/product\/yoast-seo-wordpress\/ -->\n<title>Herramientas - Todovalvulas<\/title>\n<meta name=\"robots\" content=\"index, follow, max-snippet:-1, max-image-preview:large, max-video-preview:-1\" \/>\n<link rel=\"canonical\" href=\"https:\/\/www.todovalvulas.com.ar\/site\/herramientas\/\" \/>\n<meta property=\"og:locale\" content=\"es_ES\" \/>\n<meta property=\"og:type\" content=\"article\" \/>\n<meta property=\"og:title\" content=\"Herramientas - Todovalvulas\" \/>\n<meta property=\"og:url\" content=\"https:\/\/www.todovalvulas.com.ar\/site\/herramientas\/\" \/>\n<meta property=\"og:site_name\" content=\"Todovalvulas\" \/>\n<meta property=\"article:modified_time\" content=\"2026-05-04T17:40:37+00:00\" \/>\n<meta name=\"twitter:card\" content=\"summary_large_image\" \/>\n<meta name=\"twitter:label1\" content=\"Tiempo de lectura\" \/>\n\t<meta name=\"twitter:data1\" content=\"6 minutos\" \/>\n<script type=\"application\/ld+json\" class=\"yoast-schema-graph\">{\"@context\":\"https:\\\/\\\/schema.org\",\"@graph\":[{\"@type\":\"WebPage\",\"@id\":\"https:\\\/\\\/www.todovalvulas.com.ar\\\/site\\\/herramientas\\\/\",\"url\":\"https:\\\/\\\/www.todovalvulas.com.ar\\\/site\\\/herramientas\\\/\",\"name\":\"Herramientas - Todovalvulas\",\"isPartOf\":{\"@id\":\"https:\\\/\\\/www.todovalvulas.com.ar\\\/site\\\/#website\"},\"datePublished\":\"2025-01-07T13:42:58+00:00\",\"dateModified\":\"2026-05-04T17:40:37+00:00\",\"breadcrumb\":{\"@id\":\"https:\\\/\\\/www.todovalvulas.com.ar\\\/site\\\/herramientas\\\/#breadcrumb\"},\"inLanguage\":\"es-AR\",\"potentialAction\":[{\"@type\":\"ReadAction\",\"target\":[\"https:\\\/\\\/www.todovalvulas.com.ar\\\/site\\\/herramientas\\\/\"]}]},{\"@type\":\"BreadcrumbList\",\"@id\":\"https:\\\/\\\/www.todovalvulas.com.ar\\\/site\\\/herramientas\\\/#breadcrumb\",\"itemListElement\":[{\"@type\":\"ListItem\",\"position\":1,\"name\":\"Inicio\",\"item\":\"https:\\\/\\\/www.todovalvulas.com.ar\\\/site\\\/\"},{\"@type\":\"ListItem\",\"position\":2,\"name\":\"Herramientas\"}]},{\"@type\":\"WebSite\",\"@id\":\"https:\\\/\\\/www.todovalvulas.com.ar\\\/site\\\/#website\",\"url\":\"https:\\\/\\\/www.todovalvulas.com.ar\\\/site\\\/\",\"name\":\"Todovalvulas\",\"description\":\"\",\"publisher\":{\"@id\":\"https:\\\/\\\/www.todovalvulas.com.ar\\\/site\\\/#organization\"},\"potentialAction\":[{\"@type\":\"SearchAction\",\"target\":{\"@type\":\"EntryPoint\",\"urlTemplate\":\"https:\\\/\\\/www.todovalvulas.com.ar\\\/site\\\/?s={search_term_string}\"},\"query-input\":{\"@type\":\"PropertyValueSpecification\",\"valueRequired\":true,\"valueName\":\"search_term_string\"}}],\"inLanguage\":\"es-AR\"},{\"@type\":\"Organization\",\"@id\":\"https:\\\/\\\/www.todovalvulas.com.ar\\\/site\\\/#organization\",\"name\":\"Todovalvulas\",\"url\":\"https:\\\/\\\/www.todovalvulas.com.ar\\\/site\\\/\",\"logo\":{\"@type\":\"ImageObject\",\"inLanguage\":\"es-AR\",\"@id\":\"https:\\\/\\\/www.todovalvulas.com.ar\\\/site\\\/#\\\/schema\\\/logo\\\/image\\\/\",\"url\":\"https:\\\/\\\/www.todovalvulas.com.ar\\\/site\\\/wp-content\\\/uploads\\\/2024\\\/08\\\/todovalvulas_iconoWeb.png\",\"contentUrl\":\"https:\\\/\\\/www.todovalvulas.com.ar\\\/site\\\/wp-content\\\/uploads\\\/2024\\\/08\\\/todovalvulas_iconoWeb.png\",\"width\":512,\"height\":512,\"caption\":\"Todovalvulas\"},\"image\":{\"@id\":\"https:\\\/\\\/www.todovalvulas.com.ar\\\/site\\\/#\\\/schema\\\/logo\\\/image\\\/\"},\"sameAs\":[\"https:\\\/\\\/www.instagram.com\\\/todovalvulasargentina\\\/\"]}]}<\/script>\n<!-- \/ Yoast SEO plugin. -->","yoast_head_json":{"title":"Herramientas - Todovalvulas","robots":{"index":"index","follow":"follow","max-snippet":"max-snippet:-1","max-image-preview":"max-image-preview:large","max-video-preview":"max-video-preview:-1"},"canonical":"https:\/\/www.todovalvulas.com.ar\/site\/herramientas\/","og_locale":"es_ES","og_type":"article","og_title":"Herramientas - Todovalvulas","og_url":"https:\/\/www.todovalvulas.com.ar\/site\/herramientas\/","og_site_name":"Todovalvulas","article_modified_time":"2026-05-04T17:40:37+00:00","twitter_card":"summary_large_image","twitter_misc":{"Tiempo de lectura":"6 minutos"},"schema":{"@context":"https:\/\/schema.org","@graph":[{"@type":"WebPage","@id":"https:\/\/www.todovalvulas.com.ar\/site\/herramientas\/","url":"https:\/\/www.todovalvulas.com.ar\/site\/herramientas\/","name":"Herramientas - Todovalvulas","isPartOf":{"@id":"https:\/\/www.todovalvulas.com.ar\/site\/#website"},"datePublished":"2025-01-07T13:42:58+00:00","dateModified":"2026-05-04T17:40:37+00:00","breadcrumb":{"@id":"https:\/\/www.todovalvulas.com.ar\/site\/herramientas\/#breadcrumb"},"inLanguage":"es-AR","potentialAction":[{"@type":"ReadAction","target":["https:\/\/www.todovalvulas.com.ar\/site\/herramientas\/"]}]},{"@type":"BreadcrumbList","@id":"https:\/\/www.todovalvulas.com.ar\/site\/herramientas\/#breadcrumb","itemListElement":[{"@type":"ListItem","position":1,"name":"Inicio","item":"https:\/\/www.todovalvulas.com.ar\/site\/"},{"@type":"ListItem","position":2,"name":"Herramientas"}]},{"@type":"WebSite","@id":"https:\/\/www.todovalvulas.com.ar\/site\/#website","url":"https:\/\/www.todovalvulas.com.ar\/site\/","name":"Todovalvulas","description":"","publisher":{"@id":"https:\/\/www.todovalvulas.com.ar\/site\/#organization"},"potentialAction":[{"@type":"SearchAction","target":{"@type":"EntryPoint","urlTemplate":"https:\/\/www.todovalvulas.com.ar\/site\/?s={search_term_string}"},"query-input":{"@type":"PropertyValueSpecification","valueRequired":true,"valueName":"search_term_string"}}],"inLanguage":"es-AR"},{"@type":"Organization","@id":"https:\/\/www.todovalvulas.com.ar\/site\/#organization","name":"Todovalvulas","url":"https:\/\/www.todovalvulas.com.ar\/site\/","logo":{"@type":"ImageObject","inLanguage":"es-AR","@id":"https:\/\/www.todovalvulas.com.ar\/site\/#\/schema\/logo\/image\/","url":"https:\/\/www.todovalvulas.com.ar\/site\/wp-content\/uploads\/2024\/08\/todovalvulas_iconoWeb.png","contentUrl":"https:\/\/www.todovalvulas.com.ar\/site\/wp-content\/uploads\/2024\/08\/todovalvulas_iconoWeb.png","width":512,"height":512,"caption":"Todovalvulas"},"image":{"@id":"https:\/\/www.todovalvulas.com.ar\/site\/#\/schema\/logo\/image\/"},"sameAs":["https:\/\/www.instagram.com\/todovalvulasargentina\/"]}]}},"_links":{"self":[{"href":"https:\/\/www.todovalvulas.com.ar\/site\/wp-json\/wp\/v2\/pages\/9029","targetHints":{"allow":["GET"]}}],"collection":[{"href":"https:\/\/www.todovalvulas.com.ar\/site\/wp-json\/wp\/v2\/pages"}],"about":[{"href":"https:\/\/www.todovalvulas.com.ar\/site\/wp-json\/wp\/v2\/types\/page"}],"author":[{"embeddable":true,"href":"https:\/\/www.todovalvulas.com.ar\/site\/wp-json\/wp\/v2\/users\/1"}],"replies":[{"embeddable":true,"href":"https:\/\/www.todovalvulas.com.ar\/site\/wp-json\/wp\/v2\/comments?post=9029"}],"version-history":[{"count":37,"href":"https:\/\/www.todovalvulas.com.ar\/site\/wp-json\/wp\/v2\/pages\/9029\/revisions"}],"predecessor-version":[{"id":10344,"href":"https:\/\/www.todovalvulas.com.ar\/site\/wp-json\/wp\/v2\/pages\/9029\/revisions\/10344"}],"wp:attachment":[{"href":"https:\/\/www.todovalvulas.com.ar\/site\/wp-json\/wp\/v2\/media?parent=9029"}],"curies":[{"name":"wp","href":"https:\/\/api.w.org\/{rel}","templated":true}]}}