{"id":9307,"date":"2025-01-15T09:58:41","date_gmt":"2025-01-15T12:58:41","guid":{"rendered":"http:\/\/www.todovalvulas.com.ar\/site\/?post_type=product&#038;p=9307"},"modified":"2026-03-24T11:29:14","modified_gmt":"2026-03-24T14:29:14","slug":"modelo-c50-g-n","status":"publish","type":"product","link":"https:\/\/www.todovalvulas.com.ar\/site\/producto\/modelo-c50-g-n\/","title":{"rendered":"Modelo C50-G\/N"},"content":{"rendered":"<section class=\"l-section wpb_row height_small\"><div class=\"l-section-h i-cf\"><div class=\"g-cols vc_row via_grid cols_1 laptops-cols_inherit tablets-cols_inherit mobiles-cols_1 valign_top type_default stacking_default\"><div class=\"wpb_column vc_column_container\"><div class=\"vc_column-inner\"><div class=\"wpb_text_column\"><div class=\"wpb_wrapper\"><p><strong>BERMAD C50 G\/N<\/strong> es una v\u00e1lvula de aire combinada de alta calidad, fabricada en acero inoxidable y destinada a diversos sistemas de conducci\u00f3n de aguas residuales y servidas, y a variadas condiciones de funcionamiento. Esta v\u00e1lvula purga r\u00e1pidamente el aire durante el llenado de la tuber\u00eda, permite la descarga eficiente de bolsas de aire y gas de las tuber\u00edas presurizadas, y admite grandes vol\u00famenes de aire en caso de vaciado de la tuber\u00eda. Gracias a su dise\u00f1o aerodin\u00e1mico de avanzada y doble orificio, esta v\u00e1lvula proporciona una excelente protecci\u00f3n contra la acumulaci\u00f3n de aire y gas, y la formaci\u00f3n de vac\u00edo, con cierre herm\u00e9tico mejorado en condiciones de baja presi\u00f3n.<\/p>\n<p><strong>Caracter\u00edsticas<\/strong><\/p>\n<p>\u2022 Cuerpo de flujo recto, con orificio autom\u00e1tico de gran di\u00e1metro \u2013 Caudales m\u00e1s altos que los habituales<br \/>\n\u2022 Cuerpo de dise\u00f1o totalmente aerodin\u00e1mico \u2013 Evita el cierre prematuro sin perturbar la admisi\u00f3n o la descarga de aire.<br \/>\n\u2022 Selladura din\u00e1mica \u2013 Impide las p\u00e9rdidas en condiciones de baja presi\u00f3n (0.1 bar).<br \/>\n\u2022 Cuerpo largo \u2013 Evita el contacto de los s\u00f3lidos con las piezas de operaci\u00f3n de la v\u00e1lvula.<br \/>\n\u2022 Estructura compacta, sencilla y fiable con piezas totalmente resistentes a la corrosi\u00f3n; escaso mantenimiento y prolongada vida \u00fatil.<br \/>\n\u2022 Dos entradas \u2013 Permite retrolavado y drenaje.<br \/>\n\u2022 Aprobaci\u00f3n y control de calidad en f\u00e1brica \u2013 Pruebas de funcionamiento y especificaciones en un banco de pruebas especializado, inclusive en condiciones de subpresi\u00f3n (vac\u00edo).<\/p>\n<p><strong>Aplicaciones t\u00edpicas<\/strong><\/p>\n<p>\u2022 Estaciones de bombeo de aguas residuales y servidas \u2013 Alivio de aire y prevenci\u00f3n del vac\u00edo.<br \/>\n\u2022 Tuber\u00edas de aguas residuales y servidas \u2013 Protecci\u00f3n contra la acumulaci\u00f3n de aire y gas, y formaci\u00f3n de vac\u00edo en sitios elevados, puntos de variaci\u00f3n de declives y cruces de cursos de agua o carreteras.<br \/>\n\u2022 Plantas de tratamiento de aguas residuales municipales e industriales \u2013 Protecci\u00f3n contra la acumulaci<\/p>\n<\/div><\/div><\/div><\/div><\/div><\/div><\/section>\n","protected":false},"excerpt":{"rendered":"<p><img loading=\"lazy\" decoding=\"async\" class=\"alignnone size-full wp-image-9284\" src=\"https:\/\/www.todovalvulas.com.ar\/site\/wp-content\/uploads\/2025\/01\/bermad.webp\" alt=\"\" width=\"103\" height=\"50\" \/><\/p>\n<p><span>Esta v\u00e1lvula purga r\u00e1pidamente el aire durante el llenado de la tuber\u00eda, permite la descarga eficiente de bolsas de aire y gas de las tuber\u00edas presurizadas.<\/span><\/p>\n","protected":false},"featured_media":9308,"template":"","meta":{"_acf_changed":false,"_joinchat":[]},"product_brand":[],"product_cat":[79,84,89,45,90,80,85,44],"product_tag":[],"class_list":{"0":"post-9307","1":"product","2":"type-product","3":"status-publish","4":"has-post-thumbnail","6":"product_cat-industria-general","7":"product_cat-industria-litio","8":"product_cat-industria-metalifera","9":"product_cat-para-saneamiento","10":"product_cat-valvulas-industria-metalifera","11":"product_cat-valvulas","12":"product_cat-valvulas-industria-litio","13":"product_cat-valvulas-de-aire","15":"first","16":"instock","17":"shipping-taxable","18":"product-type-simple"},"acf":[],"yoast_head":"<!-- This site is optimized with the Yoast SEO plugin v27.5 - https:\/\/yoast.com\/product\/yoast-seo-wordpress\/ -->\n<title>Modelo C50-G\/N - Todovalvulas<\/title>\n<meta name=\"robots\" content=\"index, follow, max-snippet:-1, max-image-preview:large, max-video-preview:-1\" \/>\n<link rel=\"canonical\" href=\"https:\/\/www.todovalvulas.com.ar\/site\/producto\/modelo-c50-g-n\/\" \/>\n<meta property=\"og:locale\" content=\"es_ES\" \/>\n<meta property=\"og:type\" content=\"article\" \/>\n<meta property=\"og:title\" content=\"Modelo C50-G\/N - Todovalvulas\" \/>\n<meta property=\"og:description\" content=\"Esta v\u00e1lvula purga r\u00e1pidamente el aire durante el llenado de la tuber\u00eda, permite la descarga eficiente de bolsas de aire y gas de las tuber\u00edas presurizadas.\" \/>\n<meta property=\"og:url\" content=\"https:\/\/www.todovalvulas.com.ar\/site\/producto\/modelo-c50-g-n\/\" \/>\n<meta property=\"og:site_name\" content=\"Todovalvulas\" \/>\n<meta property=\"article:modified_time\" content=\"2026-03-24T14:29:14+00:00\" \/>\n<meta property=\"og:image\" content=\"https:\/\/www.todovalvulas.com.ar\/site\/wp-content\/uploads\/2025\/01\/valvula_C50-GN.webp\" \/>\n\t<meta property=\"og:image:width\" content=\"600\" \/>\n\t<meta property=\"og:image:height\" content=\"600\" \/>\n\t<meta property=\"og:image:type\" content=\"image\/webp\" \/>\n<meta name=\"twitter:card\" content=\"summary_large_image\" \/>\n<meta name=\"twitter:label1\" content=\"Tiempo de lectura\" \/>\n\t<meta name=\"twitter:data1\" content=\"2 minutos\" \/>\n<script type=\"application\/ld+json\" class=\"yoast-schema-graph\">{\"@context\":\"https:\\\/\\\/schema.org\",\"@graph\":[{\"@type\":\"WebPage\",\"@id\":\"https:\\\/\\\/www.todovalvulas.com.ar\\\/site\\\/producto\\\/modelo-c50-g-n\\\/\",\"url\":\"https:\\\/\\\/www.todovalvulas.com.ar\\\/site\\\/producto\\\/modelo-c50-g-n\\\/\",\"name\":\"Modelo C50-G\\\/N - Todovalvulas\",\"isPartOf\":{\"@id\":\"https:\\\/\\\/www.todovalvulas.com.ar\\\/site\\\/#website\"},\"primaryImageOfPage\":{\"@id\":\"https:\\\/\\\/www.todovalvulas.com.ar\\\/site\\\/producto\\\/modelo-c50-g-n\\\/#primaryimage\"},\"image\":{\"@id\":\"https:\\\/\\\/www.todovalvulas.com.ar\\\/site\\\/producto\\\/modelo-c50-g-n\\\/#primaryimage\"},\"thumbnailUrl\":\"https:\\\/\\\/www.todovalvulas.com.ar\\\/site\\\/wp-content\\\/uploads\\\/2025\\\/01\\\/valvula_C50-GN.webp\",\"datePublished\":\"2025-01-15T12:58:41+00:00\",\"dateModified\":\"2026-03-24T14:29:14+00:00\",\"breadcrumb\":{\"@id\":\"https:\\\/\\\/www.todovalvulas.com.ar\\\/site\\\/producto\\\/modelo-c50-g-n\\\/#breadcrumb\"},\"inLanguage\":\"es-AR\",\"potentialAction\":[{\"@type\":\"ReadAction\",\"target\":[\"https:\\\/\\\/www.todovalvulas.com.ar\\\/site\\\/producto\\\/modelo-c50-g-n\\\/\"]}]},{\"@type\":\"ImageObject\",\"inLanguage\":\"es-AR\",\"@id\":\"https:\\\/\\\/www.todovalvulas.com.ar\\\/site\\\/producto\\\/modelo-c50-g-n\\\/#primaryimage\",\"url\":\"https:\\\/\\\/www.todovalvulas.com.ar\\\/site\\\/wp-content\\\/uploads\\\/2025\\\/01\\\/valvula_C50-GN.webp\",\"contentUrl\":\"https:\\\/\\\/www.todovalvulas.com.ar\\\/site\\\/wp-content\\\/uploads\\\/2025\\\/01\\\/valvula_C50-GN.webp\",\"width\":600,\"height\":600,\"caption\":\"V\u00e1lvula de Aire Bermad C50-G\\\/N\"},{\"@type\":\"BreadcrumbList\",\"@id\":\"https:\\\/\\\/www.todovalvulas.com.ar\\\/site\\\/producto\\\/modelo-c50-g-n\\\/#breadcrumb\",\"itemListElement\":[{\"@type\":\"ListItem\",\"position\":1,\"name\":\"Inicio\",\"item\":\"https:\\\/\\\/www.todovalvulas.com.ar\\\/site\\\/\"},{\"@type\":\"ListItem\",\"position\":2,\"name\":\"Tienda\",\"item\":\"https:\\\/\\\/www.todovalvulas.com.ar\\\/site\\\/tienda-2\\\/\"},{\"@type\":\"ListItem\",\"position\":3,\"name\":\"Modelo C50-G\\\/N\"}]},{\"@type\":\"WebSite\",\"@id\":\"https:\\\/\\\/www.todovalvulas.com.ar\\\/site\\\/#website\",\"url\":\"https:\\\/\\\/www.todovalvulas.com.ar\\\/site\\\/\",\"name\":\"Todovalvulas\",\"description\":\"\",\"publisher\":{\"@id\":\"https:\\\/\\\/www.todovalvulas.com.ar\\\/site\\\/#organization\"},\"potentialAction\":[{\"@type\":\"SearchAction\",\"target\":{\"@type\":\"EntryPoint\",\"urlTemplate\":\"https:\\\/\\\/www.todovalvulas.com.ar\\\/site\\\/?s={search_term_string}\"},\"query-input\":{\"@type\":\"PropertyValueSpecification\",\"valueRequired\":true,\"valueName\":\"search_term_string\"}}],\"inLanguage\":\"es-AR\"},{\"@type\":\"Organization\",\"@id\":\"https:\\\/\\\/www.todovalvulas.com.ar\\\/site\\\/#organization\",\"name\":\"Todovalvulas\",\"url\":\"https:\\\/\\\/www.todovalvulas.com.ar\\\/site\\\/\",\"logo\":{\"@type\":\"ImageObject\",\"inLanguage\":\"es-AR\",\"@id\":\"https:\\\/\\\/www.todovalvulas.com.ar\\\/site\\\/#\\\/schema\\\/logo\\\/image\\\/\",\"url\":\"https:\\\/\\\/www.todovalvulas.com.ar\\\/site\\\/wp-content\\\/uploads\\\/2024\\\/08\\\/todovalvulas_iconoWeb.png\",\"contentUrl\":\"https:\\\/\\\/www.todovalvulas.com.ar\\\/site\\\/wp-content\\\/uploads\\\/2024\\\/08\\\/todovalvulas_iconoWeb.png\",\"width\":512,\"height\":512,\"caption\":\"Todovalvulas\"},\"image\":{\"@id\":\"https:\\\/\\\/www.todovalvulas.com.ar\\\/site\\\/#\\\/schema\\\/logo\\\/image\\\/\"},\"sameAs\":[\"https:\\\/\\\/www.instagram.com\\\/todovalvulasargentina\\\/\"]}]}<\/script>\n<!-- \/ Yoast SEO plugin. -->","yoast_head_json":{"title":"Modelo C50-G\/N - Todovalvulas","robots":{"index":"index","follow":"follow","max-snippet":"max-snippet:-1","max-image-preview":"max-image-preview:large","max-video-preview":"max-video-preview:-1"},"canonical":"https:\/\/www.todovalvulas.com.ar\/site\/producto\/modelo-c50-g-n\/","og_locale":"es_ES","og_type":"article","og_title":"Modelo C50-G\/N - Todovalvulas","og_description":"Esta v\u00e1lvula purga r\u00e1pidamente el aire durante el llenado de la tuber\u00eda, permite la descarga eficiente de bolsas de aire y gas de las tuber\u00edas presurizadas.","og_url":"https:\/\/www.todovalvulas.com.ar\/site\/producto\/modelo-c50-g-n\/","og_site_name":"Todovalvulas","article_modified_time":"2026-03-24T14:29:14+00:00","og_image":[{"width":600,"height":600,"url":"https:\/\/www.todovalvulas.com.ar\/site\/wp-content\/uploads\/2025\/01\/valvula_C50-GN.webp","type":"image\/webp"}],"twitter_card":"summary_large_image","twitter_misc":{"Tiempo de lectura":"2 minutos"},"schema":{"@context":"https:\/\/schema.org","@graph":[{"@type":"WebPage","@id":"https:\/\/www.todovalvulas.com.ar\/site\/producto\/modelo-c50-g-n\/","url":"https:\/\/www.todovalvulas.com.ar\/site\/producto\/modelo-c50-g-n\/","name":"Modelo C50-G\/N - Todovalvulas","isPartOf":{"@id":"https:\/\/www.todovalvulas.com.ar\/site\/#website"},"primaryImageOfPage":{"@id":"https:\/\/www.todovalvulas.com.ar\/site\/producto\/modelo-c50-g-n\/#primaryimage"},"image":{"@id":"https:\/\/www.todovalvulas.com.ar\/site\/producto\/modelo-c50-g-n\/#primaryimage"},"thumbnailUrl":"https:\/\/www.todovalvulas.com.ar\/site\/wp-content\/uploads\/2025\/01\/valvula_C50-GN.webp","datePublished":"2025-01-15T12:58:41+00:00","dateModified":"2026-03-24T14:29:14+00:00","breadcrumb":{"@id":"https:\/\/www.todovalvulas.com.ar\/site\/producto\/modelo-c50-g-n\/#breadcrumb"},"inLanguage":"es-AR","potentialAction":[{"@type":"ReadAction","target":["https:\/\/www.todovalvulas.com.ar\/site\/producto\/modelo-c50-g-n\/"]}]},{"@type":"ImageObject","inLanguage":"es-AR","@id":"https:\/\/www.todovalvulas.com.ar\/site\/producto\/modelo-c50-g-n\/#primaryimage","url":"https:\/\/www.todovalvulas.com.ar\/site\/wp-content\/uploads\/2025\/01\/valvula_C50-GN.webp","contentUrl":"https:\/\/www.todovalvulas.com.ar\/site\/wp-content\/uploads\/2025\/01\/valvula_C50-GN.webp","width":600,"height":600,"caption":"V\u00e1lvula de Aire Bermad C50-G\/N"},{"@type":"BreadcrumbList","@id":"https:\/\/www.todovalvulas.com.ar\/site\/producto\/modelo-c50-g-n\/#breadcrumb","itemListElement":[{"@type":"ListItem","position":1,"name":"Inicio","item":"https:\/\/www.todovalvulas.com.ar\/site\/"},{"@type":"ListItem","position":2,"name":"Tienda","item":"https:\/\/www.todovalvulas.com.ar\/site\/tienda-2\/"},{"@type":"ListItem","position":3,"name":"Modelo C50-G\/N"}]},{"@type":"WebSite","@id":"https:\/\/www.todovalvulas.com.ar\/site\/#website","url":"https:\/\/www.todovalvulas.com.ar\/site\/","name":"Todovalvulas","description":"","publisher":{"@id":"https:\/\/www.todovalvulas.com.ar\/site\/#organization"},"potentialAction":[{"@type":"SearchAction","target":{"@type":"EntryPoint","urlTemplate":"https:\/\/www.todovalvulas.com.ar\/site\/?s={search_term_string}"},"query-input":{"@type":"PropertyValueSpecification","valueRequired":true,"valueName":"search_term_string"}}],"inLanguage":"es-AR"},{"@type":"Organization","@id":"https:\/\/www.todovalvulas.com.ar\/site\/#organization","name":"Todovalvulas","url":"https:\/\/www.todovalvulas.com.ar\/site\/","logo":{"@type":"ImageObject","inLanguage":"es-AR","@id":"https:\/\/www.todovalvulas.com.ar\/site\/#\/schema\/logo\/image\/","url":"https:\/\/www.todovalvulas.com.ar\/site\/wp-content\/uploads\/2024\/08\/todovalvulas_iconoWeb.png","contentUrl":"https:\/\/www.todovalvulas.com.ar\/site\/wp-content\/uploads\/2024\/08\/todovalvulas_iconoWeb.png","width":512,"height":512,"caption":"Todovalvulas"},"image":{"@id":"https:\/\/www.todovalvulas.com.ar\/site\/#\/schema\/logo\/image\/"},"sameAs":["https:\/\/www.instagram.com\/todovalvulasargentina\/"]}]}},"_links":{"self":[{"href":"https:\/\/www.todovalvulas.com.ar\/site\/wp-json\/wp\/v2\/product\/9307","targetHints":{"allow":["GET"]}}],"collection":[{"href":"https:\/\/www.todovalvulas.com.ar\/site\/wp-json\/wp\/v2\/product"}],"about":[{"href":"https:\/\/www.todovalvulas.com.ar\/site\/wp-json\/wp\/v2\/types\/product"}],"wp:featuredmedia":[{"embeddable":true,"href":"https:\/\/www.todovalvulas.com.ar\/site\/wp-json\/wp\/v2\/media\/9308"}],"wp:attachment":[{"href":"https:\/\/www.todovalvulas.com.ar\/site\/wp-json\/wp\/v2\/media?parent=9307"}],"wp:term":[{"taxonomy":"product_brand","embeddable":true,"href":"https:\/\/www.todovalvulas.com.ar\/site\/wp-json\/wp\/v2\/product_brand?post=9307"},{"taxonomy":"product_cat","embeddable":true,"href":"https:\/\/www.todovalvulas.com.ar\/site\/wp-json\/wp\/v2\/product_cat?post=9307"},{"taxonomy":"product_tag","embeddable":true,"href":"https:\/\/www.todovalvulas.com.ar\/site\/wp-json\/wp\/v2\/product_tag?post=9307"}],"curies":[{"name":"wp","href":"https:\/\/api.w.org\/{rel}","templated":true}]}}