{"id":9445,"date":"2025-04-17T14:57:53","date_gmt":"2025-04-17T17:57:53","guid":{"rendered":"http:\/\/www.todovalvulas.com.ar\/site\/?post_type=product&#038;p=9445"},"modified":"2025-11-17T09:58:00","modified_gmt":"2025-11-17T12:58:00","slug":"mut2200el","status":"publish","type":"product","link":"https:\/\/www.todovalvulas.com.ar\/site\/producto\/mut2200el\/","title":{"rendered":"MUT2200EL"},"content":{"rendered":"<section class=\"l-section wpb_row height_small\"><div class=\"l-section-h i-cf\"><div class=\"g-cols vc_row via_grid cols_1 laptops-cols_inherit tablets-cols_inherit mobiles-cols_1 valign_top type_default stacking_default\"><div class=\"wpb_column vc_column_container\"><div class=\"vc_column-inner\"><div class=\"wpb_text_column\"><div class=\"wpb_wrapper\"><p>Medici\u00f3n de alta precisi\u00f3n y de velocidad de caudal amplia, medici\u00f3n bidireccional, electrodo de tuber\u00eda vac\u00eda suministrado como est\u00e1ndar (\u2265 DN50), acoplado con cualquier conversor de <strong>Euromag<\/strong>, puerto de presi\u00f3n integrado (bajo solicitud), calibraci\u00f3n de h\u00famedo interna para todos los di\u00e1metros (hasta DN2000), construcci\u00f3n robusta y completamente soldada, soluci\u00f3n est\u00e1ndar para la gama m\u00e1s amplia de aplicaciones industriales. Con certificaci\u00f3n para uso en sistemas de balastro para instalaci\u00f3n offshore o en el subsuelo. Pintura opcional certificada para entorno medioambiental C4, amplia opci\u00f3n de materiales para carcasa y nervaduras incluyendo SS304 y SS316.<\/p>\n<p><strong>Aplicaciones<\/strong><\/p>\n<p>\u2022 Tratamiento del agua<br \/>\n\u2022 Distribuci\u00f3n de agua<br \/>\n\u2022 Aguas residuales industriales<br \/>\n\u2022 Procesos industriales<br \/>\n\u2022 Purines<br \/>\n\u2022 Riego<br \/>\n\u2022 Estaciones de bombeo<br \/>\n\u2022 Presas<br \/>\n\u2022 Miner\u00eda<\/p>\n<\/div><\/div><\/div><\/div><\/div><\/div><\/section>\n","protected":false},"excerpt":{"rendered":"<p><img loading=\"lazy\" decoding=\"async\" class=\"alignnone size-full wp-image-9284\" src=\"https:\/\/www.todovalvulas.com.ar\/site\/wp-content\/uploads\/2025\/01\/bermad.webp\" alt=\"\" width=\"103\" height=\"50\" \/><br \/>\nLos sensores MUT2200EL representan la vanguardia de la producci\u00f3n de <strong>Euromag International<\/strong> para las aplicaciones de ciclos y procesos de agua.<\/p>\n","protected":false},"featured_media":9443,"template":"","meta":{"_acf_changed":false,"_joinchat":[]},"product_brand":[],"product_cat":[70,92,86,72,84,89],"product_tag":[],"class_list":{"0":"post-9445","1":"product","2":"type-product","3":"status-publish","4":"has-post-thumbnail","6":"product_cat-caudalimetros","7":"product_cat-caudalimetros-industria-metalifera","8":"product_cat-caudalimetros-industria-litio","9":"product_cat-electromagneticos","10":"product_cat-industria-litio","11":"product_cat-industria-metalifera","13":"first","14":"instock","15":"shipping-taxable","16":"product-type-simple"},"acf":[],"yoast_head":"<!-- This site is optimized with the Yoast SEO plugin v27.5 - https:\/\/yoast.com\/product\/yoast-seo-wordpress\/ -->\n<title>MUT2200EL - Todovalvulas<\/title>\n<meta name=\"robots\" content=\"index, follow, max-snippet:-1, max-image-preview:large, max-video-preview:-1\" \/>\n<link rel=\"canonical\" href=\"https:\/\/www.todovalvulas.com.ar\/site\/producto\/mut2200el\/\" \/>\n<meta property=\"og:locale\" content=\"es_ES\" \/>\n<meta property=\"og:type\" content=\"article\" \/>\n<meta property=\"og:title\" content=\"MUT2200EL - Todovalvulas\" \/>\n<meta property=\"og:description\" content=\"Los sensores MUT2200EL representan la vanguardia de la producci\u00f3n de Euromag International para las aplicaciones de ciclos y procesos de agua.\" \/>\n<meta property=\"og:url\" content=\"https:\/\/www.todovalvulas.com.ar\/site\/producto\/mut2200el\/\" \/>\n<meta property=\"og:site_name\" content=\"Todovalvulas\" \/>\n<meta property=\"article:modified_time\" content=\"2025-11-17T12:58:00+00:00\" \/>\n<meta property=\"og:image\" content=\"https:\/\/www.todovalvulas.com.ar\/site\/wp-content\/uploads\/2025\/04\/caudalimetro_Electromagnetico.webp\" \/>\n\t<meta property=\"og:image:width\" content=\"600\" \/>\n\t<meta property=\"og:image:height\" content=\"600\" \/>\n\t<meta property=\"og:image:type\" content=\"image\/webp\" \/>\n<meta name=\"twitter:card\" content=\"summary_large_image\" \/>\n<meta name=\"twitter:label1\" content=\"Tiempo de lectura\" \/>\n\t<meta name=\"twitter:data1\" content=\"1 minuto\" \/>\n<script type=\"application\/ld+json\" class=\"yoast-schema-graph\">{\"@context\":\"https:\\\/\\\/schema.org\",\"@graph\":[{\"@type\":\"WebPage\",\"@id\":\"https:\\\/\\\/www.todovalvulas.com.ar\\\/site\\\/producto\\\/mut2200el\\\/\",\"url\":\"https:\\\/\\\/www.todovalvulas.com.ar\\\/site\\\/producto\\\/mut2200el\\\/\",\"name\":\"MUT2200EL - Todovalvulas\",\"isPartOf\":{\"@id\":\"https:\\\/\\\/www.todovalvulas.com.ar\\\/site\\\/#website\"},\"primaryImageOfPage\":{\"@id\":\"https:\\\/\\\/www.todovalvulas.com.ar\\\/site\\\/producto\\\/mut2200el\\\/#primaryimage\"},\"image\":{\"@id\":\"https:\\\/\\\/www.todovalvulas.com.ar\\\/site\\\/producto\\\/mut2200el\\\/#primaryimage\"},\"thumbnailUrl\":\"https:\\\/\\\/www.todovalvulas.com.ar\\\/site\\\/wp-content\\\/uploads\\\/2025\\\/04\\\/caudalimetro_Electromagnetico.webp\",\"datePublished\":\"2025-04-17T17:57:53+00:00\",\"dateModified\":\"2025-11-17T12:58:00+00:00\",\"breadcrumb\":{\"@id\":\"https:\\\/\\\/www.todovalvulas.com.ar\\\/site\\\/producto\\\/mut2200el\\\/#breadcrumb\"},\"inLanguage\":\"es-AR\",\"potentialAction\":[{\"@type\":\"ReadAction\",\"target\":[\"https:\\\/\\\/www.todovalvulas.com.ar\\\/site\\\/producto\\\/mut2200el\\\/\"]}]},{\"@type\":\"ImageObject\",\"inLanguage\":\"es-AR\",\"@id\":\"https:\\\/\\\/www.todovalvulas.com.ar\\\/site\\\/producto\\\/mut2200el\\\/#primaryimage\",\"url\":\"https:\\\/\\\/www.todovalvulas.com.ar\\\/site\\\/wp-content\\\/uploads\\\/2025\\\/04\\\/caudalimetro_Electromagnetico.webp\",\"contentUrl\":\"https:\\\/\\\/www.todovalvulas.com.ar\\\/site\\\/wp-content\\\/uploads\\\/2025\\\/04\\\/caudalimetro_Electromagnetico.webp\",\"width\":600,\"height\":600},{\"@type\":\"BreadcrumbList\",\"@id\":\"https:\\\/\\\/www.todovalvulas.com.ar\\\/site\\\/producto\\\/mut2200el\\\/#breadcrumb\",\"itemListElement\":[{\"@type\":\"ListItem\",\"position\":1,\"name\":\"Inicio\",\"item\":\"https:\\\/\\\/www.todovalvulas.com.ar\\\/site\\\/\"},{\"@type\":\"ListItem\",\"position\":2,\"name\":\"Tienda\",\"item\":\"https:\\\/\\\/www.todovalvulas.com.ar\\\/site\\\/tienda-2\\\/\"},{\"@type\":\"ListItem\",\"position\":3,\"name\":\"MUT2200EL\"}]},{\"@type\":\"WebSite\",\"@id\":\"https:\\\/\\\/www.todovalvulas.com.ar\\\/site\\\/#website\",\"url\":\"https:\\\/\\\/www.todovalvulas.com.ar\\\/site\\\/\",\"name\":\"Todovalvulas\",\"description\":\"\",\"publisher\":{\"@id\":\"https:\\\/\\\/www.todovalvulas.com.ar\\\/site\\\/#organization\"},\"potentialAction\":[{\"@type\":\"SearchAction\",\"target\":{\"@type\":\"EntryPoint\",\"urlTemplate\":\"https:\\\/\\\/www.todovalvulas.com.ar\\\/site\\\/?s={search_term_string}\"},\"query-input\":{\"@type\":\"PropertyValueSpecification\",\"valueRequired\":true,\"valueName\":\"search_term_string\"}}],\"inLanguage\":\"es-AR\"},{\"@type\":\"Organization\",\"@id\":\"https:\\\/\\\/www.todovalvulas.com.ar\\\/site\\\/#organization\",\"name\":\"Todovalvulas\",\"url\":\"https:\\\/\\\/www.todovalvulas.com.ar\\\/site\\\/\",\"logo\":{\"@type\":\"ImageObject\",\"inLanguage\":\"es-AR\",\"@id\":\"https:\\\/\\\/www.todovalvulas.com.ar\\\/site\\\/#\\\/schema\\\/logo\\\/image\\\/\",\"url\":\"https:\\\/\\\/www.todovalvulas.com.ar\\\/site\\\/wp-content\\\/uploads\\\/2024\\\/08\\\/todovalvulas_iconoWeb.png\",\"contentUrl\":\"https:\\\/\\\/www.todovalvulas.com.ar\\\/site\\\/wp-content\\\/uploads\\\/2024\\\/08\\\/todovalvulas_iconoWeb.png\",\"width\":512,\"height\":512,\"caption\":\"Todovalvulas\"},\"image\":{\"@id\":\"https:\\\/\\\/www.todovalvulas.com.ar\\\/site\\\/#\\\/schema\\\/logo\\\/image\\\/\"},\"sameAs\":[\"https:\\\/\\\/www.instagram.com\\\/todovalvulasargentina\\\/\"]}]}<\/script>\n<!-- \/ Yoast SEO plugin. -->","yoast_head_json":{"title":"MUT2200EL - Todovalvulas","robots":{"index":"index","follow":"follow","max-snippet":"max-snippet:-1","max-image-preview":"max-image-preview:large","max-video-preview":"max-video-preview:-1"},"canonical":"https:\/\/www.todovalvulas.com.ar\/site\/producto\/mut2200el\/","og_locale":"es_ES","og_type":"article","og_title":"MUT2200EL - Todovalvulas","og_description":"Los sensores MUT2200EL representan la vanguardia de la producci\u00f3n de Euromag International para las aplicaciones de ciclos y procesos de agua.","og_url":"https:\/\/www.todovalvulas.com.ar\/site\/producto\/mut2200el\/","og_site_name":"Todovalvulas","article_modified_time":"2025-11-17T12:58:00+00:00","og_image":[{"width":600,"height":600,"url":"https:\/\/www.todovalvulas.com.ar\/site\/wp-content\/uploads\/2025\/04\/caudalimetro_Electromagnetico.webp","type":"image\/webp"}],"twitter_card":"summary_large_image","twitter_misc":{"Tiempo de lectura":"1 minuto"},"schema":{"@context":"https:\/\/schema.org","@graph":[{"@type":"WebPage","@id":"https:\/\/www.todovalvulas.com.ar\/site\/producto\/mut2200el\/","url":"https:\/\/www.todovalvulas.com.ar\/site\/producto\/mut2200el\/","name":"MUT2200EL - Todovalvulas","isPartOf":{"@id":"https:\/\/www.todovalvulas.com.ar\/site\/#website"},"primaryImageOfPage":{"@id":"https:\/\/www.todovalvulas.com.ar\/site\/producto\/mut2200el\/#primaryimage"},"image":{"@id":"https:\/\/www.todovalvulas.com.ar\/site\/producto\/mut2200el\/#primaryimage"},"thumbnailUrl":"https:\/\/www.todovalvulas.com.ar\/site\/wp-content\/uploads\/2025\/04\/caudalimetro_Electromagnetico.webp","datePublished":"2025-04-17T17:57:53+00:00","dateModified":"2025-11-17T12:58:00+00:00","breadcrumb":{"@id":"https:\/\/www.todovalvulas.com.ar\/site\/producto\/mut2200el\/#breadcrumb"},"inLanguage":"es-AR","potentialAction":[{"@type":"ReadAction","target":["https:\/\/www.todovalvulas.com.ar\/site\/producto\/mut2200el\/"]}]},{"@type":"ImageObject","inLanguage":"es-AR","@id":"https:\/\/www.todovalvulas.com.ar\/site\/producto\/mut2200el\/#primaryimage","url":"https:\/\/www.todovalvulas.com.ar\/site\/wp-content\/uploads\/2025\/04\/caudalimetro_Electromagnetico.webp","contentUrl":"https:\/\/www.todovalvulas.com.ar\/site\/wp-content\/uploads\/2025\/04\/caudalimetro_Electromagnetico.webp","width":600,"height":600},{"@type":"BreadcrumbList","@id":"https:\/\/www.todovalvulas.com.ar\/site\/producto\/mut2200el\/#breadcrumb","itemListElement":[{"@type":"ListItem","position":1,"name":"Inicio","item":"https:\/\/www.todovalvulas.com.ar\/site\/"},{"@type":"ListItem","position":2,"name":"Tienda","item":"https:\/\/www.todovalvulas.com.ar\/site\/tienda-2\/"},{"@type":"ListItem","position":3,"name":"MUT2200EL"}]},{"@type":"WebSite","@id":"https:\/\/www.todovalvulas.com.ar\/site\/#website","url":"https:\/\/www.todovalvulas.com.ar\/site\/","name":"Todovalvulas","description":"","publisher":{"@id":"https:\/\/www.todovalvulas.com.ar\/site\/#organization"},"potentialAction":[{"@type":"SearchAction","target":{"@type":"EntryPoint","urlTemplate":"https:\/\/www.todovalvulas.com.ar\/site\/?s={search_term_string}"},"query-input":{"@type":"PropertyValueSpecification","valueRequired":true,"valueName":"search_term_string"}}],"inLanguage":"es-AR"},{"@type":"Organization","@id":"https:\/\/www.todovalvulas.com.ar\/site\/#organization","name":"Todovalvulas","url":"https:\/\/www.todovalvulas.com.ar\/site\/","logo":{"@type":"ImageObject","inLanguage":"es-AR","@id":"https:\/\/www.todovalvulas.com.ar\/site\/#\/schema\/logo\/image\/","url":"https:\/\/www.todovalvulas.com.ar\/site\/wp-content\/uploads\/2024\/08\/todovalvulas_iconoWeb.png","contentUrl":"https:\/\/www.todovalvulas.com.ar\/site\/wp-content\/uploads\/2024\/08\/todovalvulas_iconoWeb.png","width":512,"height":512,"caption":"Todovalvulas"},"image":{"@id":"https:\/\/www.todovalvulas.com.ar\/site\/#\/schema\/logo\/image\/"},"sameAs":["https:\/\/www.instagram.com\/todovalvulasargentina\/"]}]}},"_links":{"self":[{"href":"https:\/\/www.todovalvulas.com.ar\/site\/wp-json\/wp\/v2\/product\/9445","targetHints":{"allow":["GET"]}}],"collection":[{"href":"https:\/\/www.todovalvulas.com.ar\/site\/wp-json\/wp\/v2\/product"}],"about":[{"href":"https:\/\/www.todovalvulas.com.ar\/site\/wp-json\/wp\/v2\/types\/product"}],"wp:featuredmedia":[{"embeddable":true,"href":"https:\/\/www.todovalvulas.com.ar\/site\/wp-json\/wp\/v2\/media\/9443"}],"wp:attachment":[{"href":"https:\/\/www.todovalvulas.com.ar\/site\/wp-json\/wp\/v2\/media?parent=9445"}],"wp:term":[{"taxonomy":"product_brand","embeddable":true,"href":"https:\/\/www.todovalvulas.com.ar\/site\/wp-json\/wp\/v2\/product_brand?post=9445"},{"taxonomy":"product_cat","embeddable":true,"href":"https:\/\/www.todovalvulas.com.ar\/site\/wp-json\/wp\/v2\/product_cat?post=9445"},{"taxonomy":"product_tag","embeddable":true,"href":"https:\/\/www.todovalvulas.com.ar\/site\/wp-json\/wp\/v2\/product_tag?post=9445"}],"curies":[{"name":"wp","href":"https:\/\/api.w.org\/{rel}","templated":true}]}}