{"id":9530,"date":"2025-04-21T12:33:05","date_gmt":"2025-04-21T15:33:05","guid":{"rendered":"http:\/\/www.todovalvulas.com.ar\/site\/?post_type=product&#038;p=9530"},"modified":"2025-04-21T12:42:27","modified_gmt":"2025-04-21T15:42:27","slug":"solenoide-modelo-710","status":"publish","type":"product","link":"https:\/\/www.todovalvulas.com.ar\/site\/producto\/solenoide-modelo-710\/","title":{"rendered":"Modelo 710"},"content":{"rendered":"<section class=\"l-section wpb_row height_small\"><div class=\"l-section-h i-cf\"><div class=\"g-cols vc_row via_grid cols_1 laptops-cols_inherit tablets-cols_inherit mobiles-cols_1 valign_top type_default stacking_default\"><div class=\"wpb_column vc_column_container\"><div class=\"vc_column-inner\"><div class=\"wpb_text_column\"><div class=\"wpb_wrapper\"><p>V\u00e1lvula controlada por solenoide de c\u00e1mara doble, de operaci\u00f3n hidr\u00e1ulica, que se abre completamente, sin que le afecte la presi\u00f3n diferencial de la v\u00e1lvula, o bien se cierra en respuesta a se\u00f1ales el\u00e9ctricas. Esta v\u00e1lvula es especialmente adecuada para aplicaciones de muy baja presi\u00f3n y en sistemas que usan l\u00edquidos corrosivos y est\u00e1n controlados por agua dulce externa o aire comprimido. Disponible en Modelos Normalmente abierta (NO), Normalmente cerrada (NC) o LATCH.<\/p>\n<p>Las v\u00e1lvulas de la serie SIGMA 700 EN\/ES de BERMAD son v\u00e1lvulas de operaci\u00f3n hidr\u00e1ulica, de forma oblicua tipo globo, en que el conjunto del asiento elevado y el actuador de c\u00e1mara doble de una sola pieza pueden desmontarse del cuerpo como una pieza integral. El cuerpo hidrodin\u00e1mico ha sido dise\u00f1ado para brindar una trayectoria de flujo sin obstrucciones, con una capacidad de modulaci\u00f3n excelente y altamente efectiva para aplicaciones con grandes diferencias de presi\u00f3n. Estas v\u00e1lvulas est\u00e1n disponibles en la configuraci\u00f3n est\u00e1ndar o con una funci\u00f3n de retenci\u00f3n independiente, c\u00f3digo \u201c2S\u201d. Las v\u00e1lvulas Sigma 700 EN\/ES funcionan en condiciones dif\u00edciles con m\u00ednimo riesgo de cavitaci\u00f3n y sin ruidos molestos. Cumplen los requisitos de tama\u00f1o y dimensiones de diversas normativas.<\/p>\n<p><strong>Caracter\u00edsticas y Ventajas<\/strong><br \/>\n\u2022 Dise\u00f1adas para resistir las condiciones m\u00e1s duras<br \/>\n\u2022 Excelentes caracter\u00edsticas anti-cavitaci\u00f3n<br \/>\n\u2022 Amplia gama de caudales<br \/>\n\u2022 Estabilidad y precisi\u00f3n<br \/>\n\u2022 Cierre herm\u00e9tico a prueba de fugas \u05ba Dise\u00f1o de c\u00e1mara doble<br \/>\n\u2022 Reacci\u00f3n moderada de la v\u00e1lvula<br \/>\n\u2022 Diafragma protegido<br \/>\n\u2022 Operaci\u00f3n opcional con muy baja presi\u00f3n<br \/>\n\u2022 Curva de cierre moderada \u05ba Dise\u00f1o flexible<br \/>\n\u2022 Permite incorporar funciones adicionales con facilidad \u05ba Flujo libre de obstrucciones<\/p>\n<\/div><\/div><\/div><\/div><\/div><\/div><\/section>\n","protected":false},"excerpt":{"rendered":"<p><img loading=\"lazy\" decoding=\"async\" class=\"alignnone size-full wp-image-9284\" src=\"https:\/\/www.todovalvulas.com.ar\/site\/wp-content\/uploads\/2025\/01\/bermad.webp\" alt=\"\" width=\"103\" height=\"50\" \/><\/p>\n<p>La v\u00e1lvula de solenoide modelo 710 es una v\u00e1lvula de control de operaci\u00f3n hidr\u00e1ulica, accionada por diafragma, que se abre o se cierra completamente en respuesta a se\u00f1ales el\u00e9ctricas. Para aplicaciones de muy baja presi\u00f3n, se recomienda ver la v\u00e1lvula de apertura y cierre totalmente propulsados modelo 710-B<\/p>\n","protected":false},"featured_media":9531,"template":"","meta":{"_acf_changed":false,"_joinchat":[]},"product_brand":[],"product_cat":[57,55],"product_tag":[],"class_list":{"0":"post-9530","1":"product","2":"type-product","3":"status-publish","4":"has-post-thumbnail","6":"product_cat-solenoides","7":"product_cat-valvulas-de-control","9":"first","10":"instock","11":"shipping-taxable","12":"product-type-simple"},"acf":[],"yoast_head":"<!-- This site is optimized with the Yoast SEO plugin v27.5 - https:\/\/yoast.com\/product\/yoast-seo-wordpress\/ -->\n<title>Modelo 710 - Todovalvulas<\/title>\n<meta name=\"robots\" content=\"index, follow, max-snippet:-1, max-image-preview:large, max-video-preview:-1\" \/>\n<link rel=\"canonical\" href=\"https:\/\/www.todovalvulas.com.ar\/site\/producto\/solenoide-modelo-710\/\" \/>\n<meta property=\"og:locale\" content=\"es_ES\" \/>\n<meta property=\"og:type\" content=\"article\" \/>\n<meta property=\"og:title\" content=\"Modelo 710 - Todovalvulas\" \/>\n<meta property=\"og:description\" content=\"La v\u00e1lvula de solenoide modelo 710 es una v\u00e1lvula de control de operaci\u00f3n hidr\u00e1ulica, accionada por diafragma, que se abre o se cierra completamente en respuesta a se\u00f1ales el\u00e9ctricas. Para aplicaciones de muy baja presi\u00f3n, se recomienda ver la v\u00e1lvula de apertura y cierre totalmente propulsados modelo 710-B\" \/>\n<meta property=\"og:url\" content=\"https:\/\/www.todovalvulas.com.ar\/site\/producto\/solenoide-modelo-710\/\" \/>\n<meta property=\"og:site_name\" content=\"Todovalvulas\" \/>\n<meta property=\"article:modified_time\" content=\"2025-04-21T15:42:27+00:00\" \/>\n<meta property=\"og:image\" content=\"https:\/\/www.todovalvulas.com.ar\/site\/wp-content\/uploads\/2025\/04\/valvula_solenoide-710.webp\" \/>\n\t<meta property=\"og:image:width\" content=\"600\" \/>\n\t<meta property=\"og:image:height\" content=\"600\" \/>\n\t<meta property=\"og:image:type\" content=\"image\/webp\" \/>\n<meta name=\"twitter:card\" content=\"summary_large_image\" \/>\n<meta name=\"twitter:label1\" content=\"Tiempo de lectura\" \/>\n\t<meta name=\"twitter:data1\" content=\"2 minutos\" \/>\n<script type=\"application\/ld+json\" class=\"yoast-schema-graph\">{\"@context\":\"https:\\\/\\\/schema.org\",\"@graph\":[{\"@type\":\"WebPage\",\"@id\":\"https:\\\/\\\/www.todovalvulas.com.ar\\\/site\\\/producto\\\/solenoide-modelo-710\\\/\",\"url\":\"https:\\\/\\\/www.todovalvulas.com.ar\\\/site\\\/producto\\\/solenoide-modelo-710\\\/\",\"name\":\"Modelo 710 - Todovalvulas\",\"isPartOf\":{\"@id\":\"https:\\\/\\\/www.todovalvulas.com.ar\\\/site\\\/#website\"},\"primaryImageOfPage\":{\"@id\":\"https:\\\/\\\/www.todovalvulas.com.ar\\\/site\\\/producto\\\/solenoide-modelo-710\\\/#primaryimage\"},\"image\":{\"@id\":\"https:\\\/\\\/www.todovalvulas.com.ar\\\/site\\\/producto\\\/solenoide-modelo-710\\\/#primaryimage\"},\"thumbnailUrl\":\"https:\\\/\\\/www.todovalvulas.com.ar\\\/site\\\/wp-content\\\/uploads\\\/2025\\\/04\\\/valvula_solenoide-710.webp\",\"datePublished\":\"2025-04-21T15:33:05+00:00\",\"dateModified\":\"2025-04-21T15:42:27+00:00\",\"breadcrumb\":{\"@id\":\"https:\\\/\\\/www.todovalvulas.com.ar\\\/site\\\/producto\\\/solenoide-modelo-710\\\/#breadcrumb\"},\"inLanguage\":\"es-AR\",\"potentialAction\":[{\"@type\":\"ReadAction\",\"target\":[\"https:\\\/\\\/www.todovalvulas.com.ar\\\/site\\\/producto\\\/solenoide-modelo-710\\\/\"]}]},{\"@type\":\"ImageObject\",\"inLanguage\":\"es-AR\",\"@id\":\"https:\\\/\\\/www.todovalvulas.com.ar\\\/site\\\/producto\\\/solenoide-modelo-710\\\/#primaryimage\",\"url\":\"https:\\\/\\\/www.todovalvulas.com.ar\\\/site\\\/wp-content\\\/uploads\\\/2025\\\/04\\\/valvula_solenoide-710.webp\",\"contentUrl\":\"https:\\\/\\\/www.todovalvulas.com.ar\\\/site\\\/wp-content\\\/uploads\\\/2025\\\/04\\\/valvula_solenoide-710.webp\",\"width\":600,\"height\":600},{\"@type\":\"BreadcrumbList\",\"@id\":\"https:\\\/\\\/www.todovalvulas.com.ar\\\/site\\\/producto\\\/solenoide-modelo-710\\\/#breadcrumb\",\"itemListElement\":[{\"@type\":\"ListItem\",\"position\":1,\"name\":\"Inicio\",\"item\":\"https:\\\/\\\/www.todovalvulas.com.ar\\\/site\\\/\"},{\"@type\":\"ListItem\",\"position\":2,\"name\":\"Tienda\",\"item\":\"https:\\\/\\\/www.todovalvulas.com.ar\\\/site\\\/tienda-2\\\/\"},{\"@type\":\"ListItem\",\"position\":3,\"name\":\"Modelo 710\"}]},{\"@type\":\"WebSite\",\"@id\":\"https:\\\/\\\/www.todovalvulas.com.ar\\\/site\\\/#website\",\"url\":\"https:\\\/\\\/www.todovalvulas.com.ar\\\/site\\\/\",\"name\":\"Todovalvulas\",\"description\":\"\",\"publisher\":{\"@id\":\"https:\\\/\\\/www.todovalvulas.com.ar\\\/site\\\/#organization\"},\"potentialAction\":[{\"@type\":\"SearchAction\",\"target\":{\"@type\":\"EntryPoint\",\"urlTemplate\":\"https:\\\/\\\/www.todovalvulas.com.ar\\\/site\\\/?s={search_term_string}\"},\"query-input\":{\"@type\":\"PropertyValueSpecification\",\"valueRequired\":true,\"valueName\":\"search_term_string\"}}],\"inLanguage\":\"es-AR\"},{\"@type\":\"Organization\",\"@id\":\"https:\\\/\\\/www.todovalvulas.com.ar\\\/site\\\/#organization\",\"name\":\"Todovalvulas\",\"url\":\"https:\\\/\\\/www.todovalvulas.com.ar\\\/site\\\/\",\"logo\":{\"@type\":\"ImageObject\",\"inLanguage\":\"es-AR\",\"@id\":\"https:\\\/\\\/www.todovalvulas.com.ar\\\/site\\\/#\\\/schema\\\/logo\\\/image\\\/\",\"url\":\"https:\\\/\\\/www.todovalvulas.com.ar\\\/site\\\/wp-content\\\/uploads\\\/2024\\\/08\\\/todovalvulas_iconoWeb.png\",\"contentUrl\":\"https:\\\/\\\/www.todovalvulas.com.ar\\\/site\\\/wp-content\\\/uploads\\\/2024\\\/08\\\/todovalvulas_iconoWeb.png\",\"width\":512,\"height\":512,\"caption\":\"Todovalvulas\"},\"image\":{\"@id\":\"https:\\\/\\\/www.todovalvulas.com.ar\\\/site\\\/#\\\/schema\\\/logo\\\/image\\\/\"},\"sameAs\":[\"https:\\\/\\\/www.instagram.com\\\/todovalvulasargentina\\\/\"]}]}<\/script>\n<!-- \/ Yoast SEO plugin. -->","yoast_head_json":{"title":"Modelo 710 - Todovalvulas","robots":{"index":"index","follow":"follow","max-snippet":"max-snippet:-1","max-image-preview":"max-image-preview:large","max-video-preview":"max-video-preview:-1"},"canonical":"https:\/\/www.todovalvulas.com.ar\/site\/producto\/solenoide-modelo-710\/","og_locale":"es_ES","og_type":"article","og_title":"Modelo 710 - Todovalvulas","og_description":"La v\u00e1lvula de solenoide modelo 710 es una v\u00e1lvula de control de operaci\u00f3n hidr\u00e1ulica, accionada por diafragma, que se abre o se cierra completamente en respuesta a se\u00f1ales el\u00e9ctricas. Para aplicaciones de muy baja presi\u00f3n, se recomienda ver la v\u00e1lvula de apertura y cierre totalmente propulsados modelo 710-B","og_url":"https:\/\/www.todovalvulas.com.ar\/site\/producto\/solenoide-modelo-710\/","og_site_name":"Todovalvulas","article_modified_time":"2025-04-21T15:42:27+00:00","og_image":[{"width":600,"height":600,"url":"https:\/\/www.todovalvulas.com.ar\/site\/wp-content\/uploads\/2025\/04\/valvula_solenoide-710.webp","type":"image\/webp"}],"twitter_card":"summary_large_image","twitter_misc":{"Tiempo de lectura":"2 minutos"},"schema":{"@context":"https:\/\/schema.org","@graph":[{"@type":"WebPage","@id":"https:\/\/www.todovalvulas.com.ar\/site\/producto\/solenoide-modelo-710\/","url":"https:\/\/www.todovalvulas.com.ar\/site\/producto\/solenoide-modelo-710\/","name":"Modelo 710 - Todovalvulas","isPartOf":{"@id":"https:\/\/www.todovalvulas.com.ar\/site\/#website"},"primaryImageOfPage":{"@id":"https:\/\/www.todovalvulas.com.ar\/site\/producto\/solenoide-modelo-710\/#primaryimage"},"image":{"@id":"https:\/\/www.todovalvulas.com.ar\/site\/producto\/solenoide-modelo-710\/#primaryimage"},"thumbnailUrl":"https:\/\/www.todovalvulas.com.ar\/site\/wp-content\/uploads\/2025\/04\/valvula_solenoide-710.webp","datePublished":"2025-04-21T15:33:05+00:00","dateModified":"2025-04-21T15:42:27+00:00","breadcrumb":{"@id":"https:\/\/www.todovalvulas.com.ar\/site\/producto\/solenoide-modelo-710\/#breadcrumb"},"inLanguage":"es-AR","potentialAction":[{"@type":"ReadAction","target":["https:\/\/www.todovalvulas.com.ar\/site\/producto\/solenoide-modelo-710\/"]}]},{"@type":"ImageObject","inLanguage":"es-AR","@id":"https:\/\/www.todovalvulas.com.ar\/site\/producto\/solenoide-modelo-710\/#primaryimage","url":"https:\/\/www.todovalvulas.com.ar\/site\/wp-content\/uploads\/2025\/04\/valvula_solenoide-710.webp","contentUrl":"https:\/\/www.todovalvulas.com.ar\/site\/wp-content\/uploads\/2025\/04\/valvula_solenoide-710.webp","width":600,"height":600},{"@type":"BreadcrumbList","@id":"https:\/\/www.todovalvulas.com.ar\/site\/producto\/solenoide-modelo-710\/#breadcrumb","itemListElement":[{"@type":"ListItem","position":1,"name":"Inicio","item":"https:\/\/www.todovalvulas.com.ar\/site\/"},{"@type":"ListItem","position":2,"name":"Tienda","item":"https:\/\/www.todovalvulas.com.ar\/site\/tienda-2\/"},{"@type":"ListItem","position":3,"name":"Modelo 710"}]},{"@type":"WebSite","@id":"https:\/\/www.todovalvulas.com.ar\/site\/#website","url":"https:\/\/www.todovalvulas.com.ar\/site\/","name":"Todovalvulas","description":"","publisher":{"@id":"https:\/\/www.todovalvulas.com.ar\/site\/#organization"},"potentialAction":[{"@type":"SearchAction","target":{"@type":"EntryPoint","urlTemplate":"https:\/\/www.todovalvulas.com.ar\/site\/?s={search_term_string}"},"query-input":{"@type":"PropertyValueSpecification","valueRequired":true,"valueName":"search_term_string"}}],"inLanguage":"es-AR"},{"@type":"Organization","@id":"https:\/\/www.todovalvulas.com.ar\/site\/#organization","name":"Todovalvulas","url":"https:\/\/www.todovalvulas.com.ar\/site\/","logo":{"@type":"ImageObject","inLanguage":"es-AR","@id":"https:\/\/www.todovalvulas.com.ar\/site\/#\/schema\/logo\/image\/","url":"https:\/\/www.todovalvulas.com.ar\/site\/wp-content\/uploads\/2024\/08\/todovalvulas_iconoWeb.png","contentUrl":"https:\/\/www.todovalvulas.com.ar\/site\/wp-content\/uploads\/2024\/08\/todovalvulas_iconoWeb.png","width":512,"height":512,"caption":"Todovalvulas"},"image":{"@id":"https:\/\/www.todovalvulas.com.ar\/site\/#\/schema\/logo\/image\/"},"sameAs":["https:\/\/www.instagram.com\/todovalvulasargentina\/"]}]}},"_links":{"self":[{"href":"https:\/\/www.todovalvulas.com.ar\/site\/wp-json\/wp\/v2\/product\/9530","targetHints":{"allow":["GET"]}}],"collection":[{"href":"https:\/\/www.todovalvulas.com.ar\/site\/wp-json\/wp\/v2\/product"}],"about":[{"href":"https:\/\/www.todovalvulas.com.ar\/site\/wp-json\/wp\/v2\/types\/product"}],"wp:featuredmedia":[{"embeddable":true,"href":"https:\/\/www.todovalvulas.com.ar\/site\/wp-json\/wp\/v2\/media\/9531"}],"wp:attachment":[{"href":"https:\/\/www.todovalvulas.com.ar\/site\/wp-json\/wp\/v2\/media?parent=9530"}],"wp:term":[{"taxonomy":"product_brand","embeddable":true,"href":"https:\/\/www.todovalvulas.com.ar\/site\/wp-json\/wp\/v2\/product_brand?post=9530"},{"taxonomy":"product_cat","embeddable":true,"href":"https:\/\/www.todovalvulas.com.ar\/site\/wp-json\/wp\/v2\/product_cat?post=9530"},{"taxonomy":"product_tag","embeddable":true,"href":"https:\/\/www.todovalvulas.com.ar\/site\/wp-json\/wp\/v2\/product_tag?post=9530"}],"curies":[{"name":"wp","href":"https:\/\/api.w.org\/{rel}","templated":true}]}}