{"id":9532,"date":"2025-04-21T12:42:32","date_gmt":"2025-04-21T15:42:32","guid":{"rendered":"http:\/\/www.todovalvulas.com.ar\/site\/?post_type=product&#038;p=9532"},"modified":"2025-04-21T12:46:24","modified_gmt":"2025-04-21T15:46:24","slug":"modelo-735-m","status":"publish","type":"product","link":"https:\/\/www.todovalvulas.com.ar\/site\/producto\/modelo-735-m\/","title":{"rendered":"Modelo 735-M"},"content":{"rendered":"<section class=\"l-section wpb_row height_small\"><div class=\"l-section-h i-cf\"><div class=\"g-cols vc_row via_grid cols_1 laptops-cols_inherit tablets-cols_inherit mobiles-cols_1 valign_top type_default stacking_default\"><div class=\"wpb_column vc_column_container\"><div class=\"vc_column-inner\"><div class=\"wpb_text_column\"><div class=\"wpb_wrapper\"><p>La<strong> v\u00e1lvula anticipadora de onda Modelo 735-M<\/strong> es una v\u00e1lvula instalada fuera de la l\u00ednea, de operaci\u00f3n hidr\u00e1ulica y accionada por diafragma. La v\u00e1lvula se abre en reacci\u00f3n a la ca\u00edda de presi\u00f3n generada por la s\u00fabita parada de la bomba. Mediante la preapertura de la v\u00e1lvula se disipa la onda de alta presi\u00f3n de retorno y as\u00ed se elimina el golpe de ariete. La v\u00e1lvula modelo 735-M se cierra con suavidad y herm\u00e9ticamente en cuanto lo permite la funci\u00f3n de alivio, evitando la onda de cierre. Esta v\u00e1lvula sirve tambi\u00e9n para aliviar la presi\u00f3n excesiva en el sistema.<\/p>\n<p><strong>Caracter\u00edsticas y ventajas<\/strong><br \/>\n\u2022 Sustituye a los dep\u00f3sitos de aire de sobretensi\u00f3n<br \/>\n\u274f Alivia la sobretensi\u00f3n, apertura a prueba de fallos<br \/>\n\u274f Mantenimiento m\u00ednimo<br \/>\n\u274f Econom\u00eda de espacio<br \/>\n\u274f Menores costes de inversi\u00f3n y mantenimiento<br \/>\n\u274f Especialmente econ\u00f3micos para presiones nominales m\u00e1s altas<br \/>\n\u2022 Accionamiento por presi\u00f3n de l\u00ednea<br \/>\n\u274f Funcionamiento independiente<br \/>\n\u274f Sin necesidad de motor<br \/>\n\u274f Estanqueidad al goteo a largo plazo<br \/>\n\u274f Accionamiento hidr\u00e1ulico ajustable<br \/>\n\u2022 Doble c\u00e1mara<br \/>\n\u274f Cierre moderado de la v\u00e1lvula (sin sobrecargas)<br \/>\n\u274f Membrana protegida<br \/>\n\u2022 Mantenimiento en l\u00ednea &#8211; F\u00e1cil mantenimiento<br \/>\n\u2022 Sin obst\u00e1culos, paso total &#8211; Fiabilidad sin concesiones<br \/>\n\u2022 Disco de cierre equilibrado &#8211; Gran capacidad de caudal<\/p>\n<\/div><\/div><\/div><\/div><\/div><\/div><\/section>\n","protected":false},"excerpt":{"rendered":"<p><img loading=\"lazy\" decoding=\"async\" class=\"alignnone size-full wp-image-9284\" src=\"https:\/\/www.todovalvulas.com.ar\/site\/wp-content\/uploads\/2025\/01\/bermad.webp\" alt=\"\" width=\"103\" height=\"50\" \/><\/p>\n<p>La v\u00e1lvula anticipadora de onda Modelo 735-M es una v\u00e1lvula instalada fuera de la l\u00ednea, de operaci\u00f3n hidr\u00e1ulica y accionada por diafragma. La v\u00e1lvula se abre en reacci\u00f3n a la ca\u00edda de presi\u00f3n generada por la s\u00fabita parada de la bomba.<\/p>\n","protected":false},"featured_media":9533,"template":"","meta":{"_acf_changed":false,"_joinchat":[]},"product_brand":[],"product_cat":[63,55],"product_tag":[],"class_list":{"0":"post-9532","1":"product","2":"type-product","3":"status-publish","4":"has-post-thumbnail","6":"product_cat-anticipadora-de-onda","7":"product_cat-valvulas-de-control","9":"first","10":"instock","11":"shipping-taxable","12":"product-type-simple"},"acf":[],"yoast_head":"<!-- This site is optimized with the Yoast SEO plugin v27.5 - https:\/\/yoast.com\/product\/yoast-seo-wordpress\/ -->\n<title>Modelo 735-M - Todovalvulas<\/title>\n<meta name=\"robots\" content=\"index, follow, max-snippet:-1, max-image-preview:large, max-video-preview:-1\" \/>\n<link rel=\"canonical\" href=\"https:\/\/www.todovalvulas.com.ar\/site\/producto\/modelo-735-m\/\" \/>\n<meta property=\"og:locale\" content=\"es_ES\" \/>\n<meta property=\"og:type\" content=\"article\" \/>\n<meta property=\"og:title\" content=\"Modelo 735-M - Todovalvulas\" \/>\n<meta property=\"og:description\" content=\"La v\u00e1lvula anticipadora de onda Modelo 735-M es una v\u00e1lvula instalada fuera de la l\u00ednea, de operaci\u00f3n hidr\u00e1ulica y accionada por diafragma. La v\u00e1lvula se abre en reacci\u00f3n a la ca\u00edda de presi\u00f3n generada por la s\u00fabita parada de la bomba.\" \/>\n<meta property=\"og:url\" content=\"https:\/\/www.todovalvulas.com.ar\/site\/producto\/modelo-735-m\/\" \/>\n<meta property=\"og:site_name\" content=\"Todovalvulas\" \/>\n<meta property=\"article:modified_time\" content=\"2025-04-21T15:46:24+00:00\" \/>\n<meta property=\"og:image\" content=\"https:\/\/www.todovalvulas.com.ar\/site\/wp-content\/uploads\/2025\/04\/valvula_Modelo-735-M.webp\" \/>\n\t<meta property=\"og:image:width\" content=\"600\" \/>\n\t<meta property=\"og:image:height\" content=\"600\" \/>\n\t<meta property=\"og:image:type\" content=\"image\/webp\" \/>\n<meta name=\"twitter:card\" content=\"summary_large_image\" \/>\n<meta name=\"twitter:label1\" content=\"Tiempo de lectura\" \/>\n\t<meta name=\"twitter:data1\" content=\"1 minuto\" \/>\n<script type=\"application\/ld+json\" class=\"yoast-schema-graph\">{\"@context\":\"https:\\\/\\\/schema.org\",\"@graph\":[{\"@type\":\"WebPage\",\"@id\":\"https:\\\/\\\/www.todovalvulas.com.ar\\\/site\\\/producto\\\/modelo-735-m\\\/\",\"url\":\"https:\\\/\\\/www.todovalvulas.com.ar\\\/site\\\/producto\\\/modelo-735-m\\\/\",\"name\":\"Modelo 735-M - Todovalvulas\",\"isPartOf\":{\"@id\":\"https:\\\/\\\/www.todovalvulas.com.ar\\\/site\\\/#website\"},\"primaryImageOfPage\":{\"@id\":\"https:\\\/\\\/www.todovalvulas.com.ar\\\/site\\\/producto\\\/modelo-735-m\\\/#primaryimage\"},\"image\":{\"@id\":\"https:\\\/\\\/www.todovalvulas.com.ar\\\/site\\\/producto\\\/modelo-735-m\\\/#primaryimage\"},\"thumbnailUrl\":\"https:\\\/\\\/www.todovalvulas.com.ar\\\/site\\\/wp-content\\\/uploads\\\/2025\\\/04\\\/valvula_Modelo-735-M.webp\",\"datePublished\":\"2025-04-21T15:42:32+00:00\",\"dateModified\":\"2025-04-21T15:46:24+00:00\",\"breadcrumb\":{\"@id\":\"https:\\\/\\\/www.todovalvulas.com.ar\\\/site\\\/producto\\\/modelo-735-m\\\/#breadcrumb\"},\"inLanguage\":\"es-AR\",\"potentialAction\":[{\"@type\":\"ReadAction\",\"target\":[\"https:\\\/\\\/www.todovalvulas.com.ar\\\/site\\\/producto\\\/modelo-735-m\\\/\"]}]},{\"@type\":\"ImageObject\",\"inLanguage\":\"es-AR\",\"@id\":\"https:\\\/\\\/www.todovalvulas.com.ar\\\/site\\\/producto\\\/modelo-735-m\\\/#primaryimage\",\"url\":\"https:\\\/\\\/www.todovalvulas.com.ar\\\/site\\\/wp-content\\\/uploads\\\/2025\\\/04\\\/valvula_Modelo-735-M.webp\",\"contentUrl\":\"https:\\\/\\\/www.todovalvulas.com.ar\\\/site\\\/wp-content\\\/uploads\\\/2025\\\/04\\\/valvula_Modelo-735-M.webp\",\"width\":600,\"height\":600},{\"@type\":\"BreadcrumbList\",\"@id\":\"https:\\\/\\\/www.todovalvulas.com.ar\\\/site\\\/producto\\\/modelo-735-m\\\/#breadcrumb\",\"itemListElement\":[{\"@type\":\"ListItem\",\"position\":1,\"name\":\"Inicio\",\"item\":\"https:\\\/\\\/www.todovalvulas.com.ar\\\/site\\\/\"},{\"@type\":\"ListItem\",\"position\":2,\"name\":\"Tienda\",\"item\":\"https:\\\/\\\/www.todovalvulas.com.ar\\\/site\\\/tienda-2\\\/\"},{\"@type\":\"ListItem\",\"position\":3,\"name\":\"Modelo 735-M\"}]},{\"@type\":\"WebSite\",\"@id\":\"https:\\\/\\\/www.todovalvulas.com.ar\\\/site\\\/#website\",\"url\":\"https:\\\/\\\/www.todovalvulas.com.ar\\\/site\\\/\",\"name\":\"Todovalvulas\",\"description\":\"\",\"publisher\":{\"@id\":\"https:\\\/\\\/www.todovalvulas.com.ar\\\/site\\\/#organization\"},\"potentialAction\":[{\"@type\":\"SearchAction\",\"target\":{\"@type\":\"EntryPoint\",\"urlTemplate\":\"https:\\\/\\\/www.todovalvulas.com.ar\\\/site\\\/?s={search_term_string}\"},\"query-input\":{\"@type\":\"PropertyValueSpecification\",\"valueRequired\":true,\"valueName\":\"search_term_string\"}}],\"inLanguage\":\"es-AR\"},{\"@type\":\"Organization\",\"@id\":\"https:\\\/\\\/www.todovalvulas.com.ar\\\/site\\\/#organization\",\"name\":\"Todovalvulas\",\"url\":\"https:\\\/\\\/www.todovalvulas.com.ar\\\/site\\\/\",\"logo\":{\"@type\":\"ImageObject\",\"inLanguage\":\"es-AR\",\"@id\":\"https:\\\/\\\/www.todovalvulas.com.ar\\\/site\\\/#\\\/schema\\\/logo\\\/image\\\/\",\"url\":\"https:\\\/\\\/www.todovalvulas.com.ar\\\/site\\\/wp-content\\\/uploads\\\/2024\\\/08\\\/todovalvulas_iconoWeb.png\",\"contentUrl\":\"https:\\\/\\\/www.todovalvulas.com.ar\\\/site\\\/wp-content\\\/uploads\\\/2024\\\/08\\\/todovalvulas_iconoWeb.png\",\"width\":512,\"height\":512,\"caption\":\"Todovalvulas\"},\"image\":{\"@id\":\"https:\\\/\\\/www.todovalvulas.com.ar\\\/site\\\/#\\\/schema\\\/logo\\\/image\\\/\"},\"sameAs\":[\"https:\\\/\\\/www.instagram.com\\\/todovalvulasargentina\\\/\"]}]}<\/script>\n<!-- \/ Yoast SEO plugin. -->","yoast_head_json":{"title":"Modelo 735-M - Todovalvulas","robots":{"index":"index","follow":"follow","max-snippet":"max-snippet:-1","max-image-preview":"max-image-preview:large","max-video-preview":"max-video-preview:-1"},"canonical":"https:\/\/www.todovalvulas.com.ar\/site\/producto\/modelo-735-m\/","og_locale":"es_ES","og_type":"article","og_title":"Modelo 735-M - Todovalvulas","og_description":"La v\u00e1lvula anticipadora de onda Modelo 735-M es una v\u00e1lvula instalada fuera de la l\u00ednea, de operaci\u00f3n hidr\u00e1ulica y accionada por diafragma. La v\u00e1lvula se abre en reacci\u00f3n a la ca\u00edda de presi\u00f3n generada por la s\u00fabita parada de la bomba.","og_url":"https:\/\/www.todovalvulas.com.ar\/site\/producto\/modelo-735-m\/","og_site_name":"Todovalvulas","article_modified_time":"2025-04-21T15:46:24+00:00","og_image":[{"width":600,"height":600,"url":"https:\/\/www.todovalvulas.com.ar\/site\/wp-content\/uploads\/2025\/04\/valvula_Modelo-735-M.webp","type":"image\/webp"}],"twitter_card":"summary_large_image","twitter_misc":{"Tiempo de lectura":"1 minuto"},"schema":{"@context":"https:\/\/schema.org","@graph":[{"@type":"WebPage","@id":"https:\/\/www.todovalvulas.com.ar\/site\/producto\/modelo-735-m\/","url":"https:\/\/www.todovalvulas.com.ar\/site\/producto\/modelo-735-m\/","name":"Modelo 735-M - Todovalvulas","isPartOf":{"@id":"https:\/\/www.todovalvulas.com.ar\/site\/#website"},"primaryImageOfPage":{"@id":"https:\/\/www.todovalvulas.com.ar\/site\/producto\/modelo-735-m\/#primaryimage"},"image":{"@id":"https:\/\/www.todovalvulas.com.ar\/site\/producto\/modelo-735-m\/#primaryimage"},"thumbnailUrl":"https:\/\/www.todovalvulas.com.ar\/site\/wp-content\/uploads\/2025\/04\/valvula_Modelo-735-M.webp","datePublished":"2025-04-21T15:42:32+00:00","dateModified":"2025-04-21T15:46:24+00:00","breadcrumb":{"@id":"https:\/\/www.todovalvulas.com.ar\/site\/producto\/modelo-735-m\/#breadcrumb"},"inLanguage":"es-AR","potentialAction":[{"@type":"ReadAction","target":["https:\/\/www.todovalvulas.com.ar\/site\/producto\/modelo-735-m\/"]}]},{"@type":"ImageObject","inLanguage":"es-AR","@id":"https:\/\/www.todovalvulas.com.ar\/site\/producto\/modelo-735-m\/#primaryimage","url":"https:\/\/www.todovalvulas.com.ar\/site\/wp-content\/uploads\/2025\/04\/valvula_Modelo-735-M.webp","contentUrl":"https:\/\/www.todovalvulas.com.ar\/site\/wp-content\/uploads\/2025\/04\/valvula_Modelo-735-M.webp","width":600,"height":600},{"@type":"BreadcrumbList","@id":"https:\/\/www.todovalvulas.com.ar\/site\/producto\/modelo-735-m\/#breadcrumb","itemListElement":[{"@type":"ListItem","position":1,"name":"Inicio","item":"https:\/\/www.todovalvulas.com.ar\/site\/"},{"@type":"ListItem","position":2,"name":"Tienda","item":"https:\/\/www.todovalvulas.com.ar\/site\/tienda-2\/"},{"@type":"ListItem","position":3,"name":"Modelo 735-M"}]},{"@type":"WebSite","@id":"https:\/\/www.todovalvulas.com.ar\/site\/#website","url":"https:\/\/www.todovalvulas.com.ar\/site\/","name":"Todovalvulas","description":"","publisher":{"@id":"https:\/\/www.todovalvulas.com.ar\/site\/#organization"},"potentialAction":[{"@type":"SearchAction","target":{"@type":"EntryPoint","urlTemplate":"https:\/\/www.todovalvulas.com.ar\/site\/?s={search_term_string}"},"query-input":{"@type":"PropertyValueSpecification","valueRequired":true,"valueName":"search_term_string"}}],"inLanguage":"es-AR"},{"@type":"Organization","@id":"https:\/\/www.todovalvulas.com.ar\/site\/#organization","name":"Todovalvulas","url":"https:\/\/www.todovalvulas.com.ar\/site\/","logo":{"@type":"ImageObject","inLanguage":"es-AR","@id":"https:\/\/www.todovalvulas.com.ar\/site\/#\/schema\/logo\/image\/","url":"https:\/\/www.todovalvulas.com.ar\/site\/wp-content\/uploads\/2024\/08\/todovalvulas_iconoWeb.png","contentUrl":"https:\/\/www.todovalvulas.com.ar\/site\/wp-content\/uploads\/2024\/08\/todovalvulas_iconoWeb.png","width":512,"height":512,"caption":"Todovalvulas"},"image":{"@id":"https:\/\/www.todovalvulas.com.ar\/site\/#\/schema\/logo\/image\/"},"sameAs":["https:\/\/www.instagram.com\/todovalvulasargentina\/"]}]}},"_links":{"self":[{"href":"https:\/\/www.todovalvulas.com.ar\/site\/wp-json\/wp\/v2\/product\/9532","targetHints":{"allow":["GET"]}}],"collection":[{"href":"https:\/\/www.todovalvulas.com.ar\/site\/wp-json\/wp\/v2\/product"}],"about":[{"href":"https:\/\/www.todovalvulas.com.ar\/site\/wp-json\/wp\/v2\/types\/product"}],"wp:featuredmedia":[{"embeddable":true,"href":"https:\/\/www.todovalvulas.com.ar\/site\/wp-json\/wp\/v2\/media\/9533"}],"wp:attachment":[{"href":"https:\/\/www.todovalvulas.com.ar\/site\/wp-json\/wp\/v2\/media?parent=9532"}],"wp:term":[{"taxonomy":"product_brand","embeddable":true,"href":"https:\/\/www.todovalvulas.com.ar\/site\/wp-json\/wp\/v2\/product_brand?post=9532"},{"taxonomy":"product_cat","embeddable":true,"href":"https:\/\/www.todovalvulas.com.ar\/site\/wp-json\/wp\/v2\/product_cat?post=9532"},{"taxonomy":"product_tag","embeddable":true,"href":"https:\/\/www.todovalvulas.com.ar\/site\/wp-json\/wp\/v2\/product_tag?post=9532"}],"curies":[{"name":"wp","href":"https:\/\/api.w.org\/{rel}","templated":true}]}}