{"id":9536,"date":"2025-04-21T15:37:10","date_gmt":"2025-04-21T18:37:10","guid":{"rendered":"http:\/\/www.todovalvulas.com.ar\/site\/?post_type=product&#038;p=9536"},"modified":"2025-04-21T15:39:56","modified_gmt":"2025-04-21T18:39:56","slug":"modelo-718-03","status":"publish","type":"product","link":"https:\/\/www.todovalvulas.com.ar\/site\/producto\/modelo-718-03\/","title":{"rendered":"Modelo 718-03"},"content":{"rendered":"<section class=\"l-section wpb_row height_small\"><div class=\"l-section-h i-cf\"><div class=\"g-cols vc_row via_grid cols_1 laptops-cols_inherit tablets-cols_inherit mobiles-cols_1 valign_top type_default stacking_default\"><div class=\"wpb_column vc_column_container\"><div class=\"vc_column-inner\"><div class=\"wpb_text_column\"><div class=\"wpb_wrapper\"><p>V\u00e1lvula de control electr\u00f3nica en la que se combinan las ventajas de una excelente<br \/>\nv\u00e1lvula modulante de control hidr\u00e1ulica, impulsada por la presi\u00f3n en la l\u00ednea,<br \/>\ncon las de las v\u00e1lvulas de control electr\u00f3nicas. En respuesta a las se\u00f1ales del<br \/>\ncontrolador electr\u00f3nico, la v\u00e1lvula cambia su posici\u00f3n de apertura seg\u00fan los<br \/>\nvalores predefinidos programados en el controlador. V\u00e1lvula de c\u00e1mara doble<br \/>\ny propulsada para poder abrirse y cerrarse totalmente aun con presiones muy<br \/>\nbajas. Las velocidades de cierre y apertura de la v\u00e1lvula son controlables y se<br \/>\najustan en el sitio de la instalaci\u00f3n.<\/p>\n<p><strong>Caracter\u00edsticas y beneficios<\/strong><br \/>\n\u2022 Dise\u00f1adas para resistir las condiciones m\u00e1s duras<br \/>\n\u25a0 Excelentes caracter\u00edsticas anticavitaci\u00f3n<br \/>\n\u25a0 Amplia gama de caudales<br \/>\n\u25a0 Estabilidad y precisi\u00f3n<br \/>\n\u25a0 Cierre herm\u00e9tico a prueba de fugas<\/p>\n<p>\u2022 Dise\u00f1o de c\u00e1mara doble<br \/>\n\u25a0 Reacci\u00f3n moderada de la v\u00e1lvula<br \/>\n\u25a0 Diafragma protegido<br \/>\n\u25a0 Operaci\u00f3n opcional con muy baja presi\u00f3n<br \/>\n\u25a0 Curva de cierre moderada<\/p>\n<p>\u2022 Dise\u00f1o flexible &#8211; Permite incorporar funciones adicionales con facilidad<br \/>\n\u2022 Flujo libre de obstrucciones<br \/>\n\u2022 Tap\u00f3n regulador V-Port (opcional) \u2013 Alta estabilidad con bajos caudales<br \/>\n\u2022 Compatible con diversas normativas<br \/>\n\u2022 Materiales de alta calidad<br \/>\n\u2022 Mantenimiento sencillo en l\u00ednea<\/p>\n<\/div><\/div><\/div><\/div><\/div><\/div><\/section>\n","protected":false},"excerpt":{"rendered":"<p><img loading=\"lazy\" decoding=\"async\" class=\"alignnone size-full wp-image-9284\" src=\"https:\/\/www.todovalvulas.com.ar\/site\/wp-content\/uploads\/2025\/01\/bermad.webp\" alt=\"\" width=\"103\" height=\"50\" \/><\/p>\n<div class=\"wrapper2\">\n<div class=\"fright\">\n<div class=\"short_desc\">En la v\u00e1lvula electr\u00f3nica Modelo 718-03 se combinan las ventajas de las excelentes v\u00e1lvulas moduladoras de operaci\u00f3n hidr\u00e1ulica.<\/div>\n<div class=\"product-box2\">\n<div class=\"clear\"><\/div>\n<\/div>\n<div class=\"clear\"><\/div>\n<\/div>\n<\/div>\n<div class=\"clear\"><\/div>\n<div class=\"example2\">\n<div class=\"tabs_show\">\n<div class=\"responsive-tabs-wrapper\">\n<div class=\"responsive-tabs responsive-tabs--enabled\"><\/div>\n<\/div>\n<\/div>\n<\/div>\n","protected":false},"featured_media":9537,"template":"","meta":{"_acf_changed":false,"_joinchat":[]},"product_brand":[],"product_cat":[58,55],"product_tag":[],"class_list":{"0":"post-9536","1":"product","2":"type-product","3":"status-publish","4":"has-post-thumbnail","6":"product_cat-control-electronico","7":"product_cat-valvulas-de-control","9":"first","10":"instock","11":"shipping-taxable","12":"product-type-simple"},"acf":[],"yoast_head":"<!-- This site is optimized with the Yoast SEO plugin v27.5 - https:\/\/yoast.com\/product\/yoast-seo-wordpress\/ -->\n<title>Modelo 718-03 - Todovalvulas<\/title>\n<meta name=\"robots\" content=\"index, follow, max-snippet:-1, max-image-preview:large, max-video-preview:-1\" \/>\n<link rel=\"canonical\" href=\"https:\/\/www.todovalvulas.com.ar\/site\/producto\/modelo-718-03\/\" \/>\n<meta property=\"og:locale\" content=\"es_ES\" \/>\n<meta property=\"og:type\" content=\"article\" \/>\n<meta property=\"og:title\" content=\"Modelo 718-03 - Todovalvulas\" \/>\n<meta property=\"og:description\" content=\"En la v\u00e1lvula electr\u00f3nica Modelo 718-03 se combinan las ventajas de las excelentes v\u00e1lvulas moduladoras de operaci\u00f3n hidr\u00e1ulica.\" \/>\n<meta property=\"og:url\" content=\"https:\/\/www.todovalvulas.com.ar\/site\/producto\/modelo-718-03\/\" \/>\n<meta property=\"og:site_name\" content=\"Todovalvulas\" \/>\n<meta property=\"article:modified_time\" content=\"2025-04-21T18:39:56+00:00\" \/>\n<meta property=\"og:image\" content=\"https:\/\/www.todovalvulas.com.ar\/site\/wp-content\/uploads\/2025\/04\/valvula_718-03.webp\" \/>\n\t<meta property=\"og:image:width\" content=\"600\" \/>\n\t<meta property=\"og:image:height\" content=\"600\" \/>\n\t<meta property=\"og:image:type\" content=\"image\/webp\" \/>\n<meta name=\"twitter:card\" content=\"summary_large_image\" \/>\n<meta name=\"twitter:label1\" content=\"Tiempo de lectura\" \/>\n\t<meta name=\"twitter:data1\" content=\"1 minuto\" \/>\n<script type=\"application\/ld+json\" class=\"yoast-schema-graph\">{\"@context\":\"https:\\\/\\\/schema.org\",\"@graph\":[{\"@type\":\"WebPage\",\"@id\":\"https:\\\/\\\/www.todovalvulas.com.ar\\\/site\\\/producto\\\/modelo-718-03\\\/\",\"url\":\"https:\\\/\\\/www.todovalvulas.com.ar\\\/site\\\/producto\\\/modelo-718-03\\\/\",\"name\":\"Modelo 718-03 - Todovalvulas\",\"isPartOf\":{\"@id\":\"https:\\\/\\\/www.todovalvulas.com.ar\\\/site\\\/#website\"},\"primaryImageOfPage\":{\"@id\":\"https:\\\/\\\/www.todovalvulas.com.ar\\\/site\\\/producto\\\/modelo-718-03\\\/#primaryimage\"},\"image\":{\"@id\":\"https:\\\/\\\/www.todovalvulas.com.ar\\\/site\\\/producto\\\/modelo-718-03\\\/#primaryimage\"},\"thumbnailUrl\":\"https:\\\/\\\/www.todovalvulas.com.ar\\\/site\\\/wp-content\\\/uploads\\\/2025\\\/04\\\/valvula_718-03.webp\",\"datePublished\":\"2025-04-21T18:37:10+00:00\",\"dateModified\":\"2025-04-21T18:39:56+00:00\",\"breadcrumb\":{\"@id\":\"https:\\\/\\\/www.todovalvulas.com.ar\\\/site\\\/producto\\\/modelo-718-03\\\/#breadcrumb\"},\"inLanguage\":\"es-AR\",\"potentialAction\":[{\"@type\":\"ReadAction\",\"target\":[\"https:\\\/\\\/www.todovalvulas.com.ar\\\/site\\\/producto\\\/modelo-718-03\\\/\"]}]},{\"@type\":\"ImageObject\",\"inLanguage\":\"es-AR\",\"@id\":\"https:\\\/\\\/www.todovalvulas.com.ar\\\/site\\\/producto\\\/modelo-718-03\\\/#primaryimage\",\"url\":\"https:\\\/\\\/www.todovalvulas.com.ar\\\/site\\\/wp-content\\\/uploads\\\/2025\\\/04\\\/valvula_718-03.webp\",\"contentUrl\":\"https:\\\/\\\/www.todovalvulas.com.ar\\\/site\\\/wp-content\\\/uploads\\\/2025\\\/04\\\/valvula_718-03.webp\",\"width\":600,\"height\":600},{\"@type\":\"BreadcrumbList\",\"@id\":\"https:\\\/\\\/www.todovalvulas.com.ar\\\/site\\\/producto\\\/modelo-718-03\\\/#breadcrumb\",\"itemListElement\":[{\"@type\":\"ListItem\",\"position\":1,\"name\":\"Inicio\",\"item\":\"https:\\\/\\\/www.todovalvulas.com.ar\\\/site\\\/\"},{\"@type\":\"ListItem\",\"position\":2,\"name\":\"Tienda\",\"item\":\"https:\\\/\\\/www.todovalvulas.com.ar\\\/site\\\/tienda-2\\\/\"},{\"@type\":\"ListItem\",\"position\":3,\"name\":\"Modelo 718-03\"}]},{\"@type\":\"WebSite\",\"@id\":\"https:\\\/\\\/www.todovalvulas.com.ar\\\/site\\\/#website\",\"url\":\"https:\\\/\\\/www.todovalvulas.com.ar\\\/site\\\/\",\"name\":\"Todovalvulas\",\"description\":\"\",\"publisher\":{\"@id\":\"https:\\\/\\\/www.todovalvulas.com.ar\\\/site\\\/#organization\"},\"potentialAction\":[{\"@type\":\"SearchAction\",\"target\":{\"@type\":\"EntryPoint\",\"urlTemplate\":\"https:\\\/\\\/www.todovalvulas.com.ar\\\/site\\\/?s={search_term_string}\"},\"query-input\":{\"@type\":\"PropertyValueSpecification\",\"valueRequired\":true,\"valueName\":\"search_term_string\"}}],\"inLanguage\":\"es-AR\"},{\"@type\":\"Organization\",\"@id\":\"https:\\\/\\\/www.todovalvulas.com.ar\\\/site\\\/#organization\",\"name\":\"Todovalvulas\",\"url\":\"https:\\\/\\\/www.todovalvulas.com.ar\\\/site\\\/\",\"logo\":{\"@type\":\"ImageObject\",\"inLanguage\":\"es-AR\",\"@id\":\"https:\\\/\\\/www.todovalvulas.com.ar\\\/site\\\/#\\\/schema\\\/logo\\\/image\\\/\",\"url\":\"https:\\\/\\\/www.todovalvulas.com.ar\\\/site\\\/wp-content\\\/uploads\\\/2024\\\/08\\\/todovalvulas_iconoWeb.png\",\"contentUrl\":\"https:\\\/\\\/www.todovalvulas.com.ar\\\/site\\\/wp-content\\\/uploads\\\/2024\\\/08\\\/todovalvulas_iconoWeb.png\",\"width\":512,\"height\":512,\"caption\":\"Todovalvulas\"},\"image\":{\"@id\":\"https:\\\/\\\/www.todovalvulas.com.ar\\\/site\\\/#\\\/schema\\\/logo\\\/image\\\/\"},\"sameAs\":[\"https:\\\/\\\/www.instagram.com\\\/todovalvulasargentina\\\/\"]}]}<\/script>\n<!-- \/ Yoast SEO plugin. -->","yoast_head_json":{"title":"Modelo 718-03 - Todovalvulas","robots":{"index":"index","follow":"follow","max-snippet":"max-snippet:-1","max-image-preview":"max-image-preview:large","max-video-preview":"max-video-preview:-1"},"canonical":"https:\/\/www.todovalvulas.com.ar\/site\/producto\/modelo-718-03\/","og_locale":"es_ES","og_type":"article","og_title":"Modelo 718-03 - Todovalvulas","og_description":"En la v\u00e1lvula electr\u00f3nica Modelo 718-03 se combinan las ventajas de las excelentes v\u00e1lvulas moduladoras de operaci\u00f3n hidr\u00e1ulica.","og_url":"https:\/\/www.todovalvulas.com.ar\/site\/producto\/modelo-718-03\/","og_site_name":"Todovalvulas","article_modified_time":"2025-04-21T18:39:56+00:00","og_image":[{"width":600,"height":600,"url":"https:\/\/www.todovalvulas.com.ar\/site\/wp-content\/uploads\/2025\/04\/valvula_718-03.webp","type":"image\/webp"}],"twitter_card":"summary_large_image","twitter_misc":{"Tiempo de lectura":"1 minuto"},"schema":{"@context":"https:\/\/schema.org","@graph":[{"@type":"WebPage","@id":"https:\/\/www.todovalvulas.com.ar\/site\/producto\/modelo-718-03\/","url":"https:\/\/www.todovalvulas.com.ar\/site\/producto\/modelo-718-03\/","name":"Modelo 718-03 - Todovalvulas","isPartOf":{"@id":"https:\/\/www.todovalvulas.com.ar\/site\/#website"},"primaryImageOfPage":{"@id":"https:\/\/www.todovalvulas.com.ar\/site\/producto\/modelo-718-03\/#primaryimage"},"image":{"@id":"https:\/\/www.todovalvulas.com.ar\/site\/producto\/modelo-718-03\/#primaryimage"},"thumbnailUrl":"https:\/\/www.todovalvulas.com.ar\/site\/wp-content\/uploads\/2025\/04\/valvula_718-03.webp","datePublished":"2025-04-21T18:37:10+00:00","dateModified":"2025-04-21T18:39:56+00:00","breadcrumb":{"@id":"https:\/\/www.todovalvulas.com.ar\/site\/producto\/modelo-718-03\/#breadcrumb"},"inLanguage":"es-AR","potentialAction":[{"@type":"ReadAction","target":["https:\/\/www.todovalvulas.com.ar\/site\/producto\/modelo-718-03\/"]}]},{"@type":"ImageObject","inLanguage":"es-AR","@id":"https:\/\/www.todovalvulas.com.ar\/site\/producto\/modelo-718-03\/#primaryimage","url":"https:\/\/www.todovalvulas.com.ar\/site\/wp-content\/uploads\/2025\/04\/valvula_718-03.webp","contentUrl":"https:\/\/www.todovalvulas.com.ar\/site\/wp-content\/uploads\/2025\/04\/valvula_718-03.webp","width":600,"height":600},{"@type":"BreadcrumbList","@id":"https:\/\/www.todovalvulas.com.ar\/site\/producto\/modelo-718-03\/#breadcrumb","itemListElement":[{"@type":"ListItem","position":1,"name":"Inicio","item":"https:\/\/www.todovalvulas.com.ar\/site\/"},{"@type":"ListItem","position":2,"name":"Tienda","item":"https:\/\/www.todovalvulas.com.ar\/site\/tienda-2\/"},{"@type":"ListItem","position":3,"name":"Modelo 718-03"}]},{"@type":"WebSite","@id":"https:\/\/www.todovalvulas.com.ar\/site\/#website","url":"https:\/\/www.todovalvulas.com.ar\/site\/","name":"Todovalvulas","description":"","publisher":{"@id":"https:\/\/www.todovalvulas.com.ar\/site\/#organization"},"potentialAction":[{"@type":"SearchAction","target":{"@type":"EntryPoint","urlTemplate":"https:\/\/www.todovalvulas.com.ar\/site\/?s={search_term_string}"},"query-input":{"@type":"PropertyValueSpecification","valueRequired":true,"valueName":"search_term_string"}}],"inLanguage":"es-AR"},{"@type":"Organization","@id":"https:\/\/www.todovalvulas.com.ar\/site\/#organization","name":"Todovalvulas","url":"https:\/\/www.todovalvulas.com.ar\/site\/","logo":{"@type":"ImageObject","inLanguage":"es-AR","@id":"https:\/\/www.todovalvulas.com.ar\/site\/#\/schema\/logo\/image\/","url":"https:\/\/www.todovalvulas.com.ar\/site\/wp-content\/uploads\/2024\/08\/todovalvulas_iconoWeb.png","contentUrl":"https:\/\/www.todovalvulas.com.ar\/site\/wp-content\/uploads\/2024\/08\/todovalvulas_iconoWeb.png","width":512,"height":512,"caption":"Todovalvulas"},"image":{"@id":"https:\/\/www.todovalvulas.com.ar\/site\/#\/schema\/logo\/image\/"},"sameAs":["https:\/\/www.instagram.com\/todovalvulasargentina\/"]}]}},"_links":{"self":[{"href":"https:\/\/www.todovalvulas.com.ar\/site\/wp-json\/wp\/v2\/product\/9536","targetHints":{"allow":["GET"]}}],"collection":[{"href":"https:\/\/www.todovalvulas.com.ar\/site\/wp-json\/wp\/v2\/product"}],"about":[{"href":"https:\/\/www.todovalvulas.com.ar\/site\/wp-json\/wp\/v2\/types\/product"}],"wp:featuredmedia":[{"embeddable":true,"href":"https:\/\/www.todovalvulas.com.ar\/site\/wp-json\/wp\/v2\/media\/9537"}],"wp:attachment":[{"href":"https:\/\/www.todovalvulas.com.ar\/site\/wp-json\/wp\/v2\/media?parent=9536"}],"wp:term":[{"taxonomy":"product_brand","embeddable":true,"href":"https:\/\/www.todovalvulas.com.ar\/site\/wp-json\/wp\/v2\/product_brand?post=9536"},{"taxonomy":"product_cat","embeddable":true,"href":"https:\/\/www.todovalvulas.com.ar\/site\/wp-json\/wp\/v2\/product_cat?post=9536"},{"taxonomy":"product_tag","embeddable":true,"href":"https:\/\/www.todovalvulas.com.ar\/site\/wp-json\/wp\/v2\/product_tag?post=9536"}],"curies":[{"name":"wp","href":"https:\/\/api.w.org\/{rel}","templated":true}]}}