{"id":9542,"date":"2025-04-21T16:42:42","date_gmt":"2025-04-21T19:42:42","guid":{"rendered":"http:\/\/www.todovalvulas.com.ar\/site\/?post_type=product&#038;p=9542"},"modified":"2025-04-21T16:50:42","modified_gmt":"2025-04-21T19:50:42","slug":"piloto-de-nivel-modulante-vertical-67","status":"publish","type":"product","link":"https:\/\/www.todovalvulas.com.ar\/site\/producto\/piloto-de-nivel-modulante-vertical-67\/","title":{"rendered":"Piloto de nivel modulante vertical 67"},"content":{"rendered":"<section class=\"l-section wpb_row height_small\"><div class=\"l-section-h i-cf\"><div class=\"g-cols vc_row via_grid cols_1 laptops-cols_inherit tablets-cols_inherit mobiles-cols_1 valign_top type_default stacking_default\"><div class=\"wpb_column vc_column_container\"><div class=\"vc_column-inner\"><div class=\"wpb_text_column\"><div class=\"wpb_wrapper\"><p>V\u00e1lvula de control de operaci\u00f3n hidr\u00e1ulica para el llenado y control de nivel de dep\u00f3sitos (reservorios). El dep\u00f3sito se llena en respuesta a un flotador vertical modulante de control hidr\u00e1ulico, que mantiene el nivel del agua constante, sin que le afecten las fluctuaciones en la demanda (puede utilizarse en la admisi\u00f3n o en la descarga, seg\u00fan la aplicaci\u00f3n).<\/p>\n<p>Las v\u00e1lvulas de la serie SIGMA 700 EN\/ES de BERMAD son v\u00e1lvulas de operaci\u00f3n hidr\u00e1ulica, de forma oblicua tipo globo, en que el conjunto del asiento elevado y el actuador de c\u00e1mara doble de una sola pieza pueden desmontarse del cuerpo como una pieza integral. El cuerpo hidrodin\u00e1mico ha sido dise\u00f1ado para brindar una trayectoria de flujo sin obstrucciones, con una capacidad de modulaci\u00f3n excelente y altamente efectiva para aplicaciones con grandes diferencias de presi\u00f3n.<br \/>\nEstas v\u00e1lvulas est\u00e1n disponibles en la configuraci\u00f3n est\u00e1ndar o con una funci\u00f3n de retenci\u00f3n independiente, c\u00f3digo \u201c2S\u201d. Las v\u00e1lvulas Sigma 700 EN\/ES funcionan en condiciones dif\u00edciles con m\u00ednimo riesgo de cavitaci\u00f3n y sin ruidos molestos. Cumplen los requisitos de tama\u00f1o y dimensiones de diversas normativas.<\/p>\n<p><strong>Caracter\u00edsticas y ventajas<\/strong><br \/>\n\u2022 Dise\u00f1adas para resistir las condiciones m\u00e1s duras<br \/>\n\u25a0 Excelentes caracter\u00edsticas anticavitaci\u00f3n<br \/>\n\u25a0 Amplia gama de caudales<br \/>\n\u25a0 Estabilidad y precisi\u00f3n<br \/>\n\u25a0 Cierre herm\u00e9tico a prueba de fugas<\/p>\n<p>\u2022 Dise\u00f1o de c\u00e1mara doble<br \/>\n\u25a0 Reacci\u00f3n moderada de la v\u00e1lvula<br \/>\n\u25a0 Diafragma protegido<br \/>\n\u25a0 Operaci\u00f3n opcional con muy baja presi\u00f3n<br \/>\n\u25a0 Curva de cierre moderada<\/p>\n<p>\u2022 Dise\u00f1o flexible \u2013 Permite incorporar funciones adicionales con facilidad<br \/>\n\u2022 Flujo libre de obstrucciones<br \/>\n\u2022 Tap\u00f3n regulador V-Port (opcional) \u2013 Alta estabilidad con bajos caudales<br \/>\n\u2022 Compatible con diversas normativas<br \/>\n\u2022 Materiales de alta calidad<br \/>\n\u2022 Mantenimiento sencillo en l\u00ednea<\/p>\n<\/div><\/div><\/div><\/div><\/div><\/div><\/section>\n","protected":false},"excerpt":{"rendered":"<p><img loading=\"lazy\" decoding=\"async\" class=\"alignnone size-full wp-image-9284\" src=\"https:\/\/www.todovalvulas.com.ar\/site\/wp-content\/uploads\/2025\/01\/bermad.webp\" alt=\"\" width=\"103\" height=\"50\" \/><\/p>\n<div class=\"wrapper2\">\n<div class=\"fright\">\n<div class=\"short_desc\"><span>Controla el llenado de un dep\u00f3sito para mantener un nivel de agua constante, sin que le afecten las fluctuaciones en la demanda.\u00a0<\/span><\/div>\n<div class=\"product-box2\">\n<div class=\"clear\"><\/div>\n<\/div>\n<div class=\"clear\"><\/div>\n<\/div>\n<\/div>\n<div class=\"clear\"><\/div>\n<div class=\"example2\">\n<div class=\"tabs_show\">\n<div class=\"responsive-tabs-wrapper\">\n<div class=\"responsive-tabs responsive-tabs--enabled\"><\/div>\n<\/div>\n<\/div>\n<\/div>\n","protected":false},"featured_media":9543,"template":"","meta":{"_acf_changed":false,"_joinchat":[]},"product_brand":[],"product_cat":[65,55],"product_tag":[],"class_list":{"0":"post-9542","1":"product","2":"type-product","3":"status-publish","4":"has-post-thumbnail","6":"product_cat-controladores-de-nivel","7":"product_cat-valvulas-de-control","9":"first","10":"instock","11":"shipping-taxable","12":"product-type-simple"},"acf":[],"yoast_head":"<!-- This site is optimized with the Yoast SEO plugin v27.5 - https:\/\/yoast.com\/product\/yoast-seo-wordpress\/ -->\n<title>Piloto de nivel modulante vertical 67 - Todovalvulas<\/title>\n<meta name=\"robots\" content=\"index, follow, max-snippet:-1, max-image-preview:large, max-video-preview:-1\" \/>\n<link rel=\"canonical\" href=\"https:\/\/www.todovalvulas.com.ar\/site\/producto\/piloto-de-nivel-modulante-vertical-67\/\" \/>\n<meta property=\"og:locale\" content=\"es_ES\" \/>\n<meta property=\"og:type\" content=\"article\" \/>\n<meta property=\"og:title\" content=\"Piloto de nivel modulante vertical 67 - Todovalvulas\" \/>\n<meta property=\"og:description\" content=\"Controla el llenado de un dep\u00f3sito para mantener un nivel de agua constante, sin que le afecten las fluctuaciones en la demanda.\u00a0\" \/>\n<meta property=\"og:url\" content=\"https:\/\/www.todovalvulas.com.ar\/site\/producto\/piloto-de-nivel-modulante-vertical-67\/\" \/>\n<meta property=\"og:site_name\" content=\"Todovalvulas\" \/>\n<meta property=\"article:modified_time\" content=\"2025-04-21T19:50:42+00:00\" \/>\n<meta property=\"og:image\" content=\"https:\/\/www.todovalvulas.com.ar\/site\/wp-content\/uploads\/2025\/04\/valvula_750_67.webp\" \/>\n\t<meta property=\"og:image:width\" content=\"600\" \/>\n\t<meta property=\"og:image:height\" content=\"600\" \/>\n\t<meta property=\"og:image:type\" content=\"image\/webp\" \/>\n<meta name=\"twitter:card\" content=\"summary_large_image\" \/>\n<meta name=\"twitter:label1\" content=\"Tiempo de lectura\" \/>\n\t<meta name=\"twitter:data1\" content=\"2 minutos\" \/>\n<script type=\"application\/ld+json\" class=\"yoast-schema-graph\">{\"@context\":\"https:\\\/\\\/schema.org\",\"@graph\":[{\"@type\":\"WebPage\",\"@id\":\"https:\\\/\\\/www.todovalvulas.com.ar\\\/site\\\/producto\\\/piloto-de-nivel-modulante-vertical-67\\\/\",\"url\":\"https:\\\/\\\/www.todovalvulas.com.ar\\\/site\\\/producto\\\/piloto-de-nivel-modulante-vertical-67\\\/\",\"name\":\"Piloto de nivel modulante vertical 67 - Todovalvulas\",\"isPartOf\":{\"@id\":\"https:\\\/\\\/www.todovalvulas.com.ar\\\/site\\\/#website\"},\"primaryImageOfPage\":{\"@id\":\"https:\\\/\\\/www.todovalvulas.com.ar\\\/site\\\/producto\\\/piloto-de-nivel-modulante-vertical-67\\\/#primaryimage\"},\"image\":{\"@id\":\"https:\\\/\\\/www.todovalvulas.com.ar\\\/site\\\/producto\\\/piloto-de-nivel-modulante-vertical-67\\\/#primaryimage\"},\"thumbnailUrl\":\"https:\\\/\\\/www.todovalvulas.com.ar\\\/site\\\/wp-content\\\/uploads\\\/2025\\\/04\\\/valvula_750_67.webp\",\"datePublished\":\"2025-04-21T19:42:42+00:00\",\"dateModified\":\"2025-04-21T19:50:42+00:00\",\"breadcrumb\":{\"@id\":\"https:\\\/\\\/www.todovalvulas.com.ar\\\/site\\\/producto\\\/piloto-de-nivel-modulante-vertical-67\\\/#breadcrumb\"},\"inLanguage\":\"es-AR\",\"potentialAction\":[{\"@type\":\"ReadAction\",\"target\":[\"https:\\\/\\\/www.todovalvulas.com.ar\\\/site\\\/producto\\\/piloto-de-nivel-modulante-vertical-67\\\/\"]}]},{\"@type\":\"ImageObject\",\"inLanguage\":\"es-AR\",\"@id\":\"https:\\\/\\\/www.todovalvulas.com.ar\\\/site\\\/producto\\\/piloto-de-nivel-modulante-vertical-67\\\/#primaryimage\",\"url\":\"https:\\\/\\\/www.todovalvulas.com.ar\\\/site\\\/wp-content\\\/uploads\\\/2025\\\/04\\\/valvula_750_67.webp\",\"contentUrl\":\"https:\\\/\\\/www.todovalvulas.com.ar\\\/site\\\/wp-content\\\/uploads\\\/2025\\\/04\\\/valvula_750_67.webp\",\"width\":600,\"height\":600},{\"@type\":\"BreadcrumbList\",\"@id\":\"https:\\\/\\\/www.todovalvulas.com.ar\\\/site\\\/producto\\\/piloto-de-nivel-modulante-vertical-67\\\/#breadcrumb\",\"itemListElement\":[{\"@type\":\"ListItem\",\"position\":1,\"name\":\"Inicio\",\"item\":\"https:\\\/\\\/www.todovalvulas.com.ar\\\/site\\\/\"},{\"@type\":\"ListItem\",\"position\":2,\"name\":\"Tienda\",\"item\":\"https:\\\/\\\/www.todovalvulas.com.ar\\\/site\\\/tienda-2\\\/\"},{\"@type\":\"ListItem\",\"position\":3,\"name\":\"Piloto de nivel modulante vertical 67\"}]},{\"@type\":\"WebSite\",\"@id\":\"https:\\\/\\\/www.todovalvulas.com.ar\\\/site\\\/#website\",\"url\":\"https:\\\/\\\/www.todovalvulas.com.ar\\\/site\\\/\",\"name\":\"Todovalvulas\",\"description\":\"\",\"publisher\":{\"@id\":\"https:\\\/\\\/www.todovalvulas.com.ar\\\/site\\\/#organization\"},\"potentialAction\":[{\"@type\":\"SearchAction\",\"target\":{\"@type\":\"EntryPoint\",\"urlTemplate\":\"https:\\\/\\\/www.todovalvulas.com.ar\\\/site\\\/?s={search_term_string}\"},\"query-input\":{\"@type\":\"PropertyValueSpecification\",\"valueRequired\":true,\"valueName\":\"search_term_string\"}}],\"inLanguage\":\"es-AR\"},{\"@type\":\"Organization\",\"@id\":\"https:\\\/\\\/www.todovalvulas.com.ar\\\/site\\\/#organization\",\"name\":\"Todovalvulas\",\"url\":\"https:\\\/\\\/www.todovalvulas.com.ar\\\/site\\\/\",\"logo\":{\"@type\":\"ImageObject\",\"inLanguage\":\"es-AR\",\"@id\":\"https:\\\/\\\/www.todovalvulas.com.ar\\\/site\\\/#\\\/schema\\\/logo\\\/image\\\/\",\"url\":\"https:\\\/\\\/www.todovalvulas.com.ar\\\/site\\\/wp-content\\\/uploads\\\/2024\\\/08\\\/todovalvulas_iconoWeb.png\",\"contentUrl\":\"https:\\\/\\\/www.todovalvulas.com.ar\\\/site\\\/wp-content\\\/uploads\\\/2024\\\/08\\\/todovalvulas_iconoWeb.png\",\"width\":512,\"height\":512,\"caption\":\"Todovalvulas\"},\"image\":{\"@id\":\"https:\\\/\\\/www.todovalvulas.com.ar\\\/site\\\/#\\\/schema\\\/logo\\\/image\\\/\"},\"sameAs\":[\"https:\\\/\\\/www.instagram.com\\\/todovalvulasargentina\\\/\"]}]}<\/script>\n<!-- \/ Yoast SEO plugin. -->","yoast_head_json":{"title":"Piloto de nivel modulante vertical 67 - Todovalvulas","robots":{"index":"index","follow":"follow","max-snippet":"max-snippet:-1","max-image-preview":"max-image-preview:large","max-video-preview":"max-video-preview:-1"},"canonical":"https:\/\/www.todovalvulas.com.ar\/site\/producto\/piloto-de-nivel-modulante-vertical-67\/","og_locale":"es_ES","og_type":"article","og_title":"Piloto de nivel modulante vertical 67 - Todovalvulas","og_description":"Controla el llenado de un dep\u00f3sito para mantener un nivel de agua constante, sin que le afecten las fluctuaciones en la demanda.\u00a0","og_url":"https:\/\/www.todovalvulas.com.ar\/site\/producto\/piloto-de-nivel-modulante-vertical-67\/","og_site_name":"Todovalvulas","article_modified_time":"2025-04-21T19:50:42+00:00","og_image":[{"width":600,"height":600,"url":"https:\/\/www.todovalvulas.com.ar\/site\/wp-content\/uploads\/2025\/04\/valvula_750_67.webp","type":"image\/webp"}],"twitter_card":"summary_large_image","twitter_misc":{"Tiempo de lectura":"2 minutos"},"schema":{"@context":"https:\/\/schema.org","@graph":[{"@type":"WebPage","@id":"https:\/\/www.todovalvulas.com.ar\/site\/producto\/piloto-de-nivel-modulante-vertical-67\/","url":"https:\/\/www.todovalvulas.com.ar\/site\/producto\/piloto-de-nivel-modulante-vertical-67\/","name":"Piloto de nivel modulante vertical 67 - Todovalvulas","isPartOf":{"@id":"https:\/\/www.todovalvulas.com.ar\/site\/#website"},"primaryImageOfPage":{"@id":"https:\/\/www.todovalvulas.com.ar\/site\/producto\/piloto-de-nivel-modulante-vertical-67\/#primaryimage"},"image":{"@id":"https:\/\/www.todovalvulas.com.ar\/site\/producto\/piloto-de-nivel-modulante-vertical-67\/#primaryimage"},"thumbnailUrl":"https:\/\/www.todovalvulas.com.ar\/site\/wp-content\/uploads\/2025\/04\/valvula_750_67.webp","datePublished":"2025-04-21T19:42:42+00:00","dateModified":"2025-04-21T19:50:42+00:00","breadcrumb":{"@id":"https:\/\/www.todovalvulas.com.ar\/site\/producto\/piloto-de-nivel-modulante-vertical-67\/#breadcrumb"},"inLanguage":"es-AR","potentialAction":[{"@type":"ReadAction","target":["https:\/\/www.todovalvulas.com.ar\/site\/producto\/piloto-de-nivel-modulante-vertical-67\/"]}]},{"@type":"ImageObject","inLanguage":"es-AR","@id":"https:\/\/www.todovalvulas.com.ar\/site\/producto\/piloto-de-nivel-modulante-vertical-67\/#primaryimage","url":"https:\/\/www.todovalvulas.com.ar\/site\/wp-content\/uploads\/2025\/04\/valvula_750_67.webp","contentUrl":"https:\/\/www.todovalvulas.com.ar\/site\/wp-content\/uploads\/2025\/04\/valvula_750_67.webp","width":600,"height":600},{"@type":"BreadcrumbList","@id":"https:\/\/www.todovalvulas.com.ar\/site\/producto\/piloto-de-nivel-modulante-vertical-67\/#breadcrumb","itemListElement":[{"@type":"ListItem","position":1,"name":"Inicio","item":"https:\/\/www.todovalvulas.com.ar\/site\/"},{"@type":"ListItem","position":2,"name":"Tienda","item":"https:\/\/www.todovalvulas.com.ar\/site\/tienda-2\/"},{"@type":"ListItem","position":3,"name":"Piloto de nivel modulante vertical 67"}]},{"@type":"WebSite","@id":"https:\/\/www.todovalvulas.com.ar\/site\/#website","url":"https:\/\/www.todovalvulas.com.ar\/site\/","name":"Todovalvulas","description":"","publisher":{"@id":"https:\/\/www.todovalvulas.com.ar\/site\/#organization"},"potentialAction":[{"@type":"SearchAction","target":{"@type":"EntryPoint","urlTemplate":"https:\/\/www.todovalvulas.com.ar\/site\/?s={search_term_string}"},"query-input":{"@type":"PropertyValueSpecification","valueRequired":true,"valueName":"search_term_string"}}],"inLanguage":"es-AR"},{"@type":"Organization","@id":"https:\/\/www.todovalvulas.com.ar\/site\/#organization","name":"Todovalvulas","url":"https:\/\/www.todovalvulas.com.ar\/site\/","logo":{"@type":"ImageObject","inLanguage":"es-AR","@id":"https:\/\/www.todovalvulas.com.ar\/site\/#\/schema\/logo\/image\/","url":"https:\/\/www.todovalvulas.com.ar\/site\/wp-content\/uploads\/2024\/08\/todovalvulas_iconoWeb.png","contentUrl":"https:\/\/www.todovalvulas.com.ar\/site\/wp-content\/uploads\/2024\/08\/todovalvulas_iconoWeb.png","width":512,"height":512,"caption":"Todovalvulas"},"image":{"@id":"https:\/\/www.todovalvulas.com.ar\/site\/#\/schema\/logo\/image\/"},"sameAs":["https:\/\/www.instagram.com\/todovalvulasargentina\/"]}]}},"_links":{"self":[{"href":"https:\/\/www.todovalvulas.com.ar\/site\/wp-json\/wp\/v2\/product\/9542","targetHints":{"allow":["GET"]}}],"collection":[{"href":"https:\/\/www.todovalvulas.com.ar\/site\/wp-json\/wp\/v2\/product"}],"about":[{"href":"https:\/\/www.todovalvulas.com.ar\/site\/wp-json\/wp\/v2\/types\/product"}],"wp:featuredmedia":[{"embeddable":true,"href":"https:\/\/www.todovalvulas.com.ar\/site\/wp-json\/wp\/v2\/media\/9543"}],"wp:attachment":[{"href":"https:\/\/www.todovalvulas.com.ar\/site\/wp-json\/wp\/v2\/media?parent=9542"}],"wp:term":[{"taxonomy":"product_brand","embeddable":true,"href":"https:\/\/www.todovalvulas.com.ar\/site\/wp-json\/wp\/v2\/product_brand?post=9542"},{"taxonomy":"product_cat","embeddable":true,"href":"https:\/\/www.todovalvulas.com.ar\/site\/wp-json\/wp\/v2\/product_cat?post=9542"},{"taxonomy":"product_tag","embeddable":true,"href":"https:\/\/www.todovalvulas.com.ar\/site\/wp-json\/wp\/v2\/product_tag?post=9542"}],"curies":[{"name":"wp","href":"https:\/\/api.w.org\/{rel}","templated":true}]}}