{"id":9617,"date":"2025-06-18T10:54:41","date_gmt":"2025-06-18T13:54:41","guid":{"rendered":"http:\/\/www.todovalvulas.com.ar\/site\/?post_type=product&#038;p=9617"},"modified":"2025-06-18T10:59:35","modified_gmt":"2025-06-18T13:59:35","slug":"control-de-bomba-mn-740","status":"publish","type":"product","link":"https:\/\/www.todovalvulas.com.ar\/site\/producto\/control-de-bomba-mn-740\/","title":{"rendered":"Control de Bomba MN 740"},"content":{"rendered":"<section class=\"l-section wpb_row height_small\"><div class=\"l-section-h i-cf\"><div class=\"g-cols vc_row via_grid cols_1 laptops-cols_inherit tablets-cols_inherit mobiles-cols_1 valign_top type_default stacking_default\"><div class=\"wpb_column vc_column_container\"><div class=\"vc_column-inner\"><div class=\"wpb_text_column\"><div class=\"wpb_wrapper\"><p><span>V\u00e1lvula de retenci\u00f3n activa para control de bomba, de operaci\u00f3n hidr\u00e1ulica, que se abre completamente o se cierra en respuesta a se\u00f1ales el\u00e9ctricas. La v\u00e1lvula a\u00edsla a la bomba del resto del sistema durante el arranque y la parada, con lo cual previene los golpes de ariete en la tuber\u00eda.<\/span><br \/>\n<span>Las v\u00e1lvulas de la serie 700 de BERMAD son v\u00e1lvulas oblicuas en forma de globo, de operaci\u00f3n hidr\u00e1ulica y accionadas por diafragma, con un conjunto de asiento y actuador de c\u00e1mara doble que puede desmontarse del cuerpo como una pieza integral. El cuerpo hidrodin\u00e1mico de la v\u00e1lvula ha sido dise\u00f1ado para una trayectoria de flujo sin obstrucciones con alta capacidad de caudal. Estas v\u00e1lvulas est\u00e1n disponibles en configuraci\u00f3n est\u00e1ndar o con control de flujo independiente (c\u00f3digo \u201c2S\u201d) Se fabrican con materiales de la m\u00e1s alta calidad, adecuados para aplicaciones de miner\u00eda.<\/span><\/p>\n<\/div><\/div><\/div><\/div><\/div><\/div><\/section>\n","protected":false},"excerpt":{"rendered":"<p><img loading=\"lazy\" decoding=\"async\" class=\"alignnone size-full wp-image-9284\" src=\"https:\/\/www.todovalvulas.com.ar\/site\/wp-content\/uploads\/2025\/01\/bermad.webp\" alt=\"\" width=\"103\" height=\"50\" \/><\/p>\n<div class=\"wrapper2\">\n<div class=\"fright\">\n<div class=\"short_desc\"><span>La v\u00e1lvula a\u00edsla a la bomba del resto del sistema durante el arranque y la parada, con lo cual previene los golpes de ariete en la tuber\u00eda.<\/span><\/div>\n<div class=\"product-box2\">\n<div class=\"clear\"><\/div>\n<\/div>\n<div class=\"clear\"><\/div>\n<\/div>\n<\/div>\n<div class=\"clear\"><\/div>\n<div class=\"example2\">\n<div class=\"tabs_show\">\n<div class=\"responsive-tabs-wrapper\">\n<div class=\"responsive-tabs responsive-tabs--enabled\"><\/div>\n<\/div>\n<\/div>\n<\/div>\n","protected":false},"featured_media":9609,"template":"","meta":{"_acf_changed":false,"_joinchat":[]},"product_brand":[],"product_cat":[84,89,90,85],"product_tag":[],"class_list":{"0":"post-9617","1":"product","2":"type-product","3":"status-publish","4":"has-post-thumbnail","6":"product_cat-industria-litio","7":"product_cat-industria-metalifera","8":"product_cat-valvulas-industria-metalifera","9":"product_cat-valvulas-industria-litio","11":"first","12":"instock","13":"shipping-taxable","14":"product-type-simple"},"acf":[],"yoast_head":"<!-- This site is optimized with the Yoast SEO plugin v27.5 - https:\/\/yoast.com\/product\/yoast-seo-wordpress\/ -->\n<title>Control de Bomba MN 740 - Todovalvulas<\/title>\n<meta name=\"robots\" content=\"index, follow, max-snippet:-1, max-image-preview:large, max-video-preview:-1\" \/>\n<link rel=\"canonical\" href=\"https:\/\/www.todovalvulas.com.ar\/site\/producto\/control-de-bomba-mn-740\/\" \/>\n<meta property=\"og:locale\" content=\"es_ES\" \/>\n<meta property=\"og:type\" content=\"article\" \/>\n<meta property=\"og:title\" content=\"Control de Bomba MN 740 - Todovalvulas\" \/>\n<meta property=\"og:description\" content=\"La v\u00e1lvula a\u00edsla a la bomba del resto del sistema durante el arranque y la parada, con lo cual previene los golpes de ariete en la tuber\u00eda.\" \/>\n<meta property=\"og:url\" content=\"https:\/\/www.todovalvulas.com.ar\/site\/producto\/control-de-bomba-mn-740\/\" \/>\n<meta property=\"og:site_name\" content=\"Todovalvulas\" \/>\n<meta property=\"article:modified_time\" content=\"2025-06-18T13:59:35+00:00\" \/>\n<meta property=\"og:image\" content=\"https:\/\/www.todovalvulas.com.ar\/site\/wp-content\/uploads\/2025\/06\/MN_740.webp\" \/>\n\t<meta property=\"og:image:width\" content=\"600\" \/>\n\t<meta property=\"og:image:height\" content=\"600\" \/>\n\t<meta property=\"og:image:type\" content=\"image\/webp\" \/>\n<meta name=\"twitter:card\" content=\"summary_large_image\" \/>\n<meta name=\"twitter:label1\" content=\"Tiempo de lectura\" \/>\n\t<meta name=\"twitter:data1\" content=\"1 minuto\" \/>\n<script type=\"application\/ld+json\" class=\"yoast-schema-graph\">{\"@context\":\"https:\\\/\\\/schema.org\",\"@graph\":[{\"@type\":\"WebPage\",\"@id\":\"https:\\\/\\\/www.todovalvulas.com.ar\\\/site\\\/producto\\\/control-de-bomba-mn-740\\\/\",\"url\":\"https:\\\/\\\/www.todovalvulas.com.ar\\\/site\\\/producto\\\/control-de-bomba-mn-740\\\/\",\"name\":\"Control de Bomba MN 740 - Todovalvulas\",\"isPartOf\":{\"@id\":\"https:\\\/\\\/www.todovalvulas.com.ar\\\/site\\\/#website\"},\"primaryImageOfPage\":{\"@id\":\"https:\\\/\\\/www.todovalvulas.com.ar\\\/site\\\/producto\\\/control-de-bomba-mn-740\\\/#primaryimage\"},\"image\":{\"@id\":\"https:\\\/\\\/www.todovalvulas.com.ar\\\/site\\\/producto\\\/control-de-bomba-mn-740\\\/#primaryimage\"},\"thumbnailUrl\":\"https:\\\/\\\/www.todovalvulas.com.ar\\\/site\\\/wp-content\\\/uploads\\\/2025\\\/06\\\/MN_740.webp\",\"datePublished\":\"2025-06-18T13:54:41+00:00\",\"dateModified\":\"2025-06-18T13:59:35+00:00\",\"breadcrumb\":{\"@id\":\"https:\\\/\\\/www.todovalvulas.com.ar\\\/site\\\/producto\\\/control-de-bomba-mn-740\\\/#breadcrumb\"},\"inLanguage\":\"es-AR\",\"potentialAction\":[{\"@type\":\"ReadAction\",\"target\":[\"https:\\\/\\\/www.todovalvulas.com.ar\\\/site\\\/producto\\\/control-de-bomba-mn-740\\\/\"]}]},{\"@type\":\"ImageObject\",\"inLanguage\":\"es-AR\",\"@id\":\"https:\\\/\\\/www.todovalvulas.com.ar\\\/site\\\/producto\\\/control-de-bomba-mn-740\\\/#primaryimage\",\"url\":\"https:\\\/\\\/www.todovalvulas.com.ar\\\/site\\\/wp-content\\\/uploads\\\/2025\\\/06\\\/MN_740.webp\",\"contentUrl\":\"https:\\\/\\\/www.todovalvulas.com.ar\\\/site\\\/wp-content\\\/uploads\\\/2025\\\/06\\\/MN_740.webp\",\"width\":600,\"height\":600},{\"@type\":\"BreadcrumbList\",\"@id\":\"https:\\\/\\\/www.todovalvulas.com.ar\\\/site\\\/producto\\\/control-de-bomba-mn-740\\\/#breadcrumb\",\"itemListElement\":[{\"@type\":\"ListItem\",\"position\":1,\"name\":\"Inicio\",\"item\":\"https:\\\/\\\/www.todovalvulas.com.ar\\\/site\\\/\"},{\"@type\":\"ListItem\",\"position\":2,\"name\":\"Tienda\",\"item\":\"https:\\\/\\\/www.todovalvulas.com.ar\\\/site\\\/tienda-2\\\/\"},{\"@type\":\"ListItem\",\"position\":3,\"name\":\"Control de Bomba MN 740\"}]},{\"@type\":\"WebSite\",\"@id\":\"https:\\\/\\\/www.todovalvulas.com.ar\\\/site\\\/#website\",\"url\":\"https:\\\/\\\/www.todovalvulas.com.ar\\\/site\\\/\",\"name\":\"Todovalvulas\",\"description\":\"\",\"publisher\":{\"@id\":\"https:\\\/\\\/www.todovalvulas.com.ar\\\/site\\\/#organization\"},\"potentialAction\":[{\"@type\":\"SearchAction\",\"target\":{\"@type\":\"EntryPoint\",\"urlTemplate\":\"https:\\\/\\\/www.todovalvulas.com.ar\\\/site\\\/?s={search_term_string}\"},\"query-input\":{\"@type\":\"PropertyValueSpecification\",\"valueRequired\":true,\"valueName\":\"search_term_string\"}}],\"inLanguage\":\"es-AR\"},{\"@type\":\"Organization\",\"@id\":\"https:\\\/\\\/www.todovalvulas.com.ar\\\/site\\\/#organization\",\"name\":\"Todovalvulas\",\"url\":\"https:\\\/\\\/www.todovalvulas.com.ar\\\/site\\\/\",\"logo\":{\"@type\":\"ImageObject\",\"inLanguage\":\"es-AR\",\"@id\":\"https:\\\/\\\/www.todovalvulas.com.ar\\\/site\\\/#\\\/schema\\\/logo\\\/image\\\/\",\"url\":\"https:\\\/\\\/www.todovalvulas.com.ar\\\/site\\\/wp-content\\\/uploads\\\/2024\\\/08\\\/todovalvulas_iconoWeb.png\",\"contentUrl\":\"https:\\\/\\\/www.todovalvulas.com.ar\\\/site\\\/wp-content\\\/uploads\\\/2024\\\/08\\\/todovalvulas_iconoWeb.png\",\"width\":512,\"height\":512,\"caption\":\"Todovalvulas\"},\"image\":{\"@id\":\"https:\\\/\\\/www.todovalvulas.com.ar\\\/site\\\/#\\\/schema\\\/logo\\\/image\\\/\"},\"sameAs\":[\"https:\\\/\\\/www.instagram.com\\\/todovalvulasargentina\\\/\"]}]}<\/script>\n<!-- \/ Yoast SEO plugin. -->","yoast_head_json":{"title":"Control de Bomba MN 740 - Todovalvulas","robots":{"index":"index","follow":"follow","max-snippet":"max-snippet:-1","max-image-preview":"max-image-preview:large","max-video-preview":"max-video-preview:-1"},"canonical":"https:\/\/www.todovalvulas.com.ar\/site\/producto\/control-de-bomba-mn-740\/","og_locale":"es_ES","og_type":"article","og_title":"Control de Bomba MN 740 - Todovalvulas","og_description":"La v\u00e1lvula a\u00edsla a la bomba del resto del sistema durante el arranque y la parada, con lo cual previene los golpes de ariete en la tuber\u00eda.","og_url":"https:\/\/www.todovalvulas.com.ar\/site\/producto\/control-de-bomba-mn-740\/","og_site_name":"Todovalvulas","article_modified_time":"2025-06-18T13:59:35+00:00","og_image":[{"width":600,"height":600,"url":"https:\/\/www.todovalvulas.com.ar\/site\/wp-content\/uploads\/2025\/06\/MN_740.webp","type":"image\/webp"}],"twitter_card":"summary_large_image","twitter_misc":{"Tiempo de lectura":"1 minuto"},"schema":{"@context":"https:\/\/schema.org","@graph":[{"@type":"WebPage","@id":"https:\/\/www.todovalvulas.com.ar\/site\/producto\/control-de-bomba-mn-740\/","url":"https:\/\/www.todovalvulas.com.ar\/site\/producto\/control-de-bomba-mn-740\/","name":"Control de Bomba MN 740 - Todovalvulas","isPartOf":{"@id":"https:\/\/www.todovalvulas.com.ar\/site\/#website"},"primaryImageOfPage":{"@id":"https:\/\/www.todovalvulas.com.ar\/site\/producto\/control-de-bomba-mn-740\/#primaryimage"},"image":{"@id":"https:\/\/www.todovalvulas.com.ar\/site\/producto\/control-de-bomba-mn-740\/#primaryimage"},"thumbnailUrl":"https:\/\/www.todovalvulas.com.ar\/site\/wp-content\/uploads\/2025\/06\/MN_740.webp","datePublished":"2025-06-18T13:54:41+00:00","dateModified":"2025-06-18T13:59:35+00:00","breadcrumb":{"@id":"https:\/\/www.todovalvulas.com.ar\/site\/producto\/control-de-bomba-mn-740\/#breadcrumb"},"inLanguage":"es-AR","potentialAction":[{"@type":"ReadAction","target":["https:\/\/www.todovalvulas.com.ar\/site\/producto\/control-de-bomba-mn-740\/"]}]},{"@type":"ImageObject","inLanguage":"es-AR","@id":"https:\/\/www.todovalvulas.com.ar\/site\/producto\/control-de-bomba-mn-740\/#primaryimage","url":"https:\/\/www.todovalvulas.com.ar\/site\/wp-content\/uploads\/2025\/06\/MN_740.webp","contentUrl":"https:\/\/www.todovalvulas.com.ar\/site\/wp-content\/uploads\/2025\/06\/MN_740.webp","width":600,"height":600},{"@type":"BreadcrumbList","@id":"https:\/\/www.todovalvulas.com.ar\/site\/producto\/control-de-bomba-mn-740\/#breadcrumb","itemListElement":[{"@type":"ListItem","position":1,"name":"Inicio","item":"https:\/\/www.todovalvulas.com.ar\/site\/"},{"@type":"ListItem","position":2,"name":"Tienda","item":"https:\/\/www.todovalvulas.com.ar\/site\/tienda-2\/"},{"@type":"ListItem","position":3,"name":"Control de Bomba MN 740"}]},{"@type":"WebSite","@id":"https:\/\/www.todovalvulas.com.ar\/site\/#website","url":"https:\/\/www.todovalvulas.com.ar\/site\/","name":"Todovalvulas","description":"","publisher":{"@id":"https:\/\/www.todovalvulas.com.ar\/site\/#organization"},"potentialAction":[{"@type":"SearchAction","target":{"@type":"EntryPoint","urlTemplate":"https:\/\/www.todovalvulas.com.ar\/site\/?s={search_term_string}"},"query-input":{"@type":"PropertyValueSpecification","valueRequired":true,"valueName":"search_term_string"}}],"inLanguage":"es-AR"},{"@type":"Organization","@id":"https:\/\/www.todovalvulas.com.ar\/site\/#organization","name":"Todovalvulas","url":"https:\/\/www.todovalvulas.com.ar\/site\/","logo":{"@type":"ImageObject","inLanguage":"es-AR","@id":"https:\/\/www.todovalvulas.com.ar\/site\/#\/schema\/logo\/image\/","url":"https:\/\/www.todovalvulas.com.ar\/site\/wp-content\/uploads\/2024\/08\/todovalvulas_iconoWeb.png","contentUrl":"https:\/\/www.todovalvulas.com.ar\/site\/wp-content\/uploads\/2024\/08\/todovalvulas_iconoWeb.png","width":512,"height":512,"caption":"Todovalvulas"},"image":{"@id":"https:\/\/www.todovalvulas.com.ar\/site\/#\/schema\/logo\/image\/"},"sameAs":["https:\/\/www.instagram.com\/todovalvulasargentina\/"]}]}},"_links":{"self":[{"href":"https:\/\/www.todovalvulas.com.ar\/site\/wp-json\/wp\/v2\/product\/9617","targetHints":{"allow":["GET"]}}],"collection":[{"href":"https:\/\/www.todovalvulas.com.ar\/site\/wp-json\/wp\/v2\/product"}],"about":[{"href":"https:\/\/www.todovalvulas.com.ar\/site\/wp-json\/wp\/v2\/types\/product"}],"wp:featuredmedia":[{"embeddable":true,"href":"https:\/\/www.todovalvulas.com.ar\/site\/wp-json\/wp\/v2\/media\/9609"}],"wp:attachment":[{"href":"https:\/\/www.todovalvulas.com.ar\/site\/wp-json\/wp\/v2\/media?parent=9617"}],"wp:term":[{"taxonomy":"product_brand","embeddable":true,"href":"https:\/\/www.todovalvulas.com.ar\/site\/wp-json\/wp\/v2\/product_brand?post=9617"},{"taxonomy":"product_cat","embeddable":true,"href":"https:\/\/www.todovalvulas.com.ar\/site\/wp-json\/wp\/v2\/product_cat?post=9617"},{"taxonomy":"product_tag","embeddable":true,"href":"https:\/\/www.todovalvulas.com.ar\/site\/wp-json\/wp\/v2\/product_tag?post=9617"}],"curies":[{"name":"wp","href":"https:\/\/api.w.org\/{rel}","templated":true}]}}