{"id":9966,"date":"2026-03-04T12:31:09","date_gmt":"2026-03-04T15:31:09","guid":{"rendered":"http:\/\/www.todovalvulas.com.ar\/site\/?post_type=product&#038;p=9966"},"modified":"2026-03-24T11:43:09","modified_gmt":"2026-03-24T14:43:09","slug":"mut1222-mc406","status":"publish","type":"product","link":"https:\/\/www.todovalvulas.com.ar\/site\/producto\/mut1222-mc406\/","title":{"rendered":"MUT1222-MC406"},"content":{"rendered":"<section class=\"l-section wpb_row height_small\"><div class=\"l-section-h i-cf\"><div class=\"g-cols vc_row via_grid cols_1 laptops-cols_inherit tablets-cols_inherit mobiles-cols_1 valign_top type_default stacking_default\"><div class=\"wpb_column vc_column_container\"><div class=\"vc_column-inner\"><div class=\"wpb_text_column\"><div class=\"wpb_wrapper\"><p>El MUT1222 con MC406 es un caudal\u00edmetro electromagn\u00e9tico de inserci\u00f3n alimentado por bater\u00eda para su uso en sistemas de gesti\u00f3n de redes de agua, control de fugas, medici\u00f3n de distritos, estudios de caudal, perfilado y muchas otras aplicaciones. La alternativa MUT1222 est\u00e1 disponible en tres tama\u00f1os diferentes (peque\u00f1o, mediano y grande) adecuados para su uso en tuber\u00edas desde DN50 hasta DN2600 (2\u201d-102\u201d respectivamente). Ofreciendo una medici\u00f3n bidireccional de alta precisi\u00f3n para la distribuci\u00f3n de agua y tuber\u00edas de agua bruta, el medidor de inserci\u00f3n es robusto y no tiene partes m\u00f3viles, por lo tanto, es confiable y adecuado para medir una amplia gama de caudales. El MUT1222 puede utilizarse como un instrumento port\u00e1til o dedicado\/permanente; con su aplicaci\u00f3n de \u201chop tapping\u201d es muy f\u00e1cil y r\u00e1pido de instalar sin necesidad de detener el flujo bajo condiciones de presi\u00f3n de trabajo total. Con sensores opcionales de presi\u00f3n y temperatura, m\u00f3dem GSM\/GPRS integrado y fuente de alimentaci\u00f3n de 12\u202624Vdc, el medidor de inserci\u00f3n es una alternativa rentable a los medidores de paso total.<\/p>\n<\/div><\/div><\/div><\/div><\/div><\/div><\/section>\n","protected":false},"excerpt":{"rendered":"<p><img loading=\"lazy\" decoding=\"async\" class=\"alignnone size-full wp-image-9284\" src=\"https:\/\/www.todovalvulas.com.ar\/site\/wp-content\/uploads\/2025\/01\/bermad.webp\" alt=\"\" width=\"103\" height=\"50\" \/><\/p>\n<p>EFM de inserci\u00f3n alimentado por corriente continua<\/p>\n<p>&nbsp;<\/p>\n","protected":false},"featured_media":9967,"template":"","meta":{"_acf_changed":false,"_joinchat":[]},"product_brand":[],"product_cat":[112,86,92,81,70,72,79,84,89],"product_tag":[],"class_list":{"0":"post-9966","1":"product","2":"type-product","3":"status-publish","4":"has-post-thumbnail","6":"product_cat-agua-y-saneamiento","7":"product_cat-caudalimetros-industria-litio","8":"product_cat-caudalimetros-industria-metalifera","9":"product_cat-caudalimetros-industria-general","10":"product_cat-caudalimetros","11":"product_cat-electromagneticos","12":"product_cat-industria-general","13":"product_cat-industria-litio","14":"product_cat-industria-metalifera","16":"first","17":"instock","18":"shipping-taxable","19":"product-type-simple"},"acf":[],"yoast_head":"<!-- This site is optimized with the Yoast SEO plugin v27.5 - https:\/\/yoast.com\/product\/yoast-seo-wordpress\/ -->\n<title>MUT1222-MC406 - Todovalvulas<\/title>\n<meta name=\"robots\" content=\"index, follow, max-snippet:-1, max-image-preview:large, max-video-preview:-1\" \/>\n<link rel=\"canonical\" href=\"https:\/\/www.todovalvulas.com.ar\/site\/producto\/mut1222-mc406\/\" \/>\n<meta property=\"og:locale\" content=\"es_ES\" \/>\n<meta property=\"og:type\" content=\"article\" \/>\n<meta property=\"og:title\" content=\"MUT1222-MC406 - Todovalvulas\" \/>\n<meta property=\"og:description\" content=\"EFM de inserci\u00f3n alimentado por corriente continua  &nbsp;\" \/>\n<meta property=\"og:url\" content=\"https:\/\/www.todovalvulas.com.ar\/site\/producto\/mut1222-mc406\/\" \/>\n<meta property=\"og:site_name\" content=\"Todovalvulas\" \/>\n<meta property=\"article:modified_time\" content=\"2026-03-24T14:43:09+00:00\" \/>\n<meta property=\"og:image\" content=\"https:\/\/www.todovalvulas.com.ar\/site\/wp-content\/uploads\/2026\/03\/caudalimetro_Mut1222_Mc406.webp\" \/>\n\t<meta property=\"og:image:width\" content=\"600\" \/>\n\t<meta property=\"og:image:height\" content=\"600\" \/>\n\t<meta property=\"og:image:type\" content=\"image\/webp\" \/>\n<meta name=\"twitter:card\" content=\"summary_large_image\" \/>\n<meta name=\"twitter:label1\" content=\"Tiempo de lectura\" \/>\n\t<meta name=\"twitter:data1\" content=\"1 minuto\" \/>\n<script type=\"application\/ld+json\" class=\"yoast-schema-graph\">{\"@context\":\"https:\\\/\\\/schema.org\",\"@graph\":[{\"@type\":\"WebPage\",\"@id\":\"https:\\\/\\\/www.todovalvulas.com.ar\\\/site\\\/producto\\\/mut1222-mc406\\\/\",\"url\":\"https:\\\/\\\/www.todovalvulas.com.ar\\\/site\\\/producto\\\/mut1222-mc406\\\/\",\"name\":\"MUT1222-MC406 - Todovalvulas\",\"isPartOf\":{\"@id\":\"https:\\\/\\\/www.todovalvulas.com.ar\\\/site\\\/#website\"},\"primaryImageOfPage\":{\"@id\":\"https:\\\/\\\/www.todovalvulas.com.ar\\\/site\\\/producto\\\/mut1222-mc406\\\/#primaryimage\"},\"image\":{\"@id\":\"https:\\\/\\\/www.todovalvulas.com.ar\\\/site\\\/producto\\\/mut1222-mc406\\\/#primaryimage\"},\"thumbnailUrl\":\"https:\\\/\\\/www.todovalvulas.com.ar\\\/site\\\/wp-content\\\/uploads\\\/2026\\\/03\\\/caudalimetro_Mut1222_Mc406.webp\",\"datePublished\":\"2026-03-04T15:31:09+00:00\",\"dateModified\":\"2026-03-24T14:43:09+00:00\",\"breadcrumb\":{\"@id\":\"https:\\\/\\\/www.todovalvulas.com.ar\\\/site\\\/producto\\\/mut1222-mc406\\\/#breadcrumb\"},\"inLanguage\":\"es-AR\",\"potentialAction\":[{\"@type\":\"ReadAction\",\"target\":[\"https:\\\/\\\/www.todovalvulas.com.ar\\\/site\\\/producto\\\/mut1222-mc406\\\/\"]}]},{\"@type\":\"ImageObject\",\"inLanguage\":\"es-AR\",\"@id\":\"https:\\\/\\\/www.todovalvulas.com.ar\\\/site\\\/producto\\\/mut1222-mc406\\\/#primaryimage\",\"url\":\"https:\\\/\\\/www.todovalvulas.com.ar\\\/site\\\/wp-content\\\/uploads\\\/2026\\\/03\\\/caudalimetro_Mut1222_Mc406.webp\",\"contentUrl\":\"https:\\\/\\\/www.todovalvulas.com.ar\\\/site\\\/wp-content\\\/uploads\\\/2026\\\/03\\\/caudalimetro_Mut1222_Mc406.webp\",\"width\":600,\"height\":600},{\"@type\":\"BreadcrumbList\",\"@id\":\"https:\\\/\\\/www.todovalvulas.com.ar\\\/site\\\/producto\\\/mut1222-mc406\\\/#breadcrumb\",\"itemListElement\":[{\"@type\":\"ListItem\",\"position\":1,\"name\":\"Inicio\",\"item\":\"https:\\\/\\\/www.todovalvulas.com.ar\\\/site\\\/\"},{\"@type\":\"ListItem\",\"position\":2,\"name\":\"Tienda\",\"item\":\"https:\\\/\\\/www.todovalvulas.com.ar\\\/site\\\/tienda-2\\\/\"},{\"@type\":\"ListItem\",\"position\":3,\"name\":\"MUT1222-MC406\"}]},{\"@type\":\"WebSite\",\"@id\":\"https:\\\/\\\/www.todovalvulas.com.ar\\\/site\\\/#website\",\"url\":\"https:\\\/\\\/www.todovalvulas.com.ar\\\/site\\\/\",\"name\":\"Todovalvulas\",\"description\":\"\",\"publisher\":{\"@id\":\"https:\\\/\\\/www.todovalvulas.com.ar\\\/site\\\/#organization\"},\"potentialAction\":[{\"@type\":\"SearchAction\",\"target\":{\"@type\":\"EntryPoint\",\"urlTemplate\":\"https:\\\/\\\/www.todovalvulas.com.ar\\\/site\\\/?s={search_term_string}\"},\"query-input\":{\"@type\":\"PropertyValueSpecification\",\"valueRequired\":true,\"valueName\":\"search_term_string\"}}],\"inLanguage\":\"es-AR\"},{\"@type\":\"Organization\",\"@id\":\"https:\\\/\\\/www.todovalvulas.com.ar\\\/site\\\/#organization\",\"name\":\"Todovalvulas\",\"url\":\"https:\\\/\\\/www.todovalvulas.com.ar\\\/site\\\/\",\"logo\":{\"@type\":\"ImageObject\",\"inLanguage\":\"es-AR\",\"@id\":\"https:\\\/\\\/www.todovalvulas.com.ar\\\/site\\\/#\\\/schema\\\/logo\\\/image\\\/\",\"url\":\"https:\\\/\\\/www.todovalvulas.com.ar\\\/site\\\/wp-content\\\/uploads\\\/2024\\\/08\\\/todovalvulas_iconoWeb.png\",\"contentUrl\":\"https:\\\/\\\/www.todovalvulas.com.ar\\\/site\\\/wp-content\\\/uploads\\\/2024\\\/08\\\/todovalvulas_iconoWeb.png\",\"width\":512,\"height\":512,\"caption\":\"Todovalvulas\"},\"image\":{\"@id\":\"https:\\\/\\\/www.todovalvulas.com.ar\\\/site\\\/#\\\/schema\\\/logo\\\/image\\\/\"},\"sameAs\":[\"https:\\\/\\\/www.instagram.com\\\/todovalvulasargentina\\\/\"]}]}<\/script>\n<!-- \/ Yoast SEO plugin. -->","yoast_head_json":{"title":"MUT1222-MC406 - Todovalvulas","robots":{"index":"index","follow":"follow","max-snippet":"max-snippet:-1","max-image-preview":"max-image-preview:large","max-video-preview":"max-video-preview:-1"},"canonical":"https:\/\/www.todovalvulas.com.ar\/site\/producto\/mut1222-mc406\/","og_locale":"es_ES","og_type":"article","og_title":"MUT1222-MC406 - Todovalvulas","og_description":"EFM de inserci\u00f3n alimentado por corriente continua  &nbsp;","og_url":"https:\/\/www.todovalvulas.com.ar\/site\/producto\/mut1222-mc406\/","og_site_name":"Todovalvulas","article_modified_time":"2026-03-24T14:43:09+00:00","og_image":[{"width":600,"height":600,"url":"https:\/\/www.todovalvulas.com.ar\/site\/wp-content\/uploads\/2026\/03\/caudalimetro_Mut1222_Mc406.webp","type":"image\/webp"}],"twitter_card":"summary_large_image","twitter_misc":{"Tiempo de lectura":"1 minuto"},"schema":{"@context":"https:\/\/schema.org","@graph":[{"@type":"WebPage","@id":"https:\/\/www.todovalvulas.com.ar\/site\/producto\/mut1222-mc406\/","url":"https:\/\/www.todovalvulas.com.ar\/site\/producto\/mut1222-mc406\/","name":"MUT1222-MC406 - Todovalvulas","isPartOf":{"@id":"https:\/\/www.todovalvulas.com.ar\/site\/#website"},"primaryImageOfPage":{"@id":"https:\/\/www.todovalvulas.com.ar\/site\/producto\/mut1222-mc406\/#primaryimage"},"image":{"@id":"https:\/\/www.todovalvulas.com.ar\/site\/producto\/mut1222-mc406\/#primaryimage"},"thumbnailUrl":"https:\/\/www.todovalvulas.com.ar\/site\/wp-content\/uploads\/2026\/03\/caudalimetro_Mut1222_Mc406.webp","datePublished":"2026-03-04T15:31:09+00:00","dateModified":"2026-03-24T14:43:09+00:00","breadcrumb":{"@id":"https:\/\/www.todovalvulas.com.ar\/site\/producto\/mut1222-mc406\/#breadcrumb"},"inLanguage":"es-AR","potentialAction":[{"@type":"ReadAction","target":["https:\/\/www.todovalvulas.com.ar\/site\/producto\/mut1222-mc406\/"]}]},{"@type":"ImageObject","inLanguage":"es-AR","@id":"https:\/\/www.todovalvulas.com.ar\/site\/producto\/mut1222-mc406\/#primaryimage","url":"https:\/\/www.todovalvulas.com.ar\/site\/wp-content\/uploads\/2026\/03\/caudalimetro_Mut1222_Mc406.webp","contentUrl":"https:\/\/www.todovalvulas.com.ar\/site\/wp-content\/uploads\/2026\/03\/caudalimetro_Mut1222_Mc406.webp","width":600,"height":600},{"@type":"BreadcrumbList","@id":"https:\/\/www.todovalvulas.com.ar\/site\/producto\/mut1222-mc406\/#breadcrumb","itemListElement":[{"@type":"ListItem","position":1,"name":"Inicio","item":"https:\/\/www.todovalvulas.com.ar\/site\/"},{"@type":"ListItem","position":2,"name":"Tienda","item":"https:\/\/www.todovalvulas.com.ar\/site\/tienda-2\/"},{"@type":"ListItem","position":3,"name":"MUT1222-MC406"}]},{"@type":"WebSite","@id":"https:\/\/www.todovalvulas.com.ar\/site\/#website","url":"https:\/\/www.todovalvulas.com.ar\/site\/","name":"Todovalvulas","description":"","publisher":{"@id":"https:\/\/www.todovalvulas.com.ar\/site\/#organization"},"potentialAction":[{"@type":"SearchAction","target":{"@type":"EntryPoint","urlTemplate":"https:\/\/www.todovalvulas.com.ar\/site\/?s={search_term_string}"},"query-input":{"@type":"PropertyValueSpecification","valueRequired":true,"valueName":"search_term_string"}}],"inLanguage":"es-AR"},{"@type":"Organization","@id":"https:\/\/www.todovalvulas.com.ar\/site\/#organization","name":"Todovalvulas","url":"https:\/\/www.todovalvulas.com.ar\/site\/","logo":{"@type":"ImageObject","inLanguage":"es-AR","@id":"https:\/\/www.todovalvulas.com.ar\/site\/#\/schema\/logo\/image\/","url":"https:\/\/www.todovalvulas.com.ar\/site\/wp-content\/uploads\/2024\/08\/todovalvulas_iconoWeb.png","contentUrl":"https:\/\/www.todovalvulas.com.ar\/site\/wp-content\/uploads\/2024\/08\/todovalvulas_iconoWeb.png","width":512,"height":512,"caption":"Todovalvulas"},"image":{"@id":"https:\/\/www.todovalvulas.com.ar\/site\/#\/schema\/logo\/image\/"},"sameAs":["https:\/\/www.instagram.com\/todovalvulasargentina\/"]}]}},"_links":{"self":[{"href":"https:\/\/www.todovalvulas.com.ar\/site\/wp-json\/wp\/v2\/product\/9966","targetHints":{"allow":["GET"]}}],"collection":[{"href":"https:\/\/www.todovalvulas.com.ar\/site\/wp-json\/wp\/v2\/product"}],"about":[{"href":"https:\/\/www.todovalvulas.com.ar\/site\/wp-json\/wp\/v2\/types\/product"}],"wp:featuredmedia":[{"embeddable":true,"href":"https:\/\/www.todovalvulas.com.ar\/site\/wp-json\/wp\/v2\/media\/9967"}],"wp:attachment":[{"href":"https:\/\/www.todovalvulas.com.ar\/site\/wp-json\/wp\/v2\/media?parent=9966"}],"wp:term":[{"taxonomy":"product_brand","embeddable":true,"href":"https:\/\/www.todovalvulas.com.ar\/site\/wp-json\/wp\/v2\/product_brand?post=9966"},{"taxonomy":"product_cat","embeddable":true,"href":"https:\/\/www.todovalvulas.com.ar\/site\/wp-json\/wp\/v2\/product_cat?post=9966"},{"taxonomy":"product_tag","embeddable":true,"href":"https:\/\/www.todovalvulas.com.ar\/site\/wp-json\/wp\/v2\/product_tag?post=9966"}],"curies":[{"name":"wp","href":"https:\/\/api.w.org\/{rel}","templated":true}]}}